{"id":11662,"date":"2022-12-04T13:49:44","date_gmt":"2022-12-04T12:49:44","guid":{"rendered":"https:\/\/antea-int.com\/?page_id=11662"},"modified":"2024-07-09T09:14:49","modified_gmt":"2024-07-09T08:14:49","slug":"politica-de-privacidad","status":"publish","type":"page","link":"https:\/\/antea-int.com\/es\/politica-de-privacidad\/","title":{"rendered":"Pol\u00edtica de Privacidad"},"content":{"rendered":"<div class=\"vce-row-container\" data-vce-boxed-width=\"true\"><div class=\"vce-row vce-row--col-gap-30 vce-row-equal-height vce-row-content--top\" id=\"el-37f98255\" data-vce-do-apply=\"all el-37f98255\"><div class=\"vce-row-content\" data-vce-element-content=\"true\"><div class=\"vce-col vce-col--md-auto vce-col--xs-1 vce-col--xs-last vce-col--xs-first vce-col--sm-last vce-col--sm-first vce-col--md-last vce-col--lg-last vce-col--xl-last vce-col--md-first vce-col--lg-first vce-col--xl-first\" id=\"el-6b41f8fc\"><div class=\"vce-col-inner\" data-vce-do-apply=\"border margin background  el-6b41f8fc\"><div class=\"vce-col-content\" data-vce-element-content=\"true\" data-vce-do-apply=\"padding el-6b41f8fc\"><div class=\"vce-text-block bg-white\"><div class=\"vce-text-block-wrapper vce\" id=\"el-59b018d0\" data-vce-do-apply=\"all el-59b018d0\"><h1><strong>POL\u00cdTICA DE PRIVACIDAD<\/strong><\/h1><h2>1. Responsable del tratamiento<\/h2><ul><li>Titular: ANTEA Alianza de Firmas Independientes<\/li><li>Domicilio: Mallorca, 260 \u00c1tico, 08008 \u2013 Barcelona, Espa\u00f1a<\/li><li>NIF: G64979966<\/li><li>Tel\u00e9fono: <a href=\"tel:+34932155989\">+34 93 215 59 89<\/a><\/li><li>Fax: <a href=\"fax:+34934872876\">+34 93 487 28 76<\/a><\/li><li>Email: <a href=\"mailto:info@antea-int.com\">info@antea-int.com<\/a><\/li><\/ul><h2><strong>2. Categor\u00edas de datos <\/strong><\/h2><p>El presente sitio web recopila la siguiente informaci\u00f3n de los usuarios:<\/p><ul><li><strong>Informaci\u00f3n proporcionada por los usuarios:<\/strong><br>Como el nombre de la empresa, nombre de la persona de contacto, n\u00famero de tel\u00e9fono, el correo electr\u00f3nico, ciudad y pa\u00eds para tramitar la solicitud remitida a trav\u00e9s de los dos formularios dispuestos en el sitio web, adem\u00e1s de cualquier otro dato que los interesados deseen facilitar en el campo del Mensaje en dichos formularios.<\/li><\/ul><ul><li><strong>Informaci\u00f3n recopilada autom\u00e1ticamente: <\/strong>en este sitio web se registran y almacena cierta informaci\u00f3n sobre su dispositivo o sistema mediante el empleo de la tecnolog\u00eda de cookies. Si desea conocer qu\u00e9 son las cookies, c\u00f3mo funcionan, cu\u00e1les y c\u00f3mo las utilizamos, recomendamos que consulte nuestra <a href=\"https:\/\/antea-int.com\/es\/politica-de-cookies\/\">Pol\u00edtica de Cookies<\/a>.<\/li><\/ul><h2><strong> 3. Finalidades y legitimaci\u00f3n de los tratamientos de los datos:<\/strong><\/h2><p>ANTEA, tratar\u00e1 los datos del Usuario para las siguientes finalidades:<\/p><ul><li>Consentimiento (art. 6.1.a RGPD)<ul><li>a) Gesti\u00f3n, atenci\u00f3n y respuesta de sus solicitudes de informaci\u00f3n sobre nuestros servicios y\/o de inter\u00e9s en su contrataci\u00f3n o la colaboraci\u00f3n a trav\u00e9s del formulario de contacto y el correo electr\u00f3nico.<\/li><li>b) Consultas a trav\u00e9s del formulario de contacto y el correo electr\u00f3nico.<\/li><\/ul><\/li><\/ul><ul><li><strong>Ejecuci\u00f3n de un contrato o aplicaci\u00f3n de medidas contractuales (art. 6.1.b RGPD) <\/strong><ul><li>a) Tramitaci\u00f3n de alta y gesti\u00f3n de su de miembro de ANTEA y gesti\u00f3n de la relaci\u00f3n.<\/li><li>b) Creaci\u00f3n de perfil de usuario de la intranet de ANTEA.<\/li><\/ul><\/li><\/ul><h2><strong>4. Servicio Google reCAPTCHA <\/strong><\/h2><p>Utilizamos el servicio Google reCAPTCHA en el formulario web con el prop\u00f3sito de detectar si el uso del sitio web es realizado por personas o bots para la prevenci\u00f3n de pr\u00e1cticas abusivas y fraudulentas. El proveedor es Google Ireland Ltd, Gordon House, Barrow Street, Dublin 4, Irlanda.<\/p><p>Google reCAPTCHA analiza el comportamiento y uso del usuario del sitio web. Este an\u00e1lisis se inicia autom\u00e1ticamente en cuanto el visitante entra en el sitio web, evaluando cierta informaci\u00f3n como la direcci\u00f3n IP o las cookies activas en el navegador. Utiliza para ello JavaScript, un c\u00f3digo incrustado en este sitio web.<\/p><p>Puede rechazar la recopilaci\u00f3n de datos o de las cookies en la selecci\u00f3n de preferencias de configuraci\u00f3n en su navegador. Tenga en cuenta que esto puede afectar a la funcionalidad y la navegaci\u00f3n en este sitio web. Se recomienda consultar nuestra <a href=\"https:\/\/antea-int.com\/es\/politica-de-cookies\/\">Pol\u00edtica de Cookies<\/a>.<\/p><p>Los datos recopilados se transfieren a Google para realizar la evaluaci\u00f3n descrita, acortando previamente su direcci\u00f3n IP tanto en los estados miembros de la Uni\u00f3n Europea o el Espacio Econ\u00f3mico Europeo. En casos excepcionales y necesarios, la informaci\u00f3n tambi\u00e9n ser\u00e1 transmitida a un servidor de Google en Estados Unidos.<\/p><p>Encontrar\u00e1 m\u00e1s informaci\u00f3n sobre el servicio reCAPTCHA de Google y en la Declaraci\u00f3n de Privacidad de Google sobre las garant\u00edas de protecci\u00f3n de los datos personales y los marcos para las transferencias de datos en los siguientes enlaces:<\/p><ul><li><a href=\"https:\/\/policies.google.com\/privacy?hl=es\" target=\"_blank\" rel=\"noopener\">https:\/\/policies.google.com\/privacy?hl=es<\/a><\/li><li><a href=\"https:\/\/www.google.com\/recaptcha\/intro\/android.html\" target=\"_blank\" rel=\"noopener\">https:\/\/www.google.com\/recaptcha\/intro\/android.html<\/a><\/li><\/ul><h2><strong>5. Destinatarios de sus datos <\/strong><\/h2><p>Su informaci\u00f3n personal ser\u00e1 compartida con los miembros seleccionados para satisfacer sus solicitudes de servicios, el contacto con las entidad o firma para el inicio de la eventual prestaci\u00f3n de servicios, as\u00ed como para el cumplimiento de una obligaci\u00f3n legal o en caso de que contemos expresa e inequ\u00edvocamente con su autorizaci\u00f3n.<\/p><p>Del mismo modo, no utilizaremos sus datos personales con fines diferentes a los expresados en esta pol\u00edtica de y en los formularios de contacto u otros t\u00e9rminos que no hayan sido expresamente previsto e informados.<\/p><p>Significar, que de ser necesario realizar cesiones de datos, estas ser\u00e1n conformes al marco de protecci\u00f3n indicado por la Agencia Espa\u00f1ola de Protecci\u00f3n de Datos, o siempre y cuando est\u00e9n consentidas expresamente por el interesado y a los pa\u00edses cuya seguridad y confidencialidad est\u00e9 garantizada.<\/p><h2><strong>6. Plazo de conservaci\u00f3n de sus datos <\/strong><\/h2><p>Los datos personales proporcionados se conservar\u00e1n mientras sean necesarios para dar respuesta a la relaci\u00f3n contractual, para dar respuesta a las peticiones o solicitudes realizadas, y en cualquier caso mientras no se solicite la supresi\u00f3n por el interesado, as\u00ed como el tiempo necesario para dar cumplimiento a las obligaciones legales que en cada caso correspondan acorde con cada tipolog\u00eda de datos.<\/p><h2><strong>7. Env\u00edo de comunicaciones comerciales <\/strong><\/h2><p>ANTEA no realiza pr\u00e1cticas de SPAM ni realiza el env\u00edo masivo de campa\u00f1as comerciales por v\u00eda electr\u00f3nica no solicitadas o autorizadas por los usuarios. \u00danicamente se publica en este sitio web la informaci\u00f3n sobre noticias, eventos o publicaciones.<\/p><p>Si en el futuro se iniciase el env\u00edo de comunicaciones comerciales por correos electr\u00f3nicos a partir de la informaci\u00f3n personal y de contacto recabada en el sitio web o por otro canal, se realizar\u00e1 siempre bajo solicitud de su consentimiento habilitando los canales necesarios para ello, inform\u00e1ndole previamente y modificando la presente Pol\u00edtica.<\/p><h2><strong>8. Menores de edad <\/strong><\/h2><p>Los menores de edad no est\u00e1n autorizados a contratar la adquisici\u00f3n de servicios ofrecidos por ANTEA, quedando restringida esta posibilidad a aquellos individuos con edad igual o superior a los 18 a\u00f1os.<\/p><h2><strong>9. Seguridad de los datos personales <\/strong><\/h2><p>Con el objetivo de salvaguardar la seguridad de sus datos personales, le informamos que hemos adoptado todas las medidas de \u00edndole t\u00e9cnica y organizativa necesarias adecuadas para garantizar la seguridad de la transmisi\u00f3n, recogida, almacenamiento y divulgaci\u00f3n de los datos personales suministrados con car\u00e1cter preventivo y reactivo frente a situaciones de riesgo de alteraci\u00f3n, p\u00e9rdida, y tratamientos o accesos no autorizados.<\/p><h2><strong>10. Transferencias internacionales de datos <\/strong><\/h2><p>ANTEA no comparte ni transfiere sus datos fuera de Espa\u00f1a ni el Espacio Econ\u00f3mico Europeo (EEE). No obstante, si resultasen necesarias se realizar\u00e1n conforme a las garant\u00edas y las obligaciones establecidas en el Reglamento General de Protecci\u00f3n de Datos a trav\u00e9s de los mecanismos apropiados para autorizar la transferencia de datos. Sin perjuicio de las excepciones previstas en el RGPD, son:<\/p><ul><li>Decisi\u00f3n de adecuaci\u00f3n de la Comisi\u00f3n Europea sobre un pa\u00eds, un territorio o uno o varios sectores espec\u00edficos de ese pa\u00eds u organizaci\u00f3n internacional.<\/li><li>Instrumento jur\u00eddicamente vinculante y exigible entre las autoridades u organismos p\u00fablicos.<\/li><li>Normas corporativas vinculantes (Binding Corporate Rules).<\/li><li>C\u00f3digo de conducta o mecanismo de certificaci\u00f3n, junto con compromisos vinculantes y exigibles del responsable o el encargado del tratamiento en el tercer pa\u00eds de aplicar garant\u00edas adecuadas.<\/li><li>Cl\u00e1usulas contractuales tipo para el encargo de tratamiento.<\/li><\/ul><h2>&nbsp;<\/h2><h2><strong>11. Ejercicio de derechos <\/strong><\/h2><p>Una vez que, como usuario de la Web nos ha facilitado sus datos personales, la legislaci\u00f3n vigente le permite como interesado de sus datos:<\/p><ul><li>Solicitar el ACCESO a los datos personales relativos al interesado, pudiendo conocer si estamos tratando sus datos de car\u00e1cter personal y acceder a sus datos personales.<\/li><li>Solicitar la RECTIFICACI\u00d3N de los datos en caso de que fuesen inexactos.<\/li><li>Solicitar la SUPRESI\u00d3N de sus datos en la medida en que ya no son necesarios para la finalidad que se comunic\u00f3, o en el caso de que ya no contemos con la legitimaci\u00f3n necesaria para continuar con su tratamiento.<\/li><li>Solicitar la LIMITACI\u00d3N de su tratamiento, en algunos supuestos, por lo que podremos suspender el tratamiento temporalmente o que los conservemos m\u00e1s all\u00e1 del tiempo establecido cuando puedas necesitarlo.<\/li><li>OPONERSE al tratamiento de aquella informaci\u00f3n que nos ha facilitado, salvo que existan motivos leg\u00edtimos imperiosos para que el tratamiento prevalezca.<\/li><li>REVOCAR el consentimiento para cada finalidad espec\u00edfica, sin que ello afecte a la licitud del tratamiento basado en el consentimiento expreso.<\/li><li>Solicitar la PORTABILIDAD de los datos, que le ser\u00e1n facilitados en un formato estructurado, de uso com\u00fan o lectura mec\u00e1nica.<\/li><li>A presentar una reclamaci\u00f3n ante la Agencia Espa\u00f1ola de Protecci\u00f3n de Datos o autoridad de control competente, si cree que no le hemos atendido correctamente.<\/li><\/ul><h2>&nbsp;<\/h2><h2><strong>12. \u00bfC\u00f3mo puede ejercer sus derechos? <\/strong><\/h2><p>Puede dirigir su solicitud de ejercicio de derechos a trav\u00e9s de un escrito remitido al responsable a la direcci\u00f3n postal o electr\u00f3nica indicadas en el apartado 1 de la presente Pol\u00edtica, indicando la referencia \u201cDatos Personales\u201d, especificando el derecho que se quiere ejercer y respecto a qu\u00e9 datos personales.<\/p><p>Alternativamente, y si lo prefiere, puede usar los formularios elaborados por la Agencia Espa\u00f1ola de Protecci\u00f3n de Datos o la autoridad competente.<\/p><p>Los formularios deben ir firmados electr\u00f3nicamente o ser acompa\u00f1ados de la fotocopia del DNI en vigor, procedimiento an\u00e1logo a las v\u00edas de correo postal o las comunicaciones por correo electr\u00f3nico.<\/p><p>En el caso de obrar a trav\u00e9s de un representante debe adjuntarnos copia del DNI vigente del representante junto con su solicitud.<\/p><h2><strong>13. Tiempo establecido para dar soluci\u00f3n al ejercicio de derechos <\/strong><\/h2><p>Ser\u00e1 informado sobre las actuaciones derivadas de su petici\u00f3n en el plazo de un mes que podr\u00e1 extenderse dos meses m\u00e1s cuando se trate de solicitudes especialmente complejas y le notificaremos dicha ampliaci\u00f3n dentro del primer mes.<\/p><p>En aquellos casos que no atendamos su solicitud, le informaremos de ello, motivando su negativa dentro del plazo de un mes desde su presentaci\u00f3n.<\/p><h2><strong>14. Actualizaci\u00f3n de sus datos <\/strong><\/h2><p>Es importante que para que podamos mantener sus datos personales actualizados, nos informe siempre que haya habido alguna modificaci\u00f3n en ellos, en caso contrario, no respondemos de la veracidad de estos.<\/p><p>No nos hacemos responsables de la pol\u00edtica de privacidad respecto a los datos personales que pueda facilitar a terceros por medio de los enlaces disponibles en nuestra p\u00e1gina web.<\/p><h2><strong>15. Cambios en la pol\u00edtica de privacidad <\/strong><\/h2><p>ANTEA se reserva el derecho a modificar la presente pol\u00edtica para adaptarla a novedades legislativas o jurisprudenciales, as\u00ed como a pr\u00e1cticas de la industria que afecten a su actividad en lo que concierne a la privacidad de los usuarios. En consecuencia, se anunciar\u00e1n en los cambios introducidos en esta p\u00e1gina Web con antelaci\u00f3n razonable a su efectiva entrada en vigor.<\/p><\/div><\/div><\/div><\/div><\/div><\/div><\/div><\/div>\n","protected":false},"excerpt":{"rendered":"<p>POL\u00cdTICA DE PRIVACIDAD1. Responsable del tratamientoTitular: ANTEA Alianza de Firmas IndependientesDomicilio: Mallorca, 260 \u00c1tico, 08008 \u2013 Barcelona, Espa\u00f1aNIF: G64979966Tel\u00e9fono: +34 93 215 59 89Fax: +34 93 487 28 76Email: info@antea-int.com2. Categor\u00edas de datos El presente sitio web recopila la siguiente informaci\u00f3n de los usuarios:Informaci\u00f3n proporcionada por los usuarios:Como el nombre de la empresa, nombre de [&hellip;]<\/p>\n","protected":false},"author":1,"featured_media":0,"parent":0,"menu_order":100,"comment_status":"closed","ping_status":"closed","template":"","meta":{"_acf_changed":false,"footnotes":""},"class_list":["post-11662","page","type-page","status-publish","hentry"],"acf":[],"yoast_head":"<!-- This site is optimized with the Yoast SEO plugin v26.9 - https:\/\/yoast.com\/product\/yoast-seo-wordpress\/ -->\n<title>Pol\u00edtica de Privacidad : Antea<\/title>\n<meta name=\"robots\" content=\"noindex, nofollow\" \/>\n<meta property=\"og:locale\" content=\"es_ES\" \/>\n<meta property=\"og:type\" content=\"article\" \/>\n<meta property=\"og:title\" content=\"Pol\u00edtica de Privacidad : Antea\" \/>\n<meta property=\"og:description\" content=\"POL\u00cdTICA DE PRIVACIDAD1. Responsable del tratamientoTitular: ANTEA Alianza de Firmas IndependientesDomicilio: Mallorca, 260 \u00c1tico, 08008 \u2013 Barcelona, Espa\u00f1aNIF: G64979966Tel\u00e9fono: +34 93 215 59 89Fax: +34 93 487 28 76Email: info@antea-int.com2. Categor\u00edas de datos El presente sitio web recopila la siguiente informaci\u00f3n de los usuarios:Informaci\u00f3n proporcionada por los usuarios:Como el nombre de la empresa, nombre de [&hellip;]\" \/>\n<meta property=\"og:url\" content=\"https:\/\/antea-int.com\/es\/politica-de-privacidad\/\" \/>\n<meta property=\"og:site_name\" content=\"Antea\" \/>\n<meta property=\"article:modified_time\" content=\"2024-07-09T08:14:49+00:00\" \/>\n<meta name=\"twitter:card\" content=\"summary_large_image\" \/>\n<meta name=\"twitter:site\" content=\"@AnteaAlliance\" \/>\n<meta name=\"twitter:label1\" content=\"Tiempo de lectura\" \/>\n\t<meta name=\"twitter:data1\" content=\"8 minutos\" \/>\n<script type=\"application\/ld+json\" class=\"yoast-schema-graph\">{\"@context\":\"https:\/\/schema.org\",\"@graph\":[{\"@type\":\"WebPage\",\"@id\":\"https:\/\/antea-int.com\/es\/politica-de-privacidad\/\",\"url\":\"https:\/\/antea-int.com\/es\/politica-de-privacidad\/\",\"name\":\"Pol\u00edtica de Privacidad : Antea\",\"isPartOf\":{\"@id\":\"https:\/\/antea-int.com\/#website\"},\"datePublished\":\"2022-12-04T12:49:44+00:00\",\"dateModified\":\"2024-07-09T08:14:49+00:00\",\"breadcrumb\":{\"@id\":\"https:\/\/antea-int.com\/es\/politica-de-privacidad\/#breadcrumb\"},\"inLanguage\":\"es\",\"potentialAction\":[{\"@type\":\"ReadAction\",\"target\":[\"https:\/\/antea-int.com\/es\/politica-de-privacidad\/\"]}]},{\"@type\":\"BreadcrumbList\",\"@id\":\"https:\/\/antea-int.com\/es\/politica-de-privacidad\/#breadcrumb\",\"itemListElement\":[{\"@type\":\"ListItem\",\"position\":1,\"name\":\"Home\",\"item\":\"https:\/\/antea-int.com\/es\/\"},{\"@type\":\"ListItem\",\"position\":2,\"name\":\"Pol\u00edtica de Privacidad\"}]},{\"@type\":\"WebSite\",\"@id\":\"https:\/\/antea-int.com\/#website\",\"url\":\"https:\/\/antea-int.com\/\",\"name\":\"Antea\",\"description\":\"Professional Solutions Wordlwide\",\"publisher\":{\"@id\":\"https:\/\/antea-int.com\/#organization\"},\"potentialAction\":[{\"@type\":\"SearchAction\",\"target\":{\"@type\":\"EntryPoint\",\"urlTemplate\":\"https:\/\/antea-int.com\/?s={search_term_string}\"},\"query-input\":{\"@type\":\"PropertyValueSpecification\",\"valueRequired\":true,\"valueName\":\"search_term_string\"}}],\"inLanguage\":\"es\"},{\"@type\":\"Organization\",\"@id\":\"https:\/\/antea-int.com\/#organization\",\"name\":\"Antea Alliance of independent firms\",\"url\":\"https:\/\/antea-int.com\/\",\"logo\":{\"@type\":\"ImageObject\",\"inLanguage\":\"es\",\"@id\":\"https:\/\/antea-int.com\/#\/schema\/logo\/image\/\",\"url\":\"https:\/\/antea-int.com\/wp-content\/uploads\/2024\/07\/cropped-Logo-Antea-150x150-1.png\",\"contentUrl\":\"https:\/\/antea-int.com\/wp-content\/uploads\/2024\/07\/cropped-Logo-Antea-150x150-1.png\",\"width\":150,\"height\":150,\"caption\":\"Antea Alliance of independent firms\"},\"image\":{\"@id\":\"https:\/\/antea-int.com\/#\/schema\/logo\/image\/\"},\"sameAs\":[\"https:\/\/x.com\/AnteaAlliance\",\"https:\/\/www.linkedin.com\/company\/2413082\/\",\"https:\/\/www.youtube.com\/channel\/UCXABuVrCci8n8oIisnnv9SA\"]}]}<\/script>\n<!-- \/ Yoast SEO plugin. -->","yoast_head_json":{"title":"Pol\u00edtica de Privacidad : Antea","robots":{"index":"noindex","follow":"nofollow"},"og_locale":"es_ES","og_type":"article","og_title":"Pol\u00edtica de Privacidad : Antea","og_description":"POL\u00cdTICA DE PRIVACIDAD1. Responsable del tratamientoTitular: ANTEA Alianza de Firmas IndependientesDomicilio: Mallorca, 260 \u00c1tico, 08008 \u2013 Barcelona, Espa\u00f1aNIF: G64979966Tel\u00e9fono: +34 93 215 59 89Fax: +34 93 487 28 76Email: info@antea-int.com2. Categor\u00edas de datos El presente sitio web recopila la siguiente informaci\u00f3n de los usuarios:Informaci\u00f3n proporcionada por los usuarios:Como el nombre de la empresa, nombre de [&hellip;]","og_url":"https:\/\/antea-int.com\/es\/politica-de-privacidad\/","og_site_name":"Antea","article_modified_time":"2024-07-09T08:14:49+00:00","twitter_card":"summary_large_image","twitter_site":"@AnteaAlliance","twitter_misc":{"Tiempo de lectura":"8 minutos"},"schema":{"@context":"https:\/\/schema.org","@graph":[{"@type":"WebPage","@id":"https:\/\/antea-int.com\/es\/politica-de-privacidad\/","url":"https:\/\/antea-int.com\/es\/politica-de-privacidad\/","name":"Pol\u00edtica de Privacidad : Antea","isPartOf":{"@id":"https:\/\/antea-int.com\/#website"},"datePublished":"2022-12-04T12:49:44+00:00","dateModified":"2024-07-09T08:14:49+00:00","breadcrumb":{"@id":"https:\/\/antea-int.com\/es\/politica-de-privacidad\/#breadcrumb"},"inLanguage":"es","potentialAction":[{"@type":"ReadAction","target":["https:\/\/antea-int.com\/es\/politica-de-privacidad\/"]}]},{"@type":"BreadcrumbList","@id":"https:\/\/antea-int.com\/es\/politica-de-privacidad\/#breadcrumb","itemListElement":[{"@type":"ListItem","position":1,"name":"Home","item":"https:\/\/antea-int.com\/es\/"},{"@type":"ListItem","position":2,"name":"Pol\u00edtica de Privacidad"}]},{"@type":"WebSite","@id":"https:\/\/antea-int.com\/#website","url":"https:\/\/antea-int.com\/","name":"Antea","description":"Professional Solutions Wordlwide","publisher":{"@id":"https:\/\/antea-int.com\/#organization"},"potentialAction":[{"@type":"SearchAction","target":{"@type":"EntryPoint","urlTemplate":"https:\/\/antea-int.com\/?s={search_term_string}"},"query-input":{"@type":"PropertyValueSpecification","valueRequired":true,"valueName":"search_term_string"}}],"inLanguage":"es"},{"@type":"Organization","@id":"https:\/\/antea-int.com\/#organization","name":"Antea Alliance of independent firms","url":"https:\/\/antea-int.com\/","logo":{"@type":"ImageObject","inLanguage":"es","@id":"https:\/\/antea-int.com\/#\/schema\/logo\/image\/","url":"https:\/\/antea-int.com\/wp-content\/uploads\/2024\/07\/cropped-Logo-Antea-150x150-1.png","contentUrl":"https:\/\/antea-int.com\/wp-content\/uploads\/2024\/07\/cropped-Logo-Antea-150x150-1.png","width":150,"height":150,"caption":"Antea Alliance of independent firms"},"image":{"@id":"https:\/\/antea-int.com\/#\/schema\/logo\/image\/"},"sameAs":["https:\/\/x.com\/AnteaAlliance","https:\/\/www.linkedin.com\/company\/2413082\/","https:\/\/www.youtube.com\/channel\/UCXABuVrCci8n8oIisnnv9SA"]}]}},"_links":{"self":[{"href":"https:\/\/antea-int.com\/es\/wp-json\/wp\/v2\/pages\/11662","targetHints":{"allow":["GET"]}}],"collection":[{"href":"https:\/\/antea-int.com\/es\/wp-json\/wp\/v2\/pages"}],"about":[{"href":"https:\/\/antea-int.com\/es\/wp-json\/wp\/v2\/types\/page"}],"author":[{"embeddable":true,"href":"https:\/\/antea-int.com\/es\/wp-json\/wp\/v2\/users\/1"}],"replies":[{"embeddable":true,"href":"https:\/\/antea-int.com\/es\/wp-json\/wp\/v2\/comments?post=11662"}],"version-history":[{"count":2,"href":"https:\/\/antea-int.com\/es\/wp-json\/wp\/v2\/pages\/11662\/revisions"}],"predecessor-version":[{"id":11666,"href":"https:\/\/antea-int.com\/es\/wp-json\/wp\/v2\/pages\/11662\/revisions\/11666"}],"wp:attachment":[{"href":"https:\/\/antea-int.com\/es\/wp-json\/wp\/v2\/media?parent=11662"}],"curies":[{"name":"wp","href":"https:\/\/api.w.org\/{rel}","templated":true}]}}