{"id":11840,"date":"2022-12-11T14:40:42","date_gmt":"2022-12-11T13:40:42","guid":{"rendered":"https:\/\/antea-int.com\/?page_id=11840"},"modified":"2026-04-01T09:59:59","modified_gmt":"2026-04-01T08:59:59","slug":"miembros","status":"publish","type":"page","link":"https:\/\/antea-int.com\/es\/miembros\/","title":{"rendered":"Encontrar a un miembro"},"content":{"rendered":"<div class=\"vce-row-container\"><div class=\"vce-row vce-row--col-gap-0 vce-row-no-paddings vce-row-content--top\" data-vce-full-width=\"true\" data-vce-stretch-content=\"true\" id=\"el-4440d0d8\" data-vce-do-apply=\"all el-4440d0d8\"><div class=\"vce-content-background-container\"><\/div><div class=\"vce-row-content\" data-vce-element-content=\"true\"><div class=\"vce-col vce-col--md-100p vce-col--xs-1 vce-col--xs-last vce-col--xs-first vce-col--sm-last vce-col--sm-first vce-col--md-last vce-col--lg-last vce-col--xl-last vce-col--md-first vce-col--lg-first vce-col--xl-first mapa-miembros-column\" id=\"el-eda93fe0\"><div class=\"vce-col-inner\" data-vce-do-apply=\"border margin background  el-eda93fe0\"><div class=\"vce-content-background-container\"><\/div><div class=\"vce-col-content\" data-vce-element-content=\"true\" data-vce-do-apply=\"padding el-eda93fe0\"><div class=\"vce-shortcode\" id=\"mapa-miembros\"><div class=\"vce-shortcode-wrapper vce\" id=\"el-968729fa\" data-vce-do-apply=\"all el-968729fa\"><\/div><\/div><div class=\"vce-row-container\" data-vce-boxed-width=\"true\"><div class=\"vce-row vce-element--has-background vce-row--col-gap-20 vce-row-content--top\" id=\"el-3610c6d4\" data-vce-do-apply=\"all el-3610c6d4\"><div class=\"vce-content-background-container\"><\/div><div class=\"vce-row-content\" data-vce-element-content=\"true\"><div class=\"vce-col vce-col--xs-100p vce-col--xs-visible vce-col--xs-last vce-col--xs-first vce-col--sm-66-66p vce-col--sm-visible vce-col--sm-first vce-col--md-66-66p vce-col--md-visible vce-col--md-first vce-col--lg-66-66p vce-col--lg-visible vce-col--lg-first vce-col--xl-66-66p vce-col--xl-visible vce-col--xl-first\" id=\"el-cb819424\"><div class=\"vce-col-inner\" data-vce-do-apply=\"border margin background  el-cb819424\"><div class=\"vce-col-content\" data-vce-element-content=\"true\" data-vce-do-apply=\"padding el-cb819424\"><div class=\"vce-text-block white bg-red-or-black\"><div class=\"vce-text-block-wrapper vce\" id=\"el-48c8ece7\" data-vce-do-apply=\"all el-48c8ece7\"><h4 style=\"text-align: left; font-size: 22px;\" data-wahfont=\"22\" data-wahpro-titles-style=\"text-align: left; font-size: 22px;\"><em>Si no encuentra lo que busca p\u00f3ngase en contacto con<\/em><em>&nbsp;<\/em><a href=\"mailto:info@antea-int.com\"><em>info@antea-int.com<\/em><\/a><\/h4><\/div><\/div><\/div><\/div><\/div><div class=\"vce-col vce-col--xs-100p vce-col--xs-visible vce-col--xs-last vce-col--xs-first vce-col--sm-33-34p vce-col--sm-visible vce-col--sm-last vce-col--md-33-34p vce-col--md-visible vce-col--md-last vce-col--lg-33-34p vce-col--lg-visible vce-col--lg-last vce-col--xl-33-34p vce-col--xl-visible vce-col--xl-last\" id=\"el-65f1fc8e\"><div class=\"vce-col-inner\" data-vce-do-apply=\"border margin background  el-65f1fc8e\"><div class=\"vce-col-content\" data-vce-element-content=\"true\" data-vce-do-apply=\"padding el-65f1fc8e\"><div class=\"vce-raw-html\"><div class=\"vce-raw-html-wrapper\" id=\"el-8f8b6f1c\" data-vce-do-apply=\"all el-8f8b6f1c\"><a href=\"https:\/\/antea-int.com\/wp-content\/uploads\/2026\/04\/Directory-Antea-April-2026.pdf\" class=\"btn-cta-antea directory\" target=\"_blank\" style=\"margin-top:-20px\">\n\t<div class=\"button-CTA relative\">\n\t\t<div class=\"element\">\n\t\t\t<p>DIRECTORIO DE MIEMBROS<\/p>\n\t\t<\/div>\n\t<\/div>\n<\/a><\/div><\/div><\/div><\/div><\/div><\/div><\/div><\/div><\/div><\/div><\/div><\/div><\/div><\/div><div class=\"vce-row-container\"><div class=\"vce-row vce-row--has-col-background vce-row--col-gap-0 vce-row-no-paddings vce-row-equal-height vce-row-content--top\" data-vce-full-width=\"true\" data-vce-stretch-content=\"true\" id=\"el-6e9797b8\" data-vce-do-apply=\"all el-6e9797b8\"><div class=\"vce-content-background-container\"><\/div><div class=\"vce-row-content\" data-vce-element-content=\"true\"><div class=\"vce-col vce-col--md-78p vce-col--xs-1 vce-col--xs-last vce-col--xs-first vce-col--sm-last vce-col--sm-first vce-col--md-first vce-col--lg-first vce-col--xl-first\" id=\"el-a70876fc\"><div class=\"vce-col-inner\" data-vce-do-apply=\"border margin background  el-a70876fc\" id=\"service-description\"><div class=\"vce-content-background-container\"><\/div><div class=\"vce-col-content\" data-vce-element-content=\"true\" data-vce-do-apply=\"padding el-a70876fc\"><div class=\"vce-text-block bg-white\"><div class=\"vce-text-block-wrapper vce\" id=\"el-67a26a62\" data-vce-do-apply=\"all el-67a26a62\"><h2>Soluciones profesionales para un mundo global<\/h2>\n<hr style=\"border: 1px solid #eb2629; width: 100px; float: left;\">\n<p>&nbsp;<\/p>\n<p>Los factores m\u00e1s importantes para el \u00e9xito en nuestras soluciones son la calidad y profesionalidad de nuestros miembros en las diferentes localizaciones. Los miembros de Antea orientan sus servicios a PIMES que:<\/p>\n<ul>\n<li>Se orientan a mercados internacionales.<\/li>\n<li>Son din\u00e1micas: con vocaci\u00f3n de crecer de forma s\u00f3lida y ordenada.<\/li>\n<li>Son innovadoras: requieren soluciones precisas en entornos complejos.<\/li>\n<li>Son \u00e1giles: buscan soluciones y respuestas r\u00e1pidas.<\/li>\n<li>Son pr\u00e1cticas: soluciones sencillas a problemas complejos, en vez de soluciones complejas a problemas sencillos.<\/li>\n<\/ul>\n<p>&nbsp;<\/p><\/div><\/div><\/div><\/div><\/div><div class=\"vce-col vce-element--has-background vce-col--md-22p vce-col--xs-1 vce-col--xs-last vce-col--xs-first vce-col--sm-last vce-col--sm-first vce-col--md-last vce-col--lg-last vce-col--xl-last\" id=\"el-e4ea3096\"><div class=\"vce-col-inner\" data-vce-do-apply=\"border margin background  el-e4ea3096\"><div class=\"vce-content-background-container\"><\/div><div class=\"vce-col-content\" data-vce-element-content=\"true\" data-vce-do-apply=\"padding el-e4ea3096\"><div class=\"vce-row-container\" data-vce-boxed-width=\"true\"><div class=\"vce-row vce-element--has-background vce-row--col-gap-0 vce-row-content--top\" id=\"el-43800bff\" data-vce-do-apply=\"all el-43800bff\"><div class=\"vce-content-background-container\"><div class=\"vce-asset-background-simple-container vce-visible-all-only vce-asset-background-simple--style-cover vce-asset-background-simple--position-center-top\"><div class=\"vce-asset-background-simple\"><div class=\"vce-asset-background-simple-item\" style=\"background-image: url('https:\/\/antea-int.com\/wp-content\/uploads\/2019\/02\/Antea-271-x-356-ESP.jpg');\"><\/div><\/div><\/div><\/div><div class=\"vce-row-content\" data-vce-element-content=\"true\"><div class=\"vcv-row-control-wrapper\"><\/div><\/div><\/div><\/div><div class=\"vce-row-container\" data-vce-boxed-width=\"true\"><div class=\"vce-row vce-row--col-gap-0 vce-row-content--top\" id=\"el-4a30955e\" data-vce-do-apply=\"all el-4a30955e\"><div class=\"vce-content-background-container\"><\/div><div class=\"vce-row-content\" data-vce-element-content=\"true\"><div class=\"vce-col vce-col--md-100p vce-col--xs-1 vce-col--xs-last vce-col--xs-first vce-col--sm-last vce-col--sm-first vce-col--md-last vce-col--lg-last vce-col--xl-last vce-col--md-first vce-col--lg-first vce-col--xl-first\" id=\"el-65a86160\"><div class=\"vce-col-inner\" data-vce-do-apply=\"border margin background  el-65a86160\"><div class=\"vce-content-background-container\"><\/div><div class=\"vce-col-content\" data-vce-element-content=\"true\" data-vce-do-apply=\"padding el-65a86160\"><div class=\"vce-button--style-basic-container vce-button--style-basic-container--align-center\"><span class=\"vce-button--style-basic-wrapper vce\" id=\"el-04b1c191\" data-vce-do-apply=\"margin el-04b1c191\"><a class=\"vce-button vce-button--style-basic vce-button--style-basic--border-square vce-button--style-basic--size-medium vce-button--style-basic--color-empty--fff\" href=\"http:\/\/antea-int.com\/es\/contacta-con-antea\/servicios-al-cliente\/\" title=\"Contacta con nosotros\" data-vce-do-apply=\"padding border background  el-04b1c191\">CONTACTAR CON NOSOTROS<\/a><\/span><\/div><\/div><\/div><\/div><\/div><\/div><\/div><\/div><\/div><\/div><\/div><\/div><\/div>","protected":false},"excerpt":{"rendered":"<p>Si no encuentra lo que busca p\u00f3ngase en contacto con&nbsp;info@antea-int.com DIRECTORIO DE MIEMBROS Soluciones profesionales para un mundo global &nbsp; Los factores m\u00e1s importantes para el \u00e9xito en nuestras soluciones son la calidad y profesionalidad de nuestros miembros en las diferentes localizaciones. Los miembros de Antea orientan sus servicios a PIMES que: Se orientan a [&hellip;]<\/p>\n","protected":false},"author":1,"featured_media":0,"parent":0,"menu_order":40,"comment_status":"closed","ping_status":"closed","template":"","meta":{"_acf_changed":false,"footnotes":""},"class_list":["post-11840","page","type-page","status-publish","hentry"],"acf":[],"yoast_head":"<!-- This site is optimized with the Yoast SEO plugin v26.9 - https:\/\/yoast.com\/product\/yoast-seo-wordpress\/ -->\n<title>Encontrar a un miembro : Antea<\/title>\n<meta name=\"robots\" content=\"index, follow, max-snippet:-1, max-image-preview:large, max-video-preview:-1\" \/>\n<link rel=\"canonical\" href=\"https:\/\/antea-int.com\/es\/miembros\/\" \/>\n<meta property=\"og:locale\" content=\"es_ES\" \/>\n<meta property=\"og:type\" content=\"article\" \/>\n<meta property=\"og:title\" content=\"Encontrar a un miembro : Antea\" \/>\n<meta property=\"og:description\" content=\"Si no encuentra lo que busca p\u00f3ngase en contacto con&nbsp;info@antea-int.com DIRECTORIO DE MIEMBROS Soluciones profesionales para un mundo global &nbsp; Los factores m\u00e1s importantes para el \u00e9xito en nuestras soluciones son la calidad y profesionalidad de nuestros miembros en las diferentes localizaciones. Los miembros de Antea orientan sus servicios a PIMES que: Se orientan a [&hellip;]\" \/>\n<meta property=\"og:url\" content=\"https:\/\/antea-int.com\/es\/miembros\/\" \/>\n<meta property=\"og:site_name\" content=\"Antea\" \/>\n<meta property=\"article:modified_time\" content=\"2026-04-01T08:59:59+00:00\" \/>\n<meta name=\"twitter:card\" content=\"summary_large_image\" \/>\n<meta name=\"twitter:site\" content=\"@AnteaAlliance\" \/>\n<script type=\"application\/ld+json\" class=\"yoast-schema-graph\">{\"@context\":\"https:\/\/schema.org\",\"@graph\":[{\"@type\":\"WebPage\",\"@id\":\"https:\/\/antea-int.com\/es\/miembros\/\",\"url\":\"https:\/\/antea-int.com\/es\/miembros\/\",\"name\":\"Encontrar a un miembro : Antea\",\"isPartOf\":{\"@id\":\"https:\/\/antea-int.com\/#website\"},\"datePublished\":\"2022-12-11T13:40:42+00:00\",\"dateModified\":\"2026-04-01T08:59:59+00:00\",\"breadcrumb\":{\"@id\":\"https:\/\/antea-int.com\/es\/miembros\/#breadcrumb\"},\"inLanguage\":\"es\",\"potentialAction\":[{\"@type\":\"ReadAction\",\"target\":[\"https:\/\/antea-int.com\/es\/miembros\/\"]}]},{\"@type\":\"BreadcrumbList\",\"@id\":\"https:\/\/antea-int.com\/es\/miembros\/#breadcrumb\",\"itemListElement\":[{\"@type\":\"ListItem\",\"position\":1,\"name\":\"Home\",\"item\":\"https:\/\/antea-int.com\/es\/\"},{\"@type\":\"ListItem\",\"position\":2,\"name\":\"Encontrar a un miembro\"}]},{\"@type\":\"WebSite\",\"@id\":\"https:\/\/antea-int.com\/#website\",\"url\":\"https:\/\/antea-int.com\/\",\"name\":\"Antea\",\"description\":\"Professional Solutions Wordlwide\",\"publisher\":{\"@id\":\"https:\/\/antea-int.com\/#organization\"},\"potentialAction\":[{\"@type\":\"SearchAction\",\"target\":{\"@type\":\"EntryPoint\",\"urlTemplate\":\"https:\/\/antea-int.com\/?s={search_term_string}\"},\"query-input\":{\"@type\":\"PropertyValueSpecification\",\"valueRequired\":true,\"valueName\":\"search_term_string\"}}],\"inLanguage\":\"es\"},{\"@type\":\"Organization\",\"@id\":\"https:\/\/antea-int.com\/#organization\",\"name\":\"Antea Alliance of independent firms\",\"url\":\"https:\/\/antea-int.com\/\",\"logo\":{\"@type\":\"ImageObject\",\"inLanguage\":\"es\",\"@id\":\"https:\/\/antea-int.com\/#\/schema\/logo\/image\/\",\"url\":\"https:\/\/antea-int.com\/wp-content\/uploads\/2024\/07\/cropped-Logo-Antea-150x150-1.png\",\"contentUrl\":\"https:\/\/antea-int.com\/wp-content\/uploads\/2024\/07\/cropped-Logo-Antea-150x150-1.png\",\"width\":150,\"height\":150,\"caption\":\"Antea Alliance of independent firms\"},\"image\":{\"@id\":\"https:\/\/antea-int.com\/#\/schema\/logo\/image\/\"},\"sameAs\":[\"https:\/\/x.com\/AnteaAlliance\",\"https:\/\/www.linkedin.com\/company\/2413082\/\",\"https:\/\/www.youtube.com\/channel\/UCXABuVrCci8n8oIisnnv9SA\"]}]}<\/script>\n<!-- \/ Yoast SEO plugin. -->","yoast_head_json":{"title":"Encontrar a un miembro : Antea","robots":{"index":"index","follow":"follow","max-snippet":"max-snippet:-1","max-image-preview":"max-image-preview:large","max-video-preview":"max-video-preview:-1"},"canonical":"https:\/\/antea-int.com\/es\/miembros\/","og_locale":"es_ES","og_type":"article","og_title":"Encontrar a un miembro : Antea","og_description":"Si no encuentra lo que busca p\u00f3ngase en contacto con&nbsp;info@antea-int.com DIRECTORIO DE MIEMBROS Soluciones profesionales para un mundo global &nbsp; Los factores m\u00e1s importantes para el \u00e9xito en nuestras soluciones son la calidad y profesionalidad de nuestros miembros en las diferentes localizaciones. Los miembros de Antea orientan sus servicios a PIMES que: Se orientan a [&hellip;]","og_url":"https:\/\/antea-int.com\/es\/miembros\/","og_site_name":"Antea","article_modified_time":"2026-04-01T08:59:59+00:00","twitter_card":"summary_large_image","twitter_site":"@AnteaAlliance","schema":{"@context":"https:\/\/schema.org","@graph":[{"@type":"WebPage","@id":"https:\/\/antea-int.com\/es\/miembros\/","url":"https:\/\/antea-int.com\/es\/miembros\/","name":"Encontrar a un miembro : Antea","isPartOf":{"@id":"https:\/\/antea-int.com\/#website"},"datePublished":"2022-12-11T13:40:42+00:00","dateModified":"2026-04-01T08:59:59+00:00","breadcrumb":{"@id":"https:\/\/antea-int.com\/es\/miembros\/#breadcrumb"},"inLanguage":"es","potentialAction":[{"@type":"ReadAction","target":["https:\/\/antea-int.com\/es\/miembros\/"]}]},{"@type":"BreadcrumbList","@id":"https:\/\/antea-int.com\/es\/miembros\/#breadcrumb","itemListElement":[{"@type":"ListItem","position":1,"name":"Home","item":"https:\/\/antea-int.com\/es\/"},{"@type":"ListItem","position":2,"name":"Encontrar a un miembro"}]},{"@type":"WebSite","@id":"https:\/\/antea-int.com\/#website","url":"https:\/\/antea-int.com\/","name":"Antea","description":"Professional Solutions Wordlwide","publisher":{"@id":"https:\/\/antea-int.com\/#organization"},"potentialAction":[{"@type":"SearchAction","target":{"@type":"EntryPoint","urlTemplate":"https:\/\/antea-int.com\/?s={search_term_string}"},"query-input":{"@type":"PropertyValueSpecification","valueRequired":true,"valueName":"search_term_string"}}],"inLanguage":"es"},{"@type":"Organization","@id":"https:\/\/antea-int.com\/#organization","name":"Antea Alliance of independent firms","url":"https:\/\/antea-int.com\/","logo":{"@type":"ImageObject","inLanguage":"es","@id":"https:\/\/antea-int.com\/#\/schema\/logo\/image\/","url":"https:\/\/antea-int.com\/wp-content\/uploads\/2024\/07\/cropped-Logo-Antea-150x150-1.png","contentUrl":"https:\/\/antea-int.com\/wp-content\/uploads\/2024\/07\/cropped-Logo-Antea-150x150-1.png","width":150,"height":150,"caption":"Antea Alliance of independent firms"},"image":{"@id":"https:\/\/antea-int.com\/#\/schema\/logo\/image\/"},"sameAs":["https:\/\/x.com\/AnteaAlliance","https:\/\/www.linkedin.com\/company\/2413082\/","https:\/\/www.youtube.com\/channel\/UCXABuVrCci8n8oIisnnv9SA"]}]}},"_links":{"self":[{"href":"https:\/\/antea-int.com\/es\/wp-json\/wp\/v2\/pages\/11840","targetHints":{"allow":["GET"]}}],"collection":[{"href":"https:\/\/antea-int.com\/es\/wp-json\/wp\/v2\/pages"}],"about":[{"href":"https:\/\/antea-int.com\/es\/wp-json\/wp\/v2\/types\/page"}],"author":[{"embeddable":true,"href":"https:\/\/antea-int.com\/es\/wp-json\/wp\/v2\/users\/1"}],"replies":[{"embeddable":true,"href":"https:\/\/antea-int.com\/es\/wp-json\/wp\/v2\/comments?post=11840"}],"version-history":[{"count":53,"href":"https:\/\/antea-int.com\/es\/wp-json\/wp\/v2\/pages\/11840\/revisions"}],"predecessor-version":[{"id":17468,"href":"https:\/\/antea-int.com\/es\/wp-json\/wp\/v2\/pages\/11840\/revisions\/17468"}],"wp:attachment":[{"href":"https:\/\/antea-int.com\/es\/wp-json\/wp\/v2\/media?parent=11840"}],"curies":[{"name":"wp","href":"https:\/\/api.w.org\/{rel}","templated":true}]}}