{"id":12307,"date":"2023-02-11T09:40:33","date_gmt":"2023-02-11T08:40:33","guid":{"rendered":"https:\/\/antea-int.com\/?page_id=12307"},"modified":"2023-10-26T11:57:44","modified_gmt":"2023-10-26T10:57:44","slug":"beneficios-para-miembros","status":"publish","type":"page","link":"https:\/\/antea-int.com\/es\/beneficios-para-miembros\/","title":{"rendered":"Beneficios para miembros"},"content":{"rendered":"<div class=\"vce-row-container\"><div class=\"vce-row vce-element--has-background vce-row--col-gap-0 vce-row-no-paddings vce-row-content--top\" data-vce-full-width=\"true\" data-vce-stretch-content=\"true\" id=\"el-fcbf410d\" data-vce-do-apply=\"all el-fcbf410d\"><div class=\"vce-content-background-container\"><div class=\"vce-asset-background-simple-container vce-visible-all-only vce-asset-background-simple--style-cover vce-asset-background-simple--position-left-center\"><div class=\"vce-asset-background-simple\">\n              <div style='background-image: url(\"https:\/\/antea-int.com\/wp-content\/uploads\/2023\/09\/Enjoy_Your_benefits_.png\");'  class=\"vce-asset-background-simple-item vcv-lozad\" ><\/div>\n              <noscript>\n                <div class=\"vce-asset-background-simple-item\" style=\"background-image: url(https:\/\/antea-int.com\/wp-content\/uploads\/2023\/09\/Enjoy_Your_benefits_.png)\"><\/div>\n              <\/noscript>\n            <\/div><\/div><div class=\"vce-asset-color-gradient-container vce-visible-all-only\" data-vce-do-apply=\"gradient el-fcbf410d\"><\/div><\/div><div class=\"vce-row-content\" data-vce-element-content=\"true\"><div class=\"vce-col vce-col--md-auto vce-col--xs-1 vce-col--xs-last vce-col--xs-first vce-col--sm-last vce-col--sm-first vce-col--md-last vce-col--lg-last vce-col--xl-last vce-col--md-first vce-col--lg-first vce-col--xl-first\" id=\"el-b50bad08\"><div class=\"vce-col-inner\" data-vce-do-apply=\"border margin background  el-b50bad08\"><div class=\"vce-col-content\" data-vce-element-content=\"true\" data-vce-do-apply=\"padding el-b50bad08\"><div class=\"vce-text-block\"><div class=\"vce-text-block-wrapper vce\" id=\"el-ba334d04\" data-vce-do-apply=\"all el-ba334d04\" data-vce-animate=\"vce-o-animate--None\"><h1 style=\"margin-left: 40px; text-align: left;\"><span style=\"color: #ffffff;\">DISFRUTA DE NUESTROS BENEFICIOS<\/span><\/h1><\/div><\/div><\/div><\/div><\/div><\/div><\/div><\/div><div class=\"vce-row-container\"><div class=\"vce-row vce-row--col-gap-50 vce-row-no-paddings vce-row-equal-height vce-row-content--middle\" data-vce-full-width=\"true\" data-vce-stretch-content=\"true\" id=\"el-cb65c704\" data-vce-do-apply=\"all el-cb65c704\"><div class=\"vce-content-background-container\"><\/div><div class=\"vce-row-content\" data-vce-element-content=\"true\"><div class=\"vce-col vce-col--md-auto vce-col--xs-1 vce-col--xs-last vce-col--xs-first vce-col--sm-last vce-col--sm-first vce-col--md-last vce-col--lg-last vce-col--xl-last vce-col--md-first vce-col--lg-first vce-col--xl-first\" id=\"el-a9ea579d\"><div class=\"vce-col-inner\" data-vce-do-apply=\"border margin background  el-a9ea579d\"><div class=\"vce-content-background-container\"><\/div><div class=\"vce-col-content\" data-vce-element-content=\"true\" data-vce-do-apply=\"padding el-a9ea579d\"><div class=\"vce-text-block title-antea\"><div class=\"vce-text-block-wrapper vce\" id=\"el-c83772af\" data-vce-do-apply=\"all el-c83772af\"><h2><span style=\"font-family: Roboto Condensed; font-weight: 300; font-style: normal;\">BENEFICIOS PARA MIEMBROS<br><\/span><\/h2><\/div><\/div><\/div><\/div><\/div><\/div><\/div><\/div><div class=\"vce-row-container\"><div class=\"vce-row vce-row--col-gap-50 vce-row-no-paddings vce-row-equal-height vce-row-content--top\" data-vce-full-width=\"true\" data-vce-stretch-content=\"true\" id=\"el-e2a5183b\" data-vce-do-apply=\"all el-e2a5183b\"><div class=\"vce-content-background-container\"><\/div><div class=\"vce-row-content\" data-vce-element-content=\"true\"><div class=\"vce-col vce-col--xs-100p vce-col--xs-visible vce-col--xs-last vce-col--xs-first vce-col--sm-100p vce-col--sm-visible vce-col--sm-last vce-col--sm-first vce-col--md-100p vce-col--md-visible vce-col--md-last vce-col--md-first vce-col--lg-auto vce-col--lg-visible vce-col--lg-first vce-col--xl-auto vce-col--xl-visible vce-col--xl-first\" id=\"el-3cd7c4b2\"><div class=\"vce-col-inner\" data-vce-do-apply=\"border margin background  el-3cd7c4b2\"><div class=\"vce-content-background-container\"><\/div><div class=\"vce-col-content\" data-vce-element-content=\"true\" data-vce-do-apply=\"padding el-3cd7c4b2\"><div class=\"vce-text-block\"><div class=\"vce-text-block-wrapper vce\" id=\"el-fccf2ad9\" data-vce-do-apply=\"all el-fccf2ad9\"><ul><li>ANTEA le brinda a su empresa la oportunidad de permanecer independiente pero a\u00fan as\u00ed obtener las ventajas de una asociaci\u00f3n internacional al aprovechar su experiencia, compartir las mejores pr\u00e1cticas y ofrecer a sus clientes acceso a recursos internacionales. Creemos firmemente en nuestra filosof\u00eda corporativa: \"mejorar compartiendo\".<\/li><li>Cuenta con el apoyo de un equipo de m\u00e1s de 5,000 profesionales en todo el mundo, especializados en atender las necesidades internacionales de los clientes.<\/li><\/ul><\/div><\/div><\/div><\/div><\/div><div class=\"vce-col vce-col--xs-100p vce-col--xs-visible vce-col--xs-last vce-col--xs-first vce-col--sm-100p vce-col--sm-visible vce-col--sm-last vce-col--sm-first vce-col--md-100p vce-col--md-visible vce-col--md-last vce-col--md-first vce-col--lg-auto vce-col--lg-visible vce-col--lg-last vce-col--xl-auto vce-col--xl-visible vce-col--xl-last\" id=\"el-2b50bea7\"><div class=\"vce-col-inner\" data-vce-do-apply=\"border margin background  el-2b50bea7\"><div class=\"vce-content-background-container\"><\/div><div class=\"vce-col-content\" data-vce-element-content=\"true\" data-vce-do-apply=\"padding el-2b50bea7\"><div class=\"vce-text-block\"><div class=\"vce-text-block-wrapper vce\" id=\"el-d5c060fb\" data-vce-do-apply=\"all el-d5c060fb\"><ul><li>Su organizaci\u00f3n recibir\u00e1 el respaldo de una prestigiosa asociaci\u00f3n internacional de empresas independientes, con una reconocida reputaci\u00f3n en consultor\u00eda, auditor\u00eda, asesor\u00eda fiscal y legal<\/li><li>Ampl\u00eda tu base de clientes aprovechando las oportunidades de networking con otros miembros<\/li><li>El costo de membres\u00eda es relativamente bajo en comparaci\u00f3n con otras asociaciones de firmas independientes. La admisi\u00f3n de nuevos miembros est\u00e1 sujeta a estrictos requisitos para garantizar altos est\u00e1ndares de calidad.<\/li><\/ul><\/div><\/div><\/div><\/div><\/div><\/div><\/div><\/div><div class=\"vce-row-container\" id=\"cta-antea\"><div class=\"vce-row vce-element--has-background vce-row--col-gap-50 vce-row-no-paddings vce-row-equal-height vce-row-content--top\" data-vce-full-width=\"true\" data-vce-stretch-content=\"true\" id=\"el-56e862f6\" data-vce-do-apply=\"all el-56e862f6\"><div class=\"vce-content-background-container\"><\/div><div class=\"vce-row-content\" data-vce-element-content=\"true\"><div class=\"vce-col vce-col--md-auto vce-col--xs-1 vce-col--xs-last vce-col--xs-first vce-col--sm-last vce-col--sm-first vce-col--md-last vce-col--lg-last vce-col--xl-last vce-col--md-first vce-col--lg-first vce-col--xl-first\" id=\"el-c71652ec\"><div class=\"vce-col-inner\" data-vce-do-apply=\"border margin background  el-c71652ec\"><div class=\"vce-content-background-container\"><\/div><div class=\"vce-col-content\" data-vce-element-content=\"true\" data-vce-do-apply=\"padding el-c71652ec\"><div class=\"vce-raw-html\"><div class=\"vce-raw-html-wrapper\" id=\"el-48db6042\" data-vce-do-apply=\"all el-48db6042\"><span>\u00bfQuieres descubrir m\u00e1s sobre Antea?<\/span> <a href=\"https:\/\/antea-int.com\/es\/contacta-con-antea\/unete-a-antea\/\" class=\"button pulse\">\u00daNETE A ANTEA<\/a><\/div><\/div><\/div><\/div><\/div><\/div><\/div><\/div><div class=\"vce-row-container\"><div class=\"vce-row vce-row--col-gap-50 vce-row-no-paddings vce-row-equal-height vce-row-content--middle\" data-vce-full-width=\"true\" data-vce-stretch-content=\"true\" id=\"el-b4ec698c\" data-vce-do-apply=\"all el-b4ec698c\"><div class=\"vce-content-background-container\"><\/div><div class=\"vce-row-content\" data-vce-element-content=\"true\"><div class=\"vce-col vce-col--md-auto vce-col--xs-1 vce-col--xs-last vce-col--xs-first vce-col--sm-last vce-col--sm-first vce-col--md-last vce-col--lg-last vce-col--xl-last vce-col--md-first vce-col--lg-first vce-col--xl-first\" id=\"el-8b1c5728\"><div class=\"vce-col-inner\" data-vce-do-apply=\"border margin background  el-8b1c5728\"><div class=\"vce-content-background-container\"><\/div><div class=\"vce-col-content\" data-vce-element-content=\"true\" data-vce-do-apply=\"padding el-8b1c5728\"><div class=\"vce-text-block\"><div class=\"vce-text-block-wrapper vce\" id=\"el-f3e7d9f4\" data-vce-do-apply=\"all el-f3e7d9f4\"><h2><span style=\"font-family: Roboto; font-weight: bold; font-style: normal;\">Lo que dicen nuestros miembros<\/span><\/h2><\/div><\/div><\/div><\/div><\/div><\/div><\/div><\/div><div class=\"vce-row-container\"><div class=\"vce-row vce-row--col-gap-30 news-home-antea vce-row-no-paddings vce-row-equal-height vce-row-content--top\" data-vce-full-width=\"true\" data-vce-stretch-content=\"true\" id=\"el-c7bfe979\" data-vce-do-apply=\"all el-c7bfe979\"><div class=\"vce-content-background-container\"><\/div><div class=\"vce-row-content\" data-vce-element-content=\"true\"><div class=\"vce-col vce-col--xs-100p vce-col--xs-visible vce-col--xs-last vce-col--xs-first vce-col--sm-100p vce-col--sm-visible vce-col--sm-last vce-col--sm-first vce-col--md-50p vce-col--md-visible vce-col--md-first vce-col--lg-50p vce-col--lg-visible vce-col--lg-first vce-col--xl-auto vce-col--xl-visible vce-col--xl-first\" id=\"el-9bf29d6a\"><div class=\"vce-col-inner\" data-vce-do-apply=\"border margin background  el-9bf29d6a\"><div class=\"vce-content-background-container\"><\/div><div class=\"vce-col-content\" data-vce-element-content=\"true\" data-vce-do-apply=\"padding el-9bf29d6a\"><div class=\"vce-yt-video-player vce-yt-video-player--align-left vce-yt-video-player--size-853x480\"><div class=\"vce vce-yt-video-player-wrapper\" id=\"el-15020943\" data-vce-do-apply=\"all el-15020943\" style=\"width: 853px;\"><div class=\"vce-yt-video-player-inner\"><iframe class=\"vce-yt-video-player-iframe\" src=\"https:\/\/www.youtube.com\/embed\/Larn5pe1av8?autoplay=0&amp;mute=0&amp;color=red&amp;controls=0&amp;loop=0&amp;rel=0&amp;start=0&amp;cc_load_policy=0&amp;iv_load_policy=3&amp;enablejsapi=1\" width=\"640\" height=\"390\" allowfullscreen=\"\" title=\"YouTube video\"><\/iframe><\/div><\/div><\/div><div class=\"vce-text-block\"><div class=\"vce-text-block-wrapper vce\" id=\"el-502f7fce\" data-vce-do-apply=\"all el-502f7fce\"><h5 style=\"text-align: center;\" data-wahfont=\"22\"><span style=\"font-size: 14pt;\" data-wahfont=\"18\"><strong>Testimonio | La calidad importa<br><\/strong><\/span><\/h5><p style=\"text-align: center;\">Ben Loveday, socio de Antea en el Reino Unido y miembro de la Junta, explica la importancia de la calidad en la prestaci\u00f3n de servicios.<\/p><\/div><\/div><\/div><\/div><\/div><div class=\"vce-col vce-col--xs-100p vce-col--xs-visible vce-col--xs-last vce-col--xs-first vce-col--sm-100p vce-col--sm-visible vce-col--sm-last vce-col--sm-first vce-col--md-50p vce-col--md-visible vce-col--md-last vce-col--lg-50p vce-col--lg-visible vce-col--lg-last vce-col--xl-auto vce-col--xl-visible\" id=\"el-6fa57c58\"><div class=\"vce-col-inner\" data-vce-do-apply=\"border margin background  el-6fa57c58\"><div class=\"vce-content-background-container\"><\/div><div class=\"vce-col-content\" data-vce-element-content=\"true\" data-vce-do-apply=\"padding el-6fa57c58\"><div class=\"vce-yt-video-player vce-yt-video-player--align-left vce-yt-video-player--size-853x480\"><div class=\"vce vce-yt-video-player-wrapper\" id=\"el-01ae2437\" data-vce-do-apply=\"all el-01ae2437\" style=\"width: 853px;\"><div class=\"vce-yt-video-player-inner\"><iframe class=\"vce-yt-video-player-iframe\" src=\"https:\/\/www.youtube.com\/embed\/iGD7MXf2lFk?autoplay=0&amp;mute=0&amp;color=red&amp;controls=0&amp;loop=0&amp;rel=0&amp;start=0&amp;cc_load_policy=0&amp;iv_load_policy=3&amp;enablejsapi=1\" width=\"640\" height=\"390\" allowfullscreen=\"\" title=\"YouTube video\"><\/iframe><\/div><\/div><\/div><div class=\"vce-text-block\"><div class=\"vce-text-block-wrapper vce\" id=\"el-f17eaca7\" data-vce-do-apply=\"all el-f17eaca7\"><h5 style=\"text-align: center;\" data-wahfont=\"22\"><span style=\"font-size: 14pt;\" data-wahfont=\"18\"><strong>\u00bfC\u00f3mo puede ayudar Antea a servir a los clientes a nivel internacional?<\/strong><\/span><\/h5>\n<p style=\"text-align: center;\" data-wahfont=\"16\">Antoni G\u00f3mez, director general de Antea, explica los beneficios dentro de la organizaci\u00f3n.<\/p><\/div><\/div><\/div><\/div><\/div><div class=\"vce-col vce-col--xs-100p vce-col--xs-visible vce-col--xs-last vce-col--xs-first vce-col--sm-100p vce-col--sm-visible vce-col--sm-last vce-col--sm-first vce-col--md-50p vce-col--md-visible vce-col--md-first vce-col--lg-50p vce-col--lg-visible vce-col--lg-first vce-col--xl-auto vce-col--xl-visible\" id=\"el-85e0ab17\"><div class=\"vce-col-inner\" data-vce-do-apply=\"border margin background  el-85e0ab17\"><div class=\"vce-content-background-container\"><\/div><div class=\"vce-col-content\" data-vce-element-content=\"true\" data-vce-do-apply=\"padding el-85e0ab17\"><div class=\"vce-yt-video-player vce-yt-video-player--align-left vce-yt-video-player--size-853x480\"><div class=\"vce vce-yt-video-player-wrapper\" id=\"el-a83aeef7\" data-vce-do-apply=\"all el-a83aeef7\" style=\"width: 853px;\"><div class=\"vce-yt-video-player-inner\"><iframe class=\"vce-yt-video-player-iframe\" src=\"https:\/\/www.youtube.com\/embed\/KbGplfRyKEk?autoplay=0&amp;mute=0&amp;color=red&amp;controls=0&amp;loop=0&amp;rel=0&amp;start=0&amp;cc_load_policy=0&amp;iv_load_policy=3&amp;enablejsapi=1\" width=\"640\" height=\"390\" allowfullscreen=\"\" title=\"YouTube video\"><\/iframe><\/div><\/div><\/div><div class=\"vce-text-block\"><div class=\"vce-text-block-wrapper vce\" id=\"el-e372a9e5\" data-vce-do-apply=\"all el-e372a9e5\"><h5 style=\"text-align: center;\" data-wahfont=\"22\"><span style=\"font-size: 14pt;\" data-wahfont=\"18\"><strong>Caso de \u00c9xito | Antea como pieza esencial<\/strong><\/span><\/h5>\n<p style=\"text-align: center;\" data-wahfont=\"22\"><span style=\"font-size: 12pt; font-weight: 400; font-style: normal;\">Llu\u00eds Basart, testimonio que presenta un caso de \u00e9xito en el que Antea jug\u00f3 un papel importante para conseguir unos resultados sobresalientes.<\/span><\/p><\/div><\/div><\/div><\/div><\/div><div class=\"vce-col vce-col--xs-100p vce-col--xs-visible vce-col--xs-last vce-col--xs-first vce-col--sm-100p vce-col--sm-visible vce-col--sm-last vce-col--sm-first vce-col--md-50p vce-col--md-visible vce-col--md-last vce-col--lg-50p vce-col--lg-visible vce-col--lg-last vce-col--xl-auto vce-col--xl-visible vce-col--xl-last\" id=\"el-58377462\"><div class=\"vce-col-inner\" data-vce-do-apply=\"border margin background  el-58377462\"><div class=\"vce-content-background-container\"><\/div><div class=\"vce-col-content\" data-vce-element-content=\"true\" data-vce-do-apply=\"padding el-58377462\"><div class=\"vce-yt-video-player vce-yt-video-player--align-left vce-yt-video-player--size-853x480\"><div class=\"vce vce-yt-video-player-wrapper\" id=\"el-25e799c0\" data-vce-do-apply=\"all el-25e799c0\" style=\"width: 853px;\"><div class=\"vce-yt-video-player-inner\"><iframe class=\"vce-yt-video-player-iframe\" src=\"https:\/\/www.youtube.com\/embed\/03h2Jw6WqOY?autoplay=0&amp;mute=0&amp;color=red&amp;controls=0&amp;loop=0&amp;rel=0&amp;start=0&amp;cc_load_policy=0&amp;iv_load_policy=3&amp;enablejsapi=1\" width=\"640\" height=\"390\" allowfullscreen=\"\" title=\"YouTube video\"><\/iframe><\/div><\/div><\/div><div class=\"vce-text-block\"><div class=\"vce-text-block-wrapper vce\" id=\"el-a3be8a08\" data-vce-do-apply=\"all el-a3be8a08\"><h5 style=\"text-align: center;\" data-wahfont=\"22\"><span style=\"font-size: 14pt;\" data-wahfont=\"18\"><strong>El valor de la organizaci\u00f3n de Antea<\/strong><\/span><\/h5>\n<p style=\"text-align: center;\" data-wahfont=\"16\">Ofir Angel, presidente de Antea define la singularidad de la alianza y los servicios prestados.<\/p><\/div><\/div><\/div><\/div><\/div><\/div><\/div><\/div>\n","protected":false},"excerpt":{"rendered":"<p>DISFRUTA DE NUESTROS BENEFICIOSBENEFICIOS PARA MIEMBROSANTEA le brinda a su empresa la oportunidad de permanecer independiente pero a\u00fan as\u00ed obtener las ventajas de una asociaci\u00f3n internacional al aprovechar su experiencia, compartir las mejores pr\u00e1cticas y ofrecer a sus clientes acceso a recursos internacionales. Creemos firmemente en nuestra filosof\u00eda corporativa: \u00abmejorar compartiendo\u00bb.Cuenta con el apoyo de [&hellip;]<\/p>\n","protected":false},"author":1,"featured_media":0,"parent":0,"menu_order":20,"comment_status":"closed","ping_status":"closed","template":"","meta":{"_acf_changed":false,"footnotes":""},"class_list":["post-12307","page","type-page","status-publish","hentry"],"acf":[],"yoast_head":"<!-- This site is optimized with the Yoast SEO plugin v26.9 - https:\/\/yoast.com\/product\/yoast-seo-wordpress\/ -->\n<title>Beneficios para miembros : Antea<\/title>\n<meta name=\"robots\" content=\"index, follow, max-snippet:-1, max-image-preview:large, max-video-preview:-1\" \/>\n<link rel=\"canonical\" href=\"https:\/\/antea-int.com\/es\/beneficios-para-miembros\/\" \/>\n<meta property=\"og:locale\" content=\"es_ES\" \/>\n<meta property=\"og:type\" content=\"article\" \/>\n<meta property=\"og:title\" content=\"Beneficios para miembros : Antea\" \/>\n<meta property=\"og:description\" content=\"DISFRUTA DE NUESTROS BENEFICIOSBENEFICIOS PARA MIEMBROSANTEA le brinda a su empresa la oportunidad de permanecer independiente pero a\u00fan as\u00ed obtener las ventajas de una asociaci\u00f3n internacional al aprovechar su experiencia, compartir las mejores pr\u00e1cticas y ofrecer a sus clientes acceso a recursos internacionales. Creemos firmemente en nuestra filosof\u00eda corporativa: &quot;mejorar compartiendo&quot;.Cuenta con el apoyo de [&hellip;]\" \/>\n<meta property=\"og:url\" content=\"https:\/\/antea-int.com\/es\/beneficios-para-miembros\/\" \/>\n<meta property=\"og:site_name\" content=\"Antea\" \/>\n<meta property=\"article:modified_time\" content=\"2023-10-26T10:57:44+00:00\" \/>\n<meta name=\"twitter:card\" content=\"summary_large_image\" \/>\n<meta name=\"twitter:site\" content=\"@AnteaAlliance\" \/>\n<script type=\"application\/ld+json\" class=\"yoast-schema-graph\">{\"@context\":\"https:\/\/schema.org\",\"@graph\":[{\"@type\":\"WebPage\",\"@id\":\"https:\/\/antea-int.com\/es\/beneficios-para-miembros\/\",\"url\":\"https:\/\/antea-int.com\/es\/beneficios-para-miembros\/\",\"name\":\"Beneficios para miembros : Antea\",\"isPartOf\":{\"@id\":\"https:\/\/antea-int.com\/#website\"},\"datePublished\":\"2023-02-11T08:40:33+00:00\",\"dateModified\":\"2023-10-26T10:57:44+00:00\",\"breadcrumb\":{\"@id\":\"https:\/\/antea-int.com\/es\/beneficios-para-miembros\/#breadcrumb\"},\"inLanguage\":\"es\",\"potentialAction\":[{\"@type\":\"ReadAction\",\"target\":[\"https:\/\/antea-int.com\/es\/beneficios-para-miembros\/\"]}]},{\"@type\":\"BreadcrumbList\",\"@id\":\"https:\/\/antea-int.com\/es\/beneficios-para-miembros\/#breadcrumb\",\"itemListElement\":[{\"@type\":\"ListItem\",\"position\":1,\"name\":\"Home\",\"item\":\"https:\/\/antea-int.com\/es\/\"},{\"@type\":\"ListItem\",\"position\":2,\"name\":\"Beneficios para miembros\"}]},{\"@type\":\"WebSite\",\"@id\":\"https:\/\/antea-int.com\/#website\",\"url\":\"https:\/\/antea-int.com\/\",\"name\":\"Antea\",\"description\":\"Professional Solutions Wordlwide\",\"publisher\":{\"@id\":\"https:\/\/antea-int.com\/#organization\"},\"potentialAction\":[{\"@type\":\"SearchAction\",\"target\":{\"@type\":\"EntryPoint\",\"urlTemplate\":\"https:\/\/antea-int.com\/?s={search_term_string}\"},\"query-input\":{\"@type\":\"PropertyValueSpecification\",\"valueRequired\":true,\"valueName\":\"search_term_string\"}}],\"inLanguage\":\"es\"},{\"@type\":\"Organization\",\"@id\":\"https:\/\/antea-int.com\/#organization\",\"name\":\"Antea Alliance of independent firms\",\"url\":\"https:\/\/antea-int.com\/\",\"logo\":{\"@type\":\"ImageObject\",\"inLanguage\":\"es\",\"@id\":\"https:\/\/antea-int.com\/#\/schema\/logo\/image\/\",\"url\":\"https:\/\/antea-int.com\/wp-content\/uploads\/2024\/07\/cropped-Logo-Antea-150x150-1.png\",\"contentUrl\":\"https:\/\/antea-int.com\/wp-content\/uploads\/2024\/07\/cropped-Logo-Antea-150x150-1.png\",\"width\":150,\"height\":150,\"caption\":\"Antea Alliance of independent firms\"},\"image\":{\"@id\":\"https:\/\/antea-int.com\/#\/schema\/logo\/image\/\"},\"sameAs\":[\"https:\/\/x.com\/AnteaAlliance\",\"https:\/\/www.linkedin.com\/company\/2413082\/\",\"https:\/\/www.youtube.com\/channel\/UCXABuVrCci8n8oIisnnv9SA\"]}]}<\/script>\n<!-- \/ Yoast SEO plugin. -->","yoast_head_json":{"title":"Beneficios para miembros : Antea","robots":{"index":"index","follow":"follow","max-snippet":"max-snippet:-1","max-image-preview":"max-image-preview:large","max-video-preview":"max-video-preview:-1"},"canonical":"https:\/\/antea-int.com\/es\/beneficios-para-miembros\/","og_locale":"es_ES","og_type":"article","og_title":"Beneficios para miembros : Antea","og_description":"DISFRUTA DE NUESTROS BENEFICIOSBENEFICIOS PARA MIEMBROSANTEA le brinda a su empresa la oportunidad de permanecer independiente pero a\u00fan as\u00ed obtener las ventajas de una asociaci\u00f3n internacional al aprovechar su experiencia, compartir las mejores pr\u00e1cticas y ofrecer a sus clientes acceso a recursos internacionales. Creemos firmemente en nuestra filosof\u00eda corporativa: \"mejorar compartiendo\".Cuenta con el apoyo de [&hellip;]","og_url":"https:\/\/antea-int.com\/es\/beneficios-para-miembros\/","og_site_name":"Antea","article_modified_time":"2023-10-26T10:57:44+00:00","twitter_card":"summary_large_image","twitter_site":"@AnteaAlliance","schema":{"@context":"https:\/\/schema.org","@graph":[{"@type":"WebPage","@id":"https:\/\/antea-int.com\/es\/beneficios-para-miembros\/","url":"https:\/\/antea-int.com\/es\/beneficios-para-miembros\/","name":"Beneficios para miembros : Antea","isPartOf":{"@id":"https:\/\/antea-int.com\/#website"},"datePublished":"2023-02-11T08:40:33+00:00","dateModified":"2023-10-26T10:57:44+00:00","breadcrumb":{"@id":"https:\/\/antea-int.com\/es\/beneficios-para-miembros\/#breadcrumb"},"inLanguage":"es","potentialAction":[{"@type":"ReadAction","target":["https:\/\/antea-int.com\/es\/beneficios-para-miembros\/"]}]},{"@type":"BreadcrumbList","@id":"https:\/\/antea-int.com\/es\/beneficios-para-miembros\/#breadcrumb","itemListElement":[{"@type":"ListItem","position":1,"name":"Home","item":"https:\/\/antea-int.com\/es\/"},{"@type":"ListItem","position":2,"name":"Beneficios para miembros"}]},{"@type":"WebSite","@id":"https:\/\/antea-int.com\/#website","url":"https:\/\/antea-int.com\/","name":"Antea","description":"Professional Solutions Wordlwide","publisher":{"@id":"https:\/\/antea-int.com\/#organization"},"potentialAction":[{"@type":"SearchAction","target":{"@type":"EntryPoint","urlTemplate":"https:\/\/antea-int.com\/?s={search_term_string}"},"query-input":{"@type":"PropertyValueSpecification","valueRequired":true,"valueName":"search_term_string"}}],"inLanguage":"es"},{"@type":"Organization","@id":"https:\/\/antea-int.com\/#organization","name":"Antea Alliance of independent firms","url":"https:\/\/antea-int.com\/","logo":{"@type":"ImageObject","inLanguage":"es","@id":"https:\/\/antea-int.com\/#\/schema\/logo\/image\/","url":"https:\/\/antea-int.com\/wp-content\/uploads\/2024\/07\/cropped-Logo-Antea-150x150-1.png","contentUrl":"https:\/\/antea-int.com\/wp-content\/uploads\/2024\/07\/cropped-Logo-Antea-150x150-1.png","width":150,"height":150,"caption":"Antea Alliance of independent firms"},"image":{"@id":"https:\/\/antea-int.com\/#\/schema\/logo\/image\/"},"sameAs":["https:\/\/x.com\/AnteaAlliance","https:\/\/www.linkedin.com\/company\/2413082\/","https:\/\/www.youtube.com\/channel\/UCXABuVrCci8n8oIisnnv9SA"]}]}},"_links":{"self":[{"href":"https:\/\/antea-int.com\/es\/wp-json\/wp\/v2\/pages\/12307","targetHints":{"allow":["GET"]}}],"collection":[{"href":"https:\/\/antea-int.com\/es\/wp-json\/wp\/v2\/pages"}],"about":[{"href":"https:\/\/antea-int.com\/es\/wp-json\/wp\/v2\/types\/page"}],"author":[{"embeddable":true,"href":"https:\/\/antea-int.com\/es\/wp-json\/wp\/v2\/users\/1"}],"replies":[{"embeddable":true,"href":"https:\/\/antea-int.com\/es\/wp-json\/wp\/v2\/comments?post=12307"}],"version-history":[{"count":9,"href":"https:\/\/antea-int.com\/es\/wp-json\/wp\/v2\/pages\/12307\/revisions"}],"predecessor-version":[{"id":14760,"href":"https:\/\/antea-int.com\/es\/wp-json\/wp\/v2\/pages\/12307\/revisions\/14760"}],"wp:attachment":[{"href":"https:\/\/antea-int.com\/es\/wp-json\/wp\/v2\/media?parent=12307"}],"curies":[{"name":"wp","href":"https:\/\/api.w.org\/{rel}","templated":true}]}}