{"id":13376,"date":"2023-03-03T01:35:02","date_gmt":"2023-03-03T00:35:02","guid":{"rendered":"https:\/\/antea-int.com\/?page_id=13376"},"modified":"2023-07-06T16:10:44","modified_gmt":"2023-07-06T15:10:44","slug":"noticias","status":"publish","type":"page","link":"https:\/\/antea-int.com\/es\/noticias-y-publicaciones\/noticias\/","title":{"rendered":"Noticias"},"content":{"rendered":"<div class=\"vce-row-container\"><div class=\"vce-row vce-element--has-background vce-row--col-gap-20 menu-news vce-row-no-paddings vce-row-equal-height vce-row-content--middle\" data-vce-full-width=\"true\" data-vce-stretch-content=\"true\" id=\"el-76496dc0\" data-vce-do-apply=\"all el-76496dc0\"><div class=\"vce-content-background-container\"><\/div><div class=\"vce-row-content\" data-vce-element-content=\"true\"><div class=\"vce-col vce-col--xs-100p vce-col--xs-visible vce-col--xs-last vce-col--xs-first vce-col--sm-100p vce-col--sm-visible vce-col--sm-last vce-col--sm-first vce-col--md-100p vce-col--md-visible vce-col--md-last vce-col--md-first vce-col--lg-30p vce-col--lg-visible vce-col--lg-first vce-col--xl-30p vce-col--xl-visible vce-col--xl-first\" id=\"el-acc4f346\"><div class=\"vce-col-inner\" data-vce-do-apply=\"border margin background  el-acc4f346\"><div class=\"vce-col-content\" data-vce-element-content=\"true\" data-vce-do-apply=\"padding el-acc4f346\"><div class=\"vce-google-fonts-heading vce-google-fonts-heading--align-left vce-google-fonts-heading--color-b-0-0-0--45--5C00FF--FF7200 vce-google-fonts-heading--font-family-Roboto\"><div id=\"el-4800038a\" class=\"vce-google-fonts-heading-wrapper\"><div class=\"vce-google-fonts-heading--background vce\" data-vce-do-apply=\"border background  padding margin el-4800038a\"><h1 class=\"vce-google-fonts-heading-inner\" style=\"font-weight: 400; font-style: normal; font-size: 42px;\" data-wahfont=\"42\">Noticias<\/h1><\/div><\/div><\/div><\/div><\/div><\/div><div class=\"vce-col vce-col--xs-100p vce-col--xs-visible vce-col--xs-last vce-col--xs-first vce-col--sm-100p vce-col--sm-visible vce-col--sm-last vce-col--sm-first vce-col--md-auto vce-col--md-visible vce-col--md-last vce-col--md-first vce-col--lg-auto vce-col--lg-visible vce-col--lg-last vce-col--xl-auto vce-col--xl-visible vce-col--xl-last\" id=\"el-57c7bc97\"><div class=\"vce-col-inner\" data-vce-do-apply=\"border margin background  el-57c7bc97\"><div class=\"vce-col-content\" data-vce-element-content=\"true\" data-vce-do-apply=\"padding el-57c7bc97\"><div class=\"vce-shortcode\"><div class=\"vce-shortcode-wrapper vce\" id=\"el-ef32967a\" data-vce-do-apply=\"all el-ef32967a\"><div class=\"filters-antea\"><select name=\"filter-publications\" id=\"filter-publications\"><option selected=\"true\" value=\"16\">Todas las Noticias<\/option><option value=\"198\">Rankings<\/option><option value=\"197\">Miembros<\/option><option value=\"196\">Noticias asociaci\u00f3n<\/option><\/select><input type=\"text\" id=\"search-input\" name=\"search-input\" size=\"18\"><input id=\"search-button\" class=\"search-button\" type=\"button\" value=\"Buscar\"><\/div><\/div><\/div><\/div><\/div><\/div><\/div><\/div><\/div><div class=\"vce-row-container\"><div class=\"vce-row vce-row--col-gap-0 vce-row-no-paddings vce-row-equal-height vce-row-content--top\" data-vce-full-width=\"true\" data-vce-stretch-content=\"true\" id=\"el-04504cc4\" data-vce-do-apply=\"all el-04504cc4\"><div class=\"vce-content-background-container\"><\/div><div class=\"vce-row-content\" data-vce-element-content=\"true\"><div class=\"vce-col vce-col--md-auto vce-col--xs-1 vce-col--xs-last vce-col--xs-first vce-col--sm-last vce-col--sm-first vce-col--md-last vce-col--lg-last vce-col--xl-last vce-col--md-first vce-col--lg-first vce-col--xl-first\" id=\"el-2ef505a9\"><div class=\"vce-col-inner\" data-vce-do-apply=\"border margin background  el-2ef505a9\"><div class=\"vce-content-background-container\"><\/div><div class=\"vce-col-content\" data-vce-element-content=\"true\" data-vce-do-apply=\"padding el-2ef505a9\"><div class=\"vce-text-block\"><div class=\"vce-text-block-wrapper vce\" id=\"el-9877772d\" data-vce-do-apply=\"all el-9877772d\"><h4>Nuevos miembros, novedades y rankings.<\/h4><\/div><\/div><div class=\"vce-posts-grid-container news-grid\" style=\"--gapPx: 40px; --columns: 4; --paginationColor: rgb(255, 255, 255); --paginationActiveColor: #557CBF; --paginationTextColor: #3d3d3d; --paginationActiveTextColor: #FFF; --paginationHoverColor: rgb(242,242,242); --paginationActiveHoverColor: #5176b5;\"><div class=\"vce vce-posts-grid-wrapper\" id=\"el-f0860399\" data-vce-do-apply=\"all el-f0860399\"><div class=\"vce-posts-grid-list\"><article class=\"vce-posts-grid-item\"><div class=\"vce-post-description vce-post-description--has-background\" style=\"background-color:rgba(0, 0, 0, 0)\"><a href=\"https:\/\/antea-int.com\/es\/noticias\/antea-refuerza-su-posicion-global-y-alcanza-el-puesto-11-en-el-ranking-mundial\/\" class=\"vce-post-description-link\" aria-label=\"Antea refuerza su posici\u00f3n global y alcanza el puesto 11 en el ranking mundial\"><\/a><div class=\"vce-post-description--background-wrapper-box\">\n    <div class=\"vce-post-description--background-wrapper\">\n        <div class=\"vce-post-description--background\" style=\"background-image: url(https:\/\/antea-int.com\/wp-content\/uploads\/2026\/04\/FOTO-PORTADA-RANKINGS.png);\"><\/div>\n    <\/div>\n<\/div>\n<div class=\"vce-post-description--content vce-post-description-content--has-title vce-post-description-content--has-excerpt\">\n    <div class=\"vce-post-description--title\">\n    <h3>\n        <a href=\"https:\/\/antea-int.com\/es\/noticias\/antea-refuerza-su-posicion-global-y-alcanza-el-puesto-11-en-el-ranking-mundial\/\">Antea refuerza su posici\u00f3n global y alcanza el puesto 11 en el ranking mundial<\/a>\n    <\/h3>\n<\/div>\n    <div class=\"vce-post-description--excerpt\"><p>21\/04\/2026 Antea sigue consolidando su posicionamiento internacional en 2026, alcanzando el puesto 11 a nivel mundial en la \u00faltima edici\u00f3n del International Accounting Bulletin World Survey.<\/p>\n<\/div>\n<\/div>\n<\/div><\/article><article class=\"vce-posts-grid-item\"><div class=\"vce-post-description vce-post-description--has-background\" style=\"background-color:rgba(0, 0, 0, 0)\"><a href=\"https:\/\/antea-int.com\/es\/noticias\/antea-expande-su-cobertura-en-nepal\/\" class=\"vce-post-description-link\" aria-label=\"Antea expande su cobertura en Nepal\"><\/a><div class=\"vce-post-description--background-wrapper-box\">\n    <div class=\"vce-post-description--background-wrapper\">\n        <div class=\"vce-post-description--background\" style=\"background-image: url(https:\/\/antea-int.com\/wp-content\/uploads\/2026\/04\/Copia-de-NEW-MEMBER-PORTADA_WEB.jpg);\"><\/div>\n    <\/div>\n<\/div>\n<div class=\"vce-post-description--content vce-post-description-content--has-title vce-post-description-content--has-excerpt\">\n    <div class=\"vce-post-description--title\">\n    <h3>\n        <a href=\"https:\/\/antea-int.com\/es\/noticias\/antea-expande-su-cobertura-en-nepal\/\">Antea expande su cobertura en Nepal<\/a>\n    <\/h3>\n<\/div>\n    <div class=\"vce-post-description--excerpt\"><p>17\/04\/2026 Antea anuncia la incorporaci\u00f3n de RSMA Associates<\/p>\n<\/div>\n<\/div>\n<\/div><\/article><article class=\"vce-posts-grid-item\"><div class=\"vce-post-description vce-post-description--has-background\" style=\"background-color:rgba(0, 0, 0, 0)\"><a href=\"https:\/\/antea-int.com\/es\/noticias\/la-segunda-parte-del-ranking-europeo-confirma-un-gran-cierre-de-ano-para-antea\/\" class=\"vce-post-description-link\" aria-label=\"La segunda parte del ranking europeo confirma un gran cierre de a\u00f1o para Antea\"><\/a><div class=\"vce-post-description--background-wrapper-box\">\n    <div class=\"vce-post-description--background-wrapper\">\n        <div class=\"vce-post-description--background\" style=\"background-image: url(https:\/\/antea-int.com\/wp-content\/uploads\/2025\/12\/Portada-posicio-RANKINGS-5.png);\"><\/div>\n    <\/div>\n<\/div>\n<div class=\"vce-post-description--content vce-post-description-content--has-title vce-post-description-content--has-excerpt\">\n    <div class=\"vce-post-description--title\">\n    <h3>\n        <a href=\"https:\/\/antea-int.com\/es\/noticias\/la-segunda-parte-del-ranking-europeo-confirma-un-gran-cierre-de-ano-para-antea\/\">La segunda parte del ranking europeo confirma un gran cierre de a\u00f1o para Antea<\/a>\n    <\/h3>\n<\/div>\n    <div class=\"vce-post-description--excerpt\"><p>29\/12\/2025 Antea cierra el ejercicio fiscal con fuerza, tal y como refleja la segunda edici\u00f3n del ranking europeo del International Accounting Bulletin, que destaca un s\u00f3lido crecimiento y liderazgo en toda la regi\u00f3n<\/p>\n<\/div>\n<\/div>\n<\/div><\/article><article class=\"vce-posts-grid-item\"><div class=\"vce-post-description vce-post-description--has-background\" style=\"background-color:rgba(0, 0, 0, 0)\"><a href=\"https:\/\/antea-int.com\/es\/noticias\/lang-horgan-se-une-a-antea-reforzando-nuestra-presencia-en-el-reino-unido\/\" class=\"vce-post-description-link\" aria-label=\"Lang &amp; Horgan se une a Antea, reforzando nuestra presencia en el Reino Unido\"><\/a><div class=\"vce-post-description--background-wrapper-box\">\n    <div class=\"vce-post-description--background-wrapper\">\n        <div class=\"vce-post-description--background\" style=\"background-image: url(https:\/\/antea-int.com\/wp-content\/uploads\/2025\/12\/NEW-MEMBER-PORTADA_WEB.png);\"><\/div>\n    <\/div>\n<\/div>\n<div class=\"vce-post-description--content vce-post-description-content--has-title vce-post-description-content--has-excerpt\">\n    <div class=\"vce-post-description--title\">\n    <h3>\n        <a href=\"https:\/\/antea-int.com\/es\/noticias\/lang-horgan-se-une-a-antea-reforzando-nuestra-presencia-en-el-reino-unido\/\">Lang &amp; Horgan se une a Antea, reforzando nuestra presencia en el Reino Unido<\/a>\n    <\/h3>\n<\/div>\n    <div class=\"vce-post-description--excerpt\"><p>9\/12\/2025 Antea se complace en anunciar que Lang &#038; Horgan Limited, con sede en Basingstoke, Reino Unido, se incorpora como nuevo miembro de nuestra alianza global. <\/p>\n<\/div>\n<\/div>\n<\/div><\/article><article class=\"vce-posts-grid-item\"><div class=\"vce-post-description vce-post-description--has-background\" style=\"background-color:rgba(0, 0, 0, 0)\"><a href=\"https:\/\/antea-int.com\/es\/noticias\/iab-presenta-la-primera-parte-de-los-rankings-europeos-destacando-el-progreso-de-antea\/\" class=\"vce-post-description-link\" aria-label=\"IAB presenta la primera parte de los rankings europeos, destacando el progreso de Antea\"><\/a><div class=\"vce-post-description--background-wrapper-box\">\n    <div class=\"vce-post-description--background-wrapper\">\n        <div class=\"vce-post-description--background\" style=\"background-image: url(https:\/\/antea-int.com\/wp-content\/uploads\/2025\/12\/Portada-posicio-RANKINGS-4.png);\"><\/div>\n    <\/div>\n<\/div>\n<div class=\"vce-post-description--content vce-post-description-content--has-title vce-post-description-content--has-excerpt\">\n    <div class=\"vce-post-description--title\">\n    <h3>\n        <a href=\"https:\/\/antea-int.com\/es\/noticias\/iab-presenta-la-primera-parte-de-los-rankings-europeos-destacando-el-progreso-de-antea\/\">IAB presenta la primera parte de los rankings europeos, destacando el progreso de Antea<\/a>\n    <\/h3>\n<\/div>\n    <div class=\"vce-post-description--excerpt\"><p>05\/12\/2025 El International Accounting Bulletin ha publicado recientemente la primera parte de los rankings europeos, donde se destaca un logro notable para Antea, al escalar posiciones en m\u00faltiples clasificaciones respecto al a\u00f1o pasado.<\/p>\n<\/div>\n<\/div>\n<\/div><\/article><article class=\"vce-posts-grid-item\"><div class=\"vce-post-description vce-post-description--has-background\" style=\"background-color:rgba(0, 0, 0, 0)\"><a href=\"https:\/\/antea-int.com\/es\/noticias\/17228\/\" class=\"vce-post-description-link\" aria-label=\"Antea anuncia la renovaci\u00f3n de su Junta Directiva con el nombramiento de tres nuevos representantes\"><\/a><div class=\"vce-post-description--background-wrapper-box\">\n    <div class=\"vce-post-description--background-wrapper\">\n        <div class=\"vce-post-description--background\" style=\"background-image: url(https:\/\/antea-int.com\/wp-content\/uploads\/2025\/11\/NEW-BOARD-APPOINTMENTS.png);\"><\/div>\n    <\/div>\n<\/div>\n<div class=\"vce-post-description--content vce-post-description-content--has-title vce-post-description-content--has-excerpt\">\n    <div class=\"vce-post-description--title\">\n    <h3>\n        <a href=\"https:\/\/antea-int.com\/es\/noticias\/17228\/\">Antea anuncia la renovaci\u00f3n de su Junta Directiva con el nombramiento de tres nuevos representantes<\/a>\n    <\/h3>\n<\/div>\n    <div class=\"vce-post-description--excerpt\"><p>19\/11\/2025 \u2013 Como parte del plan desarrollado durante el \u00faltimo a\u00f1o y aprobado recientemente en la Conferencia Mundial de Canc\u00fan, se ha llevado a cabo la renovaci\u00f3n y nueva asignaci\u00f3n de algunos miembros que formar\u00e1n parte de la Junta Directiva.<\/p>\n<\/div>\n<\/div>\n<\/div><\/article><article class=\"vce-posts-grid-item\"><div class=\"vce-post-description vce-post-description--has-background\" style=\"background-color:rgba(0, 0, 0, 0)\"><a href=\"https:\/\/antea-int.com\/es\/noticias\/antea-consolida-su-liderazgo-en-america-latina-en-la-segunda-parte-del-ranking-regional\/\" class=\"vce-post-description-link\" aria-label=\"Antea consolida su liderazgo en Am\u00e9rica Latina en la segunda parte del ranking regional\"><\/a><div class=\"vce-post-description--background-wrapper-box\">\n    <div class=\"vce-post-description--background-wrapper\">\n        <div class=\"vce-post-description--background\" style=\"background-image: url(https:\/\/antea-int.com\/wp-content\/uploads\/2025\/10\/Portada-posicio-RANKINGS-3.png);\"><\/div>\n    <\/div>\n<\/div>\n<div class=\"vce-post-description--content vce-post-description-content--has-title vce-post-description-content--has-excerpt\">\n    <div class=\"vce-post-description--title\">\n    <h3>\n        <a href=\"https:\/\/antea-int.com\/es\/noticias\/antea-consolida-su-liderazgo-en-america-latina-en-la-segunda-parte-del-ranking-regional\/\">Antea consolida su liderazgo en Am\u00e9rica Latina en la segunda parte del ranking regional<\/a>\n    <\/h3>\n<\/div>\n    <div class=\"vce-post-description--excerpt\"><p>28\/10\/2025 El International Accounting Bulletin ha publicado recientemente la segunda parte de su ranking latinoamericano, en el que Antea refuerza su posici\u00f3n y alcanza cifras r\u00e9cord en toda la regi\u00f3n<\/p>\n<\/div>\n<\/div>\n<\/div><\/article><article class=\"vce-posts-grid-item\"><div class=\"vce-post-description vce-post-description--has-background\" style=\"background-color:rgba(0, 0, 0, 0)\"><a href=\"https:\/\/antea-int.com\/es\/noticias\/antea-refuerza-su-cobertura-de-servicios-en-venezuela\/\" class=\"vce-post-description-link\" aria-label=\"Antea refuerza su cobertura de servicios en Venezuela\"><\/a><div class=\"vce-post-description--background-wrapper-box\">\n    <div class=\"vce-post-description--background-wrapper\">\n        <div class=\"vce-post-description--background\" style=\"background-image: url(https:\/\/antea-int.com\/wp-content\/uploads\/2025\/10\/Copia-de-Copia-de-NEW-MEMBER-PORTADA_WEB.png);\"><\/div>\n    <\/div>\n<\/div>\n<div class=\"vce-post-description--content vce-post-description-content--has-title vce-post-description-content--has-excerpt\">\n    <div class=\"vce-post-description--title\">\n    <h3>\n        <a href=\"https:\/\/antea-int.com\/es\/noticias\/antea-refuerza-su-cobertura-de-servicios-en-venezuela\/\">Antea refuerza su cobertura de servicios en Venezuela<\/a>\n    <\/h3>\n<\/div>\n    <div class=\"vce-post-description--excerpt\"><p>20\/10\/2025 Antea da la bienvenida a Grupo ARCA como nuevo miembro en Venezuela, consolidando as\u00ed su presencia y alcance en Latinoam\u00e9rica.<\/p>\n<\/div>\n<\/div>\n<\/div><\/article><\/div><div class=\"vce-posts-grid-pagination\">\n    <a href=\"\/es\/wp-json\/wp\/v2\/pages\/13376?vcv-pagination-f0860399=1\" class=\"vce-posts-grid-pagination-item vce-state--active\" title=\"Page 1\">1<\/a><a href=\"\/es\/wp-json\/wp\/v2\/pages\/13376?vcv-pagination-f0860399=2\" class=\"vce-posts-grid-pagination-item\" title=\"Page 2\">2<\/a><a href=\"\/es\/wp-json\/wp\/v2\/pages\/13376?vcv-pagination-f0860399=3\" class=\"vce-posts-grid-pagination-item\" title=\"Page 3\">3<\/a><a href=\"\/es\/wp-json\/wp\/v2\/pages\/13376?vcv-pagination-f0860399=4\" class=\"vce-posts-grid-pagination-item\" title=\"Page 4\">4<\/a><a href=\"\/es\/wp-json\/wp\/v2\/pages\/13376?vcv-pagination-f0860399=5\" class=\"vce-posts-grid-pagination-item\" title=\"Page 5\">5<\/a><span class=\"vce-posts-grid-pagination-rest-items\">...<\/span><a href=\"\/es\/wp-json\/wp\/v2\/pages\/13376?vcv-pagination-f0860399=25\" class=\"vce-posts-grid-pagination-item\" title=\"Page 25\">25<\/a><\/div>\n<\/div><\/div><\/div><\/div><\/div><\/div><\/div><\/div>\n","protected":false},"excerpt":{"rendered":"<p>NoticiasNuevos miembros, novedades y rankings.<\/p>\n","protected":false},"author":1,"featured_media":0,"parent":673,"menu_order":51,"comment_status":"closed","ping_status":"closed","template":"","meta":{"_acf_changed":false,"footnotes":""},"class_list":["post-13376","page","type-page","status-publish","hentry"],"acf":[],"yoast_head":"<!-- This site is optimized with the Yoast SEO plugin v26.9 - https:\/\/yoast.com\/product\/yoast-seo-wordpress\/ -->\n<title>Noticias : Antea<\/title>\n<meta name=\"robots\" content=\"index, follow, max-snippet:-1, max-image-preview:large, max-video-preview:-1\" \/>\n<link rel=\"canonical\" href=\"https:\/\/antea-int.com\/es\/noticias-y-publicaciones\/noticias\/\" \/>\n<meta property=\"og:locale\" content=\"es_ES\" \/>\n<meta property=\"og:type\" content=\"article\" \/>\n<meta property=\"og:title\" content=\"Noticias : Antea\" \/>\n<meta property=\"og:description\" content=\"NoticiasNuevos miembros, novedades y rankings.\" \/>\n<meta property=\"og:url\" content=\"https:\/\/antea-int.com\/es\/noticias-y-publicaciones\/noticias\/\" \/>\n<meta property=\"og:site_name\" content=\"Antea\" \/>\n<meta property=\"article:modified_time\" content=\"2023-07-06T15:10:44+00:00\" \/>\n<meta name=\"twitter:card\" content=\"summary_large_image\" \/>\n<meta name=\"twitter:site\" content=\"@AnteaAlliance\" \/>\n<meta name=\"twitter:label1\" content=\"Tiempo de lectura\" \/>\n\t<meta name=\"twitter:data1\" content=\"2 minutos\" \/>\n<script type=\"application\/ld+json\" class=\"yoast-schema-graph\">{\"@context\":\"https:\/\/schema.org\",\"@graph\":[{\"@type\":\"WebPage\",\"@id\":\"https:\/\/antea-int.com\/es\/noticias-y-publicaciones\/noticias\/\",\"url\":\"https:\/\/antea-int.com\/es\/noticias-y-publicaciones\/noticias\/\",\"name\":\"Noticias : Antea\",\"isPartOf\":{\"@id\":\"https:\/\/antea-int.com\/#website\"},\"datePublished\":\"2023-03-03T00:35:02+00:00\",\"dateModified\":\"2023-07-06T15:10:44+00:00\",\"breadcrumb\":{\"@id\":\"https:\/\/antea-int.com\/es\/noticias-y-publicaciones\/noticias\/#breadcrumb\"},\"inLanguage\":\"es\",\"potentialAction\":[{\"@type\":\"ReadAction\",\"target\":[\"https:\/\/antea-int.com\/es\/noticias-y-publicaciones\/noticias\/\"]}]},{\"@type\":\"BreadcrumbList\",\"@id\":\"https:\/\/antea-int.com\/es\/noticias-y-publicaciones\/noticias\/#breadcrumb\",\"itemListElement\":[{\"@type\":\"ListItem\",\"position\":1,\"name\":\"Home\",\"item\":\"https:\/\/antea-int.com\/es\/\"},{\"@type\":\"ListItem\",\"position\":2,\"name\":\"Issues y Noticias\",\"item\":\"https:\/\/antea-int.com\/es\/noticias-y-publicaciones\/\"},{\"@type\":\"ListItem\",\"position\":3,\"name\":\"Noticias\"}]},{\"@type\":\"WebSite\",\"@id\":\"https:\/\/antea-int.com\/#website\",\"url\":\"https:\/\/antea-int.com\/\",\"name\":\"Antea\",\"description\":\"Professional Solutions Wordlwide\",\"publisher\":{\"@id\":\"https:\/\/antea-int.com\/#organization\"},\"potentialAction\":[{\"@type\":\"SearchAction\",\"target\":{\"@type\":\"EntryPoint\",\"urlTemplate\":\"https:\/\/antea-int.com\/?s={search_term_string}\"},\"query-input\":{\"@type\":\"PropertyValueSpecification\",\"valueRequired\":true,\"valueName\":\"search_term_string\"}}],\"inLanguage\":\"es\"},{\"@type\":\"Organization\",\"@id\":\"https:\/\/antea-int.com\/#organization\",\"name\":\"Antea Alliance of independent firms\",\"url\":\"https:\/\/antea-int.com\/\",\"logo\":{\"@type\":\"ImageObject\",\"inLanguage\":\"es\",\"@id\":\"https:\/\/antea-int.com\/#\/schema\/logo\/image\/\",\"url\":\"https:\/\/antea-int.com\/wp-content\/uploads\/2024\/07\/cropped-Logo-Antea-150x150-1.png\",\"contentUrl\":\"https:\/\/antea-int.com\/wp-content\/uploads\/2024\/07\/cropped-Logo-Antea-150x150-1.png\",\"width\":150,\"height\":150,\"caption\":\"Antea Alliance of independent firms\"},\"image\":{\"@id\":\"https:\/\/antea-int.com\/#\/schema\/logo\/image\/\"},\"sameAs\":[\"https:\/\/x.com\/AnteaAlliance\",\"https:\/\/www.linkedin.com\/company\/2413082\/\",\"https:\/\/www.youtube.com\/channel\/UCXABuVrCci8n8oIisnnv9SA\"]}]}<\/script>\n<!-- \/ Yoast SEO plugin. -->","yoast_head_json":{"title":"Noticias : Antea","robots":{"index":"index","follow":"follow","max-snippet":"max-snippet:-1","max-image-preview":"max-image-preview:large","max-video-preview":"max-video-preview:-1"},"canonical":"https:\/\/antea-int.com\/es\/noticias-y-publicaciones\/noticias\/","og_locale":"es_ES","og_type":"article","og_title":"Noticias : Antea","og_description":"NoticiasNuevos miembros, novedades y rankings.","og_url":"https:\/\/antea-int.com\/es\/noticias-y-publicaciones\/noticias\/","og_site_name":"Antea","article_modified_time":"2023-07-06T15:10:44+00:00","twitter_card":"summary_large_image","twitter_site":"@AnteaAlliance","twitter_misc":{"Tiempo de lectura":"2 minutos"},"schema":{"@context":"https:\/\/schema.org","@graph":[{"@type":"WebPage","@id":"https:\/\/antea-int.com\/es\/noticias-y-publicaciones\/noticias\/","url":"https:\/\/antea-int.com\/es\/noticias-y-publicaciones\/noticias\/","name":"Noticias : Antea","isPartOf":{"@id":"https:\/\/antea-int.com\/#website"},"datePublished":"2023-03-03T00:35:02+00:00","dateModified":"2023-07-06T15:10:44+00:00","breadcrumb":{"@id":"https:\/\/antea-int.com\/es\/noticias-y-publicaciones\/noticias\/#breadcrumb"},"inLanguage":"es","potentialAction":[{"@type":"ReadAction","target":["https:\/\/antea-int.com\/es\/noticias-y-publicaciones\/noticias\/"]}]},{"@type":"BreadcrumbList","@id":"https:\/\/antea-int.com\/es\/noticias-y-publicaciones\/noticias\/#breadcrumb","itemListElement":[{"@type":"ListItem","position":1,"name":"Home","item":"https:\/\/antea-int.com\/es\/"},{"@type":"ListItem","position":2,"name":"Issues y Noticias","item":"https:\/\/antea-int.com\/es\/noticias-y-publicaciones\/"},{"@type":"ListItem","position":3,"name":"Noticias"}]},{"@type":"WebSite","@id":"https:\/\/antea-int.com\/#website","url":"https:\/\/antea-int.com\/","name":"Antea","description":"Professional Solutions Wordlwide","publisher":{"@id":"https:\/\/antea-int.com\/#organization"},"potentialAction":[{"@type":"SearchAction","target":{"@type":"EntryPoint","urlTemplate":"https:\/\/antea-int.com\/?s={search_term_string}"},"query-input":{"@type":"PropertyValueSpecification","valueRequired":true,"valueName":"search_term_string"}}],"inLanguage":"es"},{"@type":"Organization","@id":"https:\/\/antea-int.com\/#organization","name":"Antea Alliance of independent firms","url":"https:\/\/antea-int.com\/","logo":{"@type":"ImageObject","inLanguage":"es","@id":"https:\/\/antea-int.com\/#\/schema\/logo\/image\/","url":"https:\/\/antea-int.com\/wp-content\/uploads\/2024\/07\/cropped-Logo-Antea-150x150-1.png","contentUrl":"https:\/\/antea-int.com\/wp-content\/uploads\/2024\/07\/cropped-Logo-Antea-150x150-1.png","width":150,"height":150,"caption":"Antea Alliance of independent firms"},"image":{"@id":"https:\/\/antea-int.com\/#\/schema\/logo\/image\/"},"sameAs":["https:\/\/x.com\/AnteaAlliance","https:\/\/www.linkedin.com\/company\/2413082\/","https:\/\/www.youtube.com\/channel\/UCXABuVrCci8n8oIisnnv9SA"]}]}},"_links":{"self":[{"href":"https:\/\/antea-int.com\/es\/wp-json\/wp\/v2\/pages\/13376","targetHints":{"allow":["GET"]}}],"collection":[{"href":"https:\/\/antea-int.com\/es\/wp-json\/wp\/v2\/pages"}],"about":[{"href":"https:\/\/antea-int.com\/es\/wp-json\/wp\/v2\/types\/page"}],"author":[{"embeddable":true,"href":"https:\/\/antea-int.com\/es\/wp-json\/wp\/v2\/users\/1"}],"replies":[{"embeddable":true,"href":"https:\/\/antea-int.com\/es\/wp-json\/wp\/v2\/comments?post=13376"}],"version-history":[{"count":8,"href":"https:\/\/antea-int.com\/es\/wp-json\/wp\/v2\/pages\/13376\/revisions"}],"predecessor-version":[{"id":14436,"href":"https:\/\/antea-int.com\/es\/wp-json\/wp\/v2\/pages\/13376\/revisions\/14436"}],"up":[{"embeddable":true,"href":"https:\/\/antea-int.com\/es\/wp-json\/wp\/v2\/pages\/673"}],"wp:attachment":[{"href":"https:\/\/antea-int.com\/es\/wp-json\/wp\/v2\/media?parent=13376"}],"curies":[{"name":"wp","href":"https:\/\/api.w.org\/{rel}","templated":true}]}}