{"id":445,"date":"2018-10-29T20:21:12","date_gmt":"2018-10-29T19:21:12","guid":{"rendered":"http:\/\/antea-int.com\/?page_id=445"},"modified":"2024-07-09T11:26:15","modified_gmt":"2024-07-09T10:26:15","slug":"servicios-al-cliente","status":"publish","type":"page","link":"https:\/\/antea-int.com\/es\/contacta-con-antea\/servicios-al-cliente\/","title":{"rendered":"Servicios al Cliente"},"content":{"rendered":"<div class=\"vce-row-container\"><div class=\"vce-row vce-element--has-background vce-row--col-gap-0 vce-row-no-paddings vce-row-content--top\" data-vce-full-width=\"true\" data-vce-stretch-content=\"true\" id=\"el-71af27d7\" data-vce-do-apply=\"all el-71af27d7\"><div class=\"vce-content-background-container\"><div class=\"vce-asset-background-simple-container vce-visible-all-only vce-asset-background-simple--style-cover vce-asset-background-simple--position-center-center\"><div class=\"vce-asset-background-simple\">\r\n              <div style='background-image: url(\"https:\/\/antea-int.com\/wp-content\/uploads\/2023\/09\/Contact_us.png\");'  class=\"vce-asset-background-simple-item vcv-lozad\" ><\/div>\r\n              <noscript>\r\n                <div class=\"vce-asset-background-simple-item\" style=\"background-image: url(https:\/\/antea-int.com\/wp-content\/uploads\/2023\/09\/Contact_us.png)\"><\/div>\r\n              <\/noscript>\r\n            <\/div><\/div><\/div><div class=\"vce-row-content\" data-vce-element-content=\"true\"><div class=\"vce-col vce-col--md-auto vce-col--xs-1 vce-col--xs-last vce-col--xs-first vce-col--sm-last vce-col--sm-first vce-col--md-last vce-col--lg-last vce-col--xl-last vce-col--md-first vce-col--lg-first vce-col--xl-first\" id=\"el-553a052d\"><div class=\"vce-col-inner\" data-vce-do-apply=\"border margin background  el-553a052d\"><div class=\"vce-col-content\" data-vce-element-content=\"true\" data-vce-do-apply=\"padding el-553a052d\"><div class=\"vce-text-block\"><div class=\"vce-text-block-wrapper vce\" id=\"el-5507cdfd\" data-vce-do-apply=\"all el-5507cdfd\" data-vce-animate=\"vce-o-animate--None\"><h1 style=\"margin-bottom: 0px;\"><span style=\"color: #ffffff;\">CONTACTA CON NOSOTROS<\/span><\/h1><\/div><\/div><\/div><\/div><\/div><\/div><\/div><\/div><div class=\"vce-row-container\"><div class=\"vce-row vce-element--has-background vce-row--col-gap-20 vce-row-no-paddings vce-row-content--top\" data-vce-full-width=\"true\" data-vce-stretch-content=\"true\" id=\"el-7f3f2a2d\" data-vce-do-apply=\"all el-7f3f2a2d\"><div class=\"vce-content-background-container\"><\/div><div class=\"vce-row-content\" data-vce-element-content=\"true\"><div class=\"vce-col vce-col--md-25p vce-col--xs-1 vce-col--xs-last vce-col--xs-first vce-col--sm-last vce-col--sm-first vce-col--md-first vce-col--lg-first vce-col--xl-first\" id=\"el-22c9e42d\"><div class=\"vce-col-inner\" data-vce-do-apply=\"border margin background  el-22c9e42d\"><div class=\"vce-col-content\" data-vce-element-content=\"true\" data-vce-do-apply=\"padding el-22c9e42d\"><div class=\"vce-google-fonts-heading vce-google-fonts-heading--align-left vce-google-fonts-heading--color-b-255-255-255--45--5C00FF--FF7200 vce-google-fonts-heading--font-family-Varela\"><div id=\"el-5ba099ad\" class=\"vce-google-fonts-heading-wrapper\"><div class=\"vce-google-fonts-heading--background vce\" data-vce-do-apply=\"border background  padding margin el-5ba099ad\"><h3 class=\"vce-google-fonts-heading-inner\" style=\"font-weight: 400; font-style: normal; font-size: 30px;\" data-wahfont=\"30\">Tipo de consulta:<\/h3><\/div><\/div><\/div><\/div><\/div><\/div><div class=\"vce-col vce-col--md-20p vce-col--xs-1 vce-col--xs-last vce-col--xs-first vce-col--sm-last vce-col--sm-first\" id=\"el-ee12fe5c\"><div class=\"vce-col-inner\" data-vce-do-apply=\"border margin background  el-ee12fe5c\"><div class=\"vce-col-content\" data-vce-element-content=\"true\" data-vce-do-apply=\"padding el-ee12fe5c\"><div class=\"vce-button--style-basic-container vce-button--style-basic-container--align-left\"><span class=\"vce-button--style-basic-wrapper vce\" id=\"el-8a03c3f4\" data-vce-do-apply=\"margin el-8a03c3f4\" data-wahfont=\"16\" style=\"font-size: 16px;\"><a class=\"vce-button vce-button--style-basic vce-button--style-basic--border-square vce-button--style-basic--size-medium vce-button--style-basic--color-ba-85-124-191-0--fff\" href=\"http:\/\/antea-int.com\/es\/contacta-con-antea\/unete-a-antea\/\" title=\"\" data-vce-do-apply=\"padding border background  el-8a03c3f4\" data-wahfont=\"16\" style=\"font-size: 16px;\">\u00danete a ANTEA<\/a><\/span><\/div><\/div><\/div><\/div><div class=\"vce-col vce-col--md-auto vce-col--xs-1 vce-col--xs-last vce-col--xs-first vce-col--sm-last vce-col--sm-first vce-col--md-last vce-col--lg-last vce-col--xl-last\" id=\"el-590cb079\"><div class=\"vce-col-inner\" data-vce-do-apply=\"border margin background  el-590cb079\"><div class=\"vce-col-content\" data-vce-element-content=\"true\" data-vce-do-apply=\"padding el-590cb079\"><div class=\"vce-button--style-basic-container vce-button--style-basic-container--align-left\"><span class=\"vce-button--style-basic-wrapper vce\" id=\"el-660a1a7a\" data-vce-do-apply=\"margin el-660a1a7a\" data-wahfont=\"16\" style=\"font-size: 16px;\"><a class=\"vce-button vce-button--style-basic vce-button--style-basic--border-square vce-button--style-basic--size-medium vce-button--style-basic--color-ba-85-124-191-0--fff\" href=\"http:\/\/antea-int.com\/es\/contacta-con-antea\/servicios-al-cliente\/\" title=\"\" data-vce-do-apply=\"padding border background  el-660a1a7a\" data-wahfont=\"16\" style=\"font-size: 16px;\">Servicios al cliente<\/a><\/span><\/div><\/div><\/div><\/div><\/div><\/div><\/div><div class=\"vce-row-container\"><div class=\"vce-row vce-row--col-gap-0 vce-row-no-paddings vce-row-equal-height vce-row-content--top\" data-vce-full-width=\"true\" data-vce-stretch-content=\"true\" id=\"el-4107a75d\" data-vce-do-apply=\"all el-4107a75d\"><div class=\"vce-content-background-container\"><\/div><div class=\"vce-row-content\" data-vce-element-content=\"true\"><div class=\"vce-col vce-col--md-75p vce-col--xs-1 vce-col--xs-last vce-col--xs-first vce-col--sm-last vce-col--sm-first vce-col--md-first vce-col--lg-first vce-col--xl-first\" id=\"el-5ed6b0a7\"><div class=\"vce-col-inner\" data-vce-do-apply=\"border margin background  el-5ed6b0a7\" id=\"service-description\"><div class=\"vce-content-background-container\"><\/div><div class=\"vce-col-content\" data-vce-element-content=\"true\" data-vce-do-apply=\"padding el-5ed6b0a7\"><div class=\"vce-text-block bg-white\"><div class=\"vce-text-block-wrapper vce\" id=\"el-42a1ee82\" data-vce-do-apply=\"all el-42a1ee82\"><h2>Servicios al cliente<\/h2><hr style=\"border: 1px solid #eb2629; width: 100px; float: left;\"><p>&nbsp;<\/p><p><span id=\"result_box\" class=\"\" lang=\"es\" tabindex=\"-1\">Gracias por su inter\u00e9s en Antea Alliance of Independent Firms. Para m\u00e1s informaci\u00f3n sobre la membres\u00eda por favor complete este formulario. Nos pondremos en contacto con usted muy pronto.<\/span><\/p><\/div><\/div><div class=\"vce-shortcode bg-white\"><div class=\"vce-shortcode-wrapper vce\" id=\"el-0e97f65c\" data-vce-do-apply=\"all el-0e97f65c\">\n<div class=\"wpcf7 no-js\" id=\"wpcf7-f634-o1\" lang=\"es-ES\" dir=\"ltr\" data-wpcf7-id=\"634\">\n<div class=\"screen-reader-response\"><p role=\"status\" aria-live=\"polite\" aria-atomic=\"true\"><\/p> <ul><\/ul><\/div>\n<form action=\"\/es\/wp-json\/wp\/v2\/pages\/445#wpcf7-f634-o1\" method=\"post\" class=\"wpcf7-form init\" aria-label=\"Formulario de contacto\" novalidate=\"novalidate\" data-status=\"init\">\n<fieldset class=\"hidden-fields-container\"><input type=\"hidden\" name=\"_wpcf7\" value=\"634\" \/><input type=\"hidden\" name=\"_wpcf7_version\" value=\"6.1.5\" \/><input type=\"hidden\" name=\"_wpcf7_locale\" value=\"es_ES\" \/><input type=\"hidden\" name=\"_wpcf7_unit_tag\" value=\"wpcf7-f634-o1\" \/><input type=\"hidden\" name=\"_wpcf7_container_post\" value=\"0\" \/><input type=\"hidden\" name=\"_wpcf7_posted_data_hash\" value=\"\" \/><input type=\"hidden\" name=\"_wpcf7_recaptcha_response\" value=\"\" \/>\n<\/fieldset>\n<p><label><span class=\"w-35\">Nombre de la empresa (*)<\/span><span class=\"w-65\"><span class=\"wpcf7-form-control-wrap\" data-name=\"company-es\"><input size=\"40\" maxlength=\"400\" class=\"wpcf7-form-control wpcf7-text wpcf7-validates-as-required\" aria-required=\"true\" aria-invalid=\"false\" value=\"\" type=\"text\" name=\"company-es\" \/><\/span><\/span><\/label>\n<\/p>\n<p><label><span class=\"w-35\">Persona de contacto (*)<\/span><span class=\"w-65\"><span class=\"wpcf7-form-control-wrap\" data-name=\"contactperson-es\"><input size=\"40\" maxlength=\"400\" class=\"wpcf7-form-control wpcf7-text wpcf7-validates-as-required\" aria-required=\"true\" aria-invalid=\"false\" value=\"\" type=\"text\" name=\"contactperson-es\" \/><\/span><\/span><\/label>\n<\/p>\n<p><label><span class=\"w-35\">Ciudad (*)<\/span><span class=\"w-65\"><span class=\"wpcf7-form-control-wrap\" data-name=\"city-es\"><input size=\"40\" maxlength=\"400\" class=\"wpcf7-form-control wpcf7-text wpcf7-validates-as-required\" aria-required=\"true\" aria-invalid=\"false\" value=\"\" type=\"text\" name=\"city-es\" \/><\/span><\/span><\/label>\n<\/p>\n<p><label><span class=\"w-35\">Pa\u00eds (*)<\/span><span class=\"w-65\"><span class=\"wpcf7-form-control-wrap\" data-name=\"countrytext-es\"><input size=\"40\" class=\"wpcf7-form-control wpcf7-countrytext wpcf7-validates-as-required wpcf7-text wpcf7-validates-as-countrytext\" aria-required=\"true\" aria-invalid=\"false\" value=\"\" type=\"text\" name=\"countrytext-es\" \/><\/span><\/span><\/label>\n<\/p>\n<p><label><span class=\"w-35\">e-mail (*)<\/span><span class=\"w-65\"><span class=\"wpcf7-form-control-wrap\" data-name=\"email-es\"><input size=\"40\" maxlength=\"400\" class=\"wpcf7-form-control wpcf7-email wpcf7-validates-as-required wpcf7-text wpcf7-validates-as-email\" aria-required=\"true\" aria-invalid=\"false\" value=\"\" type=\"email\" name=\"email-es\" \/><\/span><\/span><\/label>\n<\/p>\n<p><label><span class=\"w-35\">Tel\u00e9fono (*)<\/span><span class=\"w-65\"><span class=\"wpcf7-form-control-wrap\" data-name=\"phonetext-es\"><input size=\"40\" class=\"wpcf7-form-control wpcf7-phonetext wpcf7-validates-as-required wpcf7-text wpcf7-validates-as-phonetext\" aria-required=\"true\" aria-invalid=\"false\" value=\"\" type=\"text\" name=\"phonetext-es\" \/><input type=\"hidden\" name=\"phonetext-es-country-code\" class=\"wpcf7-phonetext-country-code\" \/><\/span><\/span><\/label>\n<\/p>\n<p><label><span class=\"w-35\">Mensaje (*)<\/span><span class=\"w-65\"><span class=\"wpcf7-form-control-wrap\" data-name=\"message-es\"><textarea cols=\"40\" rows=\"10\" maxlength=\"2000\" class=\"wpcf7-form-control wpcf7-textarea wpcf7-validates-as-required\" aria-required=\"true\" aria-invalid=\"false\" name=\"message-es\"><\/textarea><\/span><\/span><\/label>\n<\/p>\n<p><label><span class=\"w-35\">&nbsp;<\/span><span class=\"w-65\"><span class=\"wpcf7-form-control-wrap\" data-name=\"legalandprivacy-es\"><span class=\"wpcf7-form-control wpcf7-acceptance\"><span class=\"wpcf7-list-item\"><label><input type=\"checkbox\" name=\"legalandprivacy-es\" value=\"1\" aria-invalid=\"false\" \/><span class=\"wpcf7-list-item-label\">ANTEA en calidad de Responsable del Tratamiento, tratar\u00e1 los datos personales facilitados mediante este formulario con la finalidad de atender su solicitud de servicios, asesorarle sobre estos y ponerle en contacto con las firmas profesionales asociadas o los corresponsales que mejor se ajusten al tipo de servicio solicitado, el lugar de desarrollo y sus preferencias. Todo ello sujeto al consentimiento expreso que otorga a continuaci\u00f3n al remitir su solicitud pulsando ENVIAR. Para obtener m\u00e1s informaci\u00f3n, as\u00ed como instar el ejercicio de sus derechos consulte nuestra <a href=\"http:\/\/antea-int.com\/es\/aviso-legal-y-politica-de-privacidad\/\">Pol\u00edtica de Privacidad<\/a><\/span><\/label><\/span><\/span><\/span><\/span><\/label>\n<\/p>\n<p><label><span class=\"w-35\">&nbsp;<\/span><span class=\"w-65\"><input class=\"wpcf7-form-control wpcf7-submit has-spinner\" type=\"submit\" value=\"Enviar\" \/><\/span><\/label>\n<\/p><div class=\"wpcf7-response-output\" aria-hidden=\"true\"><\/div>\n<\/form>\n<\/div>\n<\/div><\/div><\/div><\/div><\/div><div class=\"vce-col vce-col--md-25p vce-col--xs-1 vce-col--xs-last vce-col--xs-first vce-col--sm-last vce-col--sm-first vce-col--md-last vce-col--lg-last vce-col--xl-last\" id=\"el-0720c574\"><div class=\"vce-col-inner\" data-vce-do-apply=\"border margin background  el-0720c574\"><div class=\"vce-content-background-container\"><\/div><div class=\"vce-col-content\" data-vce-element-content=\"true\" data-vce-do-apply=\"padding el-0720c574\"><div class=\"vce-text-block bg-white\"><div class=\"vce-text-block-wrapper vce\" id=\"el-71751bd7\" data-vce-do-apply=\"all el-71751bd7\"><h2>Oficina ejecutiva<\/h2><hr style=\"border: 1px solid #eb2629; width: 100px; float: left;\"><p>&nbsp;<\/p><p>Mallorca, 260 \u00c1tico<br>08008 - Barcelona<br>Espa\u00f1a<\/p><p>Tel\u00e9fono: <a href=\"tel:+34932155989\">+34 93 215 59 89<\/a><\/p><p>Fax: <a href=\"fax:+34934872876\">+34 93 487 28 76<\/a><\/p><p>Email: <a href=\"mailto:info@antea-int.com\">info@antea-int.com<\/a><\/p><\/div><\/div><\/div><\/div><\/div><\/div><\/div><\/div>\n","protected":false},"excerpt":{"rendered":"<p>CONTACTA CON NOSOTROSTipo de consulta:\u00danete a ANTEAServicios al clienteServicios al cliente&nbsp;Gracias por su inter\u00e9s en Antea Alliance of Independent Firms. Para m\u00e1s informaci\u00f3n sobre la membres\u00eda por favor complete este formulario. Nos pondremos en contacto con usted muy pronto.Oficina ejecutiva&nbsp;Mallorca, 260 \u00c1tico08008 &#8211; BarcelonaEspa\u00f1aTel\u00e9fono: +34 93 215 59 89Fax: +34 93 487 28 76Email: info@antea-int.com<\/p>\n","protected":false},"author":1,"featured_media":0,"parent":62,"menu_order":62,"comment_status":"closed","ping_status":"closed","template":"","meta":{"_acf_changed":false,"footnotes":""},"class_list":["post-445","page","type-page","status-publish","hentry"],"acf":[],"yoast_head":"<!-- This site is optimized with the Yoast SEO plugin v26.9 - https:\/\/yoast.com\/product\/yoast-seo-wordpress\/ -->\n<title>Servicios al Cliente : Antea<\/title>\n<meta name=\"robots\" content=\"noindex, nofollow\" \/>\n<meta property=\"og:locale\" content=\"es_ES\" \/>\n<meta property=\"og:type\" content=\"article\" \/>\n<meta property=\"og:title\" content=\"Servicios al Cliente : Antea\" \/>\n<meta property=\"og:description\" content=\"CONTACTA CON NOSOTROSTipo de consulta:\u00danete a ANTEAServicios al clienteServicios al cliente&nbsp;Gracias por su inter\u00e9s en Antea Alliance of Independent Firms. Para m\u00e1s informaci\u00f3n sobre la membres\u00eda por favor complete este formulario. Nos pondremos en contacto con usted muy pronto.Oficina ejecutiva&nbsp;Mallorca, 260 \u00c1tico08008 - BarcelonaEspa\u00f1aTel\u00e9fono: +34 93 215 59 89Fax: +34 93 487 28 76Email: info@antea-int.com\" \/>\n<meta property=\"og:url\" content=\"https:\/\/antea-int.com\/es\/contacta-con-antea\/servicios-al-cliente\/\" \/>\n<meta property=\"og:site_name\" content=\"Antea\" \/>\n<meta property=\"article:modified_time\" content=\"2024-07-09T10:26:15+00:00\" \/>\n<meta name=\"twitter:card\" content=\"summary_large_image\" \/>\n<meta name=\"twitter:site\" content=\"@AnteaAlliance\" \/>\n<meta name=\"twitter:label1\" content=\"Tiempo de lectura\" \/>\n\t<meta name=\"twitter:data1\" content=\"1 minuto\" \/>\n<script type=\"application\/ld+json\" class=\"yoast-schema-graph\">{\"@context\":\"https:\/\/schema.org\",\"@graph\":[{\"@type\":\"WebPage\",\"@id\":\"https:\/\/antea-int.com\/es\/contacta-con-antea\/servicios-al-cliente\/\",\"url\":\"https:\/\/antea-int.com\/es\/contacta-con-antea\/servicios-al-cliente\/\",\"name\":\"Servicios al Cliente : Antea\",\"isPartOf\":{\"@id\":\"https:\/\/antea-int.com\/#website\"},\"datePublished\":\"2018-10-29T19:21:12+00:00\",\"dateModified\":\"2024-07-09T10:26:15+00:00\",\"breadcrumb\":{\"@id\":\"https:\/\/antea-int.com\/es\/contacta-con-antea\/servicios-al-cliente\/#breadcrumb\"},\"inLanguage\":\"es\",\"potentialAction\":[{\"@type\":\"ReadAction\",\"target\":[\"https:\/\/antea-int.com\/es\/contacta-con-antea\/servicios-al-cliente\/\"]}]},{\"@type\":\"BreadcrumbList\",\"@id\":\"https:\/\/antea-int.com\/es\/contacta-con-antea\/servicios-al-cliente\/#breadcrumb\",\"itemListElement\":[{\"@type\":\"ListItem\",\"position\":1,\"name\":\"Home\",\"item\":\"https:\/\/antea-int.com\/es\/\"},{\"@type\":\"ListItem\",\"position\":2,\"name\":\"Contactar\",\"item\":\"https:\/\/antea-int.com\/es\/contacta-con-antea\/\"},{\"@type\":\"ListItem\",\"position\":3,\"name\":\"Servicios al Cliente\"}]},{\"@type\":\"WebSite\",\"@id\":\"https:\/\/antea-int.com\/#website\",\"url\":\"https:\/\/antea-int.com\/\",\"name\":\"Antea\",\"description\":\"Professional Solutions Wordlwide\",\"publisher\":{\"@id\":\"https:\/\/antea-int.com\/#organization\"},\"potentialAction\":[{\"@type\":\"SearchAction\",\"target\":{\"@type\":\"EntryPoint\",\"urlTemplate\":\"https:\/\/antea-int.com\/?s={search_term_string}\"},\"query-input\":{\"@type\":\"PropertyValueSpecification\",\"valueRequired\":true,\"valueName\":\"search_term_string\"}}],\"inLanguage\":\"es\"},{\"@type\":\"Organization\",\"@id\":\"https:\/\/antea-int.com\/#organization\",\"name\":\"Antea Alliance of independent firms\",\"url\":\"https:\/\/antea-int.com\/\",\"logo\":{\"@type\":\"ImageObject\",\"inLanguage\":\"es\",\"@id\":\"https:\/\/antea-int.com\/#\/schema\/logo\/image\/\",\"url\":\"https:\/\/antea-int.com\/wp-content\/uploads\/2024\/07\/cropped-Logo-Antea-150x150-1.png\",\"contentUrl\":\"https:\/\/antea-int.com\/wp-content\/uploads\/2024\/07\/cropped-Logo-Antea-150x150-1.png\",\"width\":150,\"height\":150,\"caption\":\"Antea Alliance of independent firms\"},\"image\":{\"@id\":\"https:\/\/antea-int.com\/#\/schema\/logo\/image\/\"},\"sameAs\":[\"https:\/\/x.com\/AnteaAlliance\",\"https:\/\/www.linkedin.com\/company\/2413082\/\",\"https:\/\/www.youtube.com\/channel\/UCXABuVrCci8n8oIisnnv9SA\"]}]}<\/script>\n<!-- \/ Yoast SEO plugin. -->","yoast_head_json":{"title":"Servicios al Cliente : Antea","robots":{"index":"noindex","follow":"nofollow"},"og_locale":"es_ES","og_type":"article","og_title":"Servicios al Cliente : Antea","og_description":"CONTACTA CON NOSOTROSTipo de consulta:\u00danete a ANTEAServicios al clienteServicios al cliente&nbsp;Gracias por su inter\u00e9s en Antea Alliance of Independent Firms. Para m\u00e1s informaci\u00f3n sobre la membres\u00eda por favor complete este formulario. Nos pondremos en contacto con usted muy pronto.Oficina ejecutiva&nbsp;Mallorca, 260 \u00c1tico08008 - BarcelonaEspa\u00f1aTel\u00e9fono: +34 93 215 59 89Fax: +34 93 487 28 76Email: info@antea-int.com","og_url":"https:\/\/antea-int.com\/es\/contacta-con-antea\/servicios-al-cliente\/","og_site_name":"Antea","article_modified_time":"2024-07-09T10:26:15+00:00","twitter_card":"summary_large_image","twitter_site":"@AnteaAlliance","twitter_misc":{"Tiempo de lectura":"1 minuto"},"schema":{"@context":"https:\/\/schema.org","@graph":[{"@type":"WebPage","@id":"https:\/\/antea-int.com\/es\/contacta-con-antea\/servicios-al-cliente\/","url":"https:\/\/antea-int.com\/es\/contacta-con-antea\/servicios-al-cliente\/","name":"Servicios al Cliente : Antea","isPartOf":{"@id":"https:\/\/antea-int.com\/#website"},"datePublished":"2018-10-29T19:21:12+00:00","dateModified":"2024-07-09T10:26:15+00:00","breadcrumb":{"@id":"https:\/\/antea-int.com\/es\/contacta-con-antea\/servicios-al-cliente\/#breadcrumb"},"inLanguage":"es","potentialAction":[{"@type":"ReadAction","target":["https:\/\/antea-int.com\/es\/contacta-con-antea\/servicios-al-cliente\/"]}]},{"@type":"BreadcrumbList","@id":"https:\/\/antea-int.com\/es\/contacta-con-antea\/servicios-al-cliente\/#breadcrumb","itemListElement":[{"@type":"ListItem","position":1,"name":"Home","item":"https:\/\/antea-int.com\/es\/"},{"@type":"ListItem","position":2,"name":"Contactar","item":"https:\/\/antea-int.com\/es\/contacta-con-antea\/"},{"@type":"ListItem","position":3,"name":"Servicios al Cliente"}]},{"@type":"WebSite","@id":"https:\/\/antea-int.com\/#website","url":"https:\/\/antea-int.com\/","name":"Antea","description":"Professional Solutions Wordlwide","publisher":{"@id":"https:\/\/antea-int.com\/#organization"},"potentialAction":[{"@type":"SearchAction","target":{"@type":"EntryPoint","urlTemplate":"https:\/\/antea-int.com\/?s={search_term_string}"},"query-input":{"@type":"PropertyValueSpecification","valueRequired":true,"valueName":"search_term_string"}}],"inLanguage":"es"},{"@type":"Organization","@id":"https:\/\/antea-int.com\/#organization","name":"Antea Alliance of independent firms","url":"https:\/\/antea-int.com\/","logo":{"@type":"ImageObject","inLanguage":"es","@id":"https:\/\/antea-int.com\/#\/schema\/logo\/image\/","url":"https:\/\/antea-int.com\/wp-content\/uploads\/2024\/07\/cropped-Logo-Antea-150x150-1.png","contentUrl":"https:\/\/antea-int.com\/wp-content\/uploads\/2024\/07\/cropped-Logo-Antea-150x150-1.png","width":150,"height":150,"caption":"Antea Alliance of independent firms"},"image":{"@id":"https:\/\/antea-int.com\/#\/schema\/logo\/image\/"},"sameAs":["https:\/\/x.com\/AnteaAlliance","https:\/\/www.linkedin.com\/company\/2413082\/","https:\/\/www.youtube.com\/channel\/UCXABuVrCci8n8oIisnnv9SA"]}]}},"_links":{"self":[{"href":"https:\/\/antea-int.com\/es\/wp-json\/wp\/v2\/pages\/445","targetHints":{"allow":["GET"]}}],"collection":[{"href":"https:\/\/antea-int.com\/es\/wp-json\/wp\/v2\/pages"}],"about":[{"href":"https:\/\/antea-int.com\/es\/wp-json\/wp\/v2\/types\/page"}],"author":[{"embeddable":true,"href":"https:\/\/antea-int.com\/es\/wp-json\/wp\/v2\/users\/1"}],"replies":[{"embeddable":true,"href":"https:\/\/antea-int.com\/es\/wp-json\/wp\/v2\/comments?post=445"}],"version-history":[{"count":3,"href":"https:\/\/antea-int.com\/es\/wp-json\/wp\/v2\/pages\/445\/revisions"}],"predecessor-version":[{"id":14762,"href":"https:\/\/antea-int.com\/es\/wp-json\/wp\/v2\/pages\/445\/revisions\/14762"}],"up":[{"embeddable":true,"href":"https:\/\/antea-int.com\/es\/wp-json\/wp\/v2\/pages\/62"}],"wp:attachment":[{"href":"https:\/\/antea-int.com\/es\/wp-json\/wp\/v2\/media?parent=445"}],"curies":[{"name":"wp","href":"https:\/\/api.w.org\/{rel}","templated":true}]}}