{"id":447,"date":"2018-10-29T20:22:18","date_gmt":"2018-10-29T19:22:18","guid":{"rendered":"http:\/\/antea-int.com\/?page_id=447"},"modified":"2023-10-26T11:58:43","modified_gmt":"2023-10-26T10:58:43","slug":"unete-a-antea","status":"publish","type":"page","link":"https:\/\/antea-int.com\/es\/contacta-con-antea\/unete-a-antea\/","title":{"rendered":"\u00danete a Antea"},"content":{"rendered":"<div class=\"vce-row-container\"><div class=\"vce-row vce-element--has-background vce-row--col-gap-0 vce-row-no-paddings vce-row-content--top\" data-vce-full-width=\"true\" data-vce-stretch-content=\"true\" id=\"el-351946c4\" data-vce-do-apply=\"all el-351946c4\"><div class=\"vce-content-background-container\"><div class=\"vce-asset-background-simple-container vce-visible-all-only vce-asset-background-simple--style-cover vce-asset-background-simple--position-center-center\"><div class=\"vce-asset-background-simple\">\n              <div style='background-image: url(\"https:\/\/antea-int.com\/wp-content\/uploads\/2023\/09\/Contact_us.png\");'  class=\"vce-asset-background-simple-item vcv-lozad\" ><\/div>\n              <noscript>\n                <div class=\"vce-asset-background-simple-item\" style=\"background-image: url(https:\/\/antea-int.com\/wp-content\/uploads\/2023\/09\/Contact_us.png)\"><\/div>\n              <\/noscript>\n            <\/div><\/div><\/div><div class=\"vce-row-content\" data-vce-element-content=\"true\"><div class=\"vce-col vce-col--md-auto vce-col--xs-1 vce-col--xs-last vce-col--xs-first vce-col--sm-last vce-col--sm-first vce-col--md-last vce-col--lg-last vce-col--xl-last vce-col--md-first vce-col--lg-first vce-col--xl-first\" id=\"el-32ccf4b9\"><div class=\"vce-col-inner\" data-vce-do-apply=\"border margin background  el-32ccf4b9\"><div class=\"vce-col-content\" data-vce-element-content=\"true\" data-vce-do-apply=\"padding el-32ccf4b9\"><div class=\"vce-text-block\"><div class=\"vce-text-block-wrapper vce\" id=\"el-bca786cf\" data-vce-do-apply=\"all el-bca786cf\" data-vce-animate=\"vce-o-animate--None\"><h1 style=\"margin-bottom: 0px;\"><span style=\"color: #ffffff; letter-spacing: 1px;\">CONTACTA CON NOSOTROS<\/span><\/h1><\/div><\/div><\/div><\/div><\/div><\/div><\/div><\/div><div class=\"vce-row-container\"><div class=\"vce-row vce-element--has-background vce-row--col-gap-20 vce-row-no-paddings vce-row-content--top\" data-vce-full-width=\"true\" data-vce-stretch-content=\"true\" id=\"el-b77558c0\" data-vce-do-apply=\"all el-b77558c0\"><div class=\"vce-content-background-container\"><\/div><div class=\"vce-row-content\" data-vce-element-content=\"true\"><div class=\"vce-col vce-col--md-25p vce-col--xs-1 vce-col--xs-last vce-col--xs-first vce-col--sm-last vce-col--sm-first vce-col--md-first vce-col--lg-first vce-col--xl-first\" id=\"el-e287c712\"><div class=\"vce-col-inner\" data-vce-do-apply=\"border margin background  el-e287c712\"><div class=\"vce-col-content\" data-vce-element-content=\"true\" data-vce-do-apply=\"padding el-e287c712\"><div class=\"vce-google-fonts-heading vce-google-fonts-heading--align-left vce-google-fonts-heading--color-b-255-255-255--45--5C00FF--FF7200 vce-google-fonts-heading--font-family-Varela\"><div id=\"el-70af9c86\" class=\"vce-google-fonts-heading-wrapper\"><div class=\"vce-google-fonts-heading--background vce\" data-vce-do-apply=\"border background  padding margin el-70af9c86\"><h3 class=\"vce-google-fonts-heading-inner\" style=\"font-weight: 400; font-style: normal; font-size: 30px;\" data-wahfont=\"30\">Tipo de consulta:<\/h3><\/div><\/div><\/div><\/div><\/div><\/div><div class=\"vce-col vce-col--md-20p vce-col--xs-1 vce-col--xs-last vce-col--xs-first vce-col--sm-last vce-col--sm-first\" id=\"el-466226b1\"><div class=\"vce-col-inner\" data-vce-do-apply=\"border margin background  el-466226b1\"><div class=\"vce-col-content\" data-vce-element-content=\"true\" data-vce-do-apply=\"padding el-466226b1\"><div class=\"vce-button--style-basic-container btn-contact vce-button--style-basic-container--align-left\"><span class=\"vce-button--style-basic-wrapper vce\" id=\"el-e1e88ee9\" data-vce-do-apply=\"margin el-e1e88ee9\" data-wahfont=\"16\" style=\"font-size: 16px;\"><a class=\"vce-button vce-button--style-basic vce-button--style-basic--border-square vce-button--style-basic--size-medium vce-button--style-basic--color-ba-0-0-0-0-8--b-255-255-255\" href=\"http:\/\/antea-int.com\/es\/contacta-con-antea\/unete-a-antea\/\" title=\"\" data-vce-do-apply=\"padding border background  el-e1e88ee9\" data-wahfont=\"16\" style=\"font-size: 16px;\">\u00danete a ANTEA<\/a><\/span><\/div><\/div><\/div><\/div><div class=\"vce-col vce-col--md-auto vce-col--xs-1 vce-col--xs-last vce-col--xs-first vce-col--sm-last vce-col--sm-first vce-col--md-last vce-col--lg-last vce-col--xl-last\" id=\"el-f4a6e3c1\"><div class=\"vce-col-inner\" data-vce-do-apply=\"border margin background  el-f4a6e3c1\"><div class=\"vce-col-content\" data-vce-element-content=\"true\" data-vce-do-apply=\"padding el-f4a6e3c1\"><div class=\"vce-button--style-basic-container vce-button--style-basic-container--align-left\"><span class=\"vce-button--style-basic-wrapper vce\" id=\"el-5cbabd4f\" data-vce-do-apply=\"margin el-5cbabd4f\" data-wahfont=\"16\" style=\"font-size: 16px;\"><a class=\"vce-button vce-button--style-basic vce-button--style-basic--border-square vce-button--style-basic--size-medium vce-button--style-basic--color-ba-85-124-191-0--fff\" href=\"http:\/\/antea-int.com\/es\/contacta-con-antea\/servicios-al-cliente\/\" title=\"\" data-vce-do-apply=\"padding border background  el-5cbabd4f\" data-wahfont=\"16\" style=\"font-size: 16px;\">Servicios al cliente<\/a><\/span><\/div><\/div><\/div><\/div><\/div><\/div><\/div><div class=\"vce-row-container\"><div class=\"vce-row vce-row--col-gap-0 vce-row-no-paddings vce-row-equal-height vce-row-content--top\" data-vce-full-width=\"true\" data-vce-stretch-content=\"true\" id=\"el-bc26412c\" data-vce-do-apply=\"all el-bc26412c\"><div class=\"vce-content-background-container\"><\/div><div class=\"vce-row-content\" data-vce-element-content=\"true\"><div class=\"vce-col vce-col--md-75p vce-col--xs-1 vce-col--xs-last vce-col--xs-first vce-col--sm-last vce-col--sm-first vce-col--md-first vce-col--lg-first vce-col--xl-first\" id=\"el-92b0edad\"><div class=\"vce-col-inner\" data-vce-do-apply=\"border margin background  el-92b0edad\" id=\"service-description\"><div class=\"vce-content-background-container\"><\/div><div class=\"vce-col-content\" data-vce-element-content=\"true\" data-vce-do-apply=\"padding el-92b0edad\"><div class=\"vce-text-block bg-white\"><div class=\"vce-text-block-wrapper vce\" id=\"el-110a07ab\" data-vce-do-apply=\"all el-110a07ab\"><h2>\u00danete a ANTEA<\/h2><hr style=\"border: 1px solid #eb2629; width: 100px; float: left;\"><p><span style=\"letter-spacing: 0.01rem;\"><br><\/span><\/p><p><span style=\"letter-spacing: 0.01rem;\">Gracias por su inter\u00e9s en Antea Alliance of Independent Firms. Para m\u00e1s informaci\u00f3n sobre la membres\u00eda por favor complete este formulario. Nos pondremos en contacto con usted muy pronto.<\/span><br><\/p><\/div><\/div><div class=\"vce-shortcode bg-white\"><div class=\"vce-shortcode-wrapper vce\" id=\"el-85ab1994\" data-vce-do-apply=\"all el-85ab1994\">\n<div class=\"wpcf7 no-js\" id=\"wpcf7-f608-o1\" lang=\"es-ES\" dir=\"ltr\" data-wpcf7-id=\"608\">\n<div class=\"screen-reader-response\"><p role=\"status\" aria-live=\"polite\" aria-atomic=\"true\"><\/p> <ul><\/ul><\/div>\n<form action=\"\/es\/wp-json\/wp\/v2\/pages\/447#wpcf7-f608-o1\" method=\"post\" class=\"wpcf7-form init\" aria-label=\"Formulario de contacto\" novalidate=\"novalidate\" data-status=\"init\">\n<fieldset class=\"hidden-fields-container\"><input type=\"hidden\" name=\"_wpcf7\" value=\"608\" \/><input type=\"hidden\" name=\"_wpcf7_version\" value=\"6.1.5\" \/><input type=\"hidden\" name=\"_wpcf7_locale\" value=\"es_ES\" \/><input type=\"hidden\" name=\"_wpcf7_unit_tag\" value=\"wpcf7-f608-o1\" \/><input type=\"hidden\" name=\"_wpcf7_container_post\" value=\"0\" \/><input type=\"hidden\" name=\"_wpcf7_posted_data_hash\" value=\"\" \/><input type=\"hidden\" name=\"_wpcf7_recaptcha_response\" value=\"\" \/>\n<\/fieldset>\n<p><label><span class=\"w-35\">Nombre de la empresa (*)<\/span><span class=\"w-65\"><span class=\"wpcf7-form-control-wrap\" data-name=\"company-es\"><input size=\"40\" maxlength=\"400\" class=\"wpcf7-form-control wpcf7-text wpcf7-validates-as-required\" aria-required=\"true\" aria-invalid=\"false\" value=\"\" type=\"text\" name=\"company-es\" \/><\/span><\/span><\/label>\n<\/p>\n<p><label><span class=\"w-35\">Web<\/span><span class=\"w-65\"><span class=\"wpcf7-form-control-wrap\" data-name=\"web-es\"><input size=\"40\" maxlength=\"400\" class=\"wpcf7-form-control wpcf7-text\" aria-invalid=\"false\" value=\"\" type=\"text\" name=\"web-es\" \/><\/span><\/span><\/label>\n<\/p>\n<p><label><span class=\"w-35\">Persona de contacto (*)<\/span><span class=\"w-65\"><span class=\"wpcf7-form-control-wrap\" data-name=\"contactperson-es\"><input size=\"40\" maxlength=\"400\" class=\"wpcf7-form-control wpcf7-text wpcf7-validates-as-required\" aria-required=\"true\" aria-invalid=\"false\" value=\"\" type=\"text\" name=\"contactperson-es\" \/><\/span><\/span><\/label>\n<\/p>\n<p><label><span class=\"w-35\">e-mail (*)<\/span><span class=\"w-65\"><span class=\"wpcf7-form-control-wrap\" data-name=\"email-es\"><input size=\"40\" maxlength=\"400\" class=\"wpcf7-form-control wpcf7-email wpcf7-validates-as-required wpcf7-text wpcf7-validates-as-email\" aria-required=\"true\" aria-invalid=\"false\" value=\"\" type=\"email\" name=\"email-es\" \/><\/span><\/span><\/label>\n<\/p>\n<p><label><span class=\"w-35\">Tel\u00e9fono (*)<\/span><span class=\"w-65\"><span class=\"wpcf7-form-control-wrap\" data-name=\"phonetext-es\"><input size=\"40\" class=\"wpcf7-form-control wpcf7-phonetext wpcf7-validates-as-required wpcf7-text wpcf7-validates-as-phonetext\" aria-required=\"true\" aria-invalid=\"false\" value=\"\" type=\"text\" name=\"phonetext-es\" \/><input type=\"hidden\" name=\"phonetext-es-country-code\" class=\"wpcf7-phonetext-country-code\" \/><\/span><\/span><\/label>\n<\/p>\n<p><label><span class=\"w-35\">Ciudad (*)<\/span><span class=\"w-65\"><span class=\"wpcf7-form-control-wrap\" data-name=\"city-es\"><input size=\"40\" maxlength=\"400\" class=\"wpcf7-form-control wpcf7-text wpcf7-validates-as-required\" aria-required=\"true\" aria-invalid=\"false\" value=\"\" type=\"text\" name=\"city-es\" \/><\/span><\/span><\/label>\n<\/p>\n<p><label><span class=\"w-35\">Pa\u00eds (*)<\/span><span class=\"w-65\"><span class=\"wpcf7-form-control-wrap\" data-name=\"countrytext-es\"><input size=\"40\" class=\"wpcf7-form-control wpcf7-countrytext wpcf7-validates-as-required wpcf7-text wpcf7-validates-as-countrytext\" aria-required=\"true\" aria-invalid=\"false\" value=\"\" type=\"text\" name=\"countrytext-es\" \/><\/span><\/span><\/label>\n<\/p>\n<p><label><span class=\"w-35\">\u00c1rea de experiencia<\/span><span class=\"w-65\"><span class=\"wpcf7-form-control-wrap\" data-name=\"areaexpertise-es\"><input size=\"40\" maxlength=\"400\" class=\"wpcf7-form-control wpcf7-text\" aria-invalid=\"false\" value=\"\" type=\"text\" name=\"areaexpertise-es\" \/><\/span> <\/span><\/label>\n<\/p>\n<p><label><span class=\"w-35\">N\u00famero de socios (*)<\/span><span class=\"w-65\"><span class=\"wpcf7-form-control-wrap\" data-name=\"numberpartners-es\"><input class=\"wpcf7-form-control wpcf7-number wpcf7-validates-as-required wpcf7-validates-as-number\" aria-required=\"true\" aria-invalid=\"false\" value=\"\" type=\"number\" name=\"numberpartners-es\" \/><\/span> <\/span><\/label>\n<\/p>\n<p><label><span class=\"w-35\">N\u00famero de trabajadores (*)<\/span><span class=\"w-65\"><span class=\"wpcf7-form-control-wrap\" data-name=\"numberstaff-es\"><input class=\"wpcf7-form-control wpcf7-number wpcf7-validates-as-required wpcf7-validates-as-number\" aria-required=\"true\" aria-invalid=\"false\" value=\"\" type=\"number\" name=\"numberstaff-es\" \/><\/span><\/span><\/label>\n<\/p>\n<p><label><span class=\"w-35\">&nbsp;<\/span><span class=\"w-65\"><span class=\"wpcf7-form-control-wrap\" data-name=\"legalandprivacy-es\"><span class=\"wpcf7-form-control wpcf7-acceptance\"><span class=\"wpcf7-list-item\"><label><input type=\"checkbox\" name=\"legalandprivacy-es\" value=\"1\" aria-invalid=\"false\" \/><span class=\"wpcf7-list-item-label\">ANTEA en calidad de Responsable del Tratamiento, tratar\u00e1 los datos personales facilitados mediante este formulario con la finalidad de tramitar su solicitud de alta como miembro adherido a la red de ANTEA, gestionar su membres\u00eda y proporcionarle acceso a los beneficios y servicios asociados en l\u00ednea con los <a href=\"https:\/\/antea-int.com\/es\/terminos-de-uso\/\">T\u00e9rminos y condiciones de la membres\u00eda de ANTEA<\/a>. La base de legitimaci\u00f3n de este tratamiento es la ejecuci\u00f3n de un contrato en virtud de las condiciones legales que regulan la membres\u00eda. Para obtener m\u00e1s informaci\u00f3n, as\u00ed como instar el ejercicio de sus derechos consulte nuestra <a href=\"http:\/\/antea-int.com\/es\/aviso-legal-y-politica-de-privacidad\/\">Pol\u00edtica de Privacidad<\/a><\/span><\/label><\/span><\/span><\/span><\/span><\/label>\n<\/p>\n<p><label><span class=\"w-35\">&nbsp;<\/span><span class=\"w-65\"><input class=\"wpcf7-form-control wpcf7-submit has-spinner\" type=\"submit\" value=\"Enviar\" \/><\/span><\/label>\n<\/p><div class=\"wpcf7-response-output\" aria-hidden=\"true\"><\/div>\n<\/form>\n<\/div>\n<\/div><\/div><\/div><\/div><\/div><div class=\"vce-col vce-col--md-25p vce-col--xs-1 vce-col--xs-last vce-col--xs-first vce-col--sm-last vce-col--sm-first vce-col--md-last vce-col--lg-last vce-col--xl-last\" id=\"el-758ecee6\"><div class=\"vce-col-inner\" data-vce-do-apply=\"border margin background  el-758ecee6\"><div class=\"vce-content-background-container\"><\/div><div class=\"vce-col-content\" data-vce-element-content=\"true\" data-vce-do-apply=\"padding el-758ecee6\"><div class=\"vce-text-block bg-white\"><div class=\"vce-text-block-wrapper vce\" id=\"el-3762f420\" data-vce-do-apply=\"all el-3762f420\"><h2>Oficina ejecutiva<\/h2><hr style=\"border: 1px solid #eb2629; width: 100px; float: left;\"><p>&nbsp;<\/p><p>Mallorca, 260 \u00c1tico<br>08008 - Barcelona<br>Espa\u00f1a<\/p><p>Tel\u00e9fono: <a href=\"tel:+34932155989\">+34 93 215 59 89<\/a><\/p><p>Fax: <a href=\"fax:+34934872876\">+34 93 487 28 76<\/a><\/p><p>Email: <a href=\"mailto:info@antea-int.com\">info@antea-int.com<\/a><\/p><\/div><\/div><\/div><\/div><\/div><\/div><\/div><\/div>\n","protected":false},"excerpt":{"rendered":"<p>CONTACTA CON NOSOTROSTipo de consulta:\u00danete a ANTEAServicios al cliente\u00danete a ANTEAGracias por su inter\u00e9s en Antea Alliance of Independent Firms. Para m\u00e1s informaci\u00f3n sobre la membres\u00eda por favor complete este formulario. Nos pondremos en contacto con usted muy pronto.Oficina ejecutiva&nbsp;Mallorca, 260 \u00c1tico08008 &#8211; BarcelonaEspa\u00f1aTel\u00e9fono: +34 93 215 59 89Fax: +34 93 487 28 76Email: info@antea-int.com<\/p>\n","protected":false},"author":1,"featured_media":0,"parent":62,"menu_order":61,"comment_status":"closed","ping_status":"closed","template":"","meta":{"_acf_changed":false,"footnotes":""},"class_list":["post-447","page","type-page","status-publish","hentry"],"acf":[],"yoast_head":"<!-- This site is optimized with the Yoast SEO plugin v26.9 - https:\/\/yoast.com\/product\/yoast-seo-wordpress\/ -->\n<title>\u00danete a Antea : Antea<\/title>\n<meta name=\"robots\" content=\"index, follow, max-snippet:-1, max-image-preview:large, max-video-preview:-1\" \/>\n<link rel=\"canonical\" href=\"https:\/\/antea-int.com\/es\/contacta-con-antea\/unete-a-antea\/\" \/>\n<meta property=\"og:locale\" content=\"es_ES\" \/>\n<meta property=\"og:type\" content=\"article\" \/>\n<meta property=\"og:title\" content=\"\u00danete a Antea : Antea\" \/>\n<meta property=\"og:description\" content=\"CONTACTA CON NOSOTROSTipo de consulta:\u00danete a ANTEAServicios al cliente\u00danete a ANTEAGracias por su inter\u00e9s en Antea Alliance of Independent Firms. Para m\u00e1s informaci\u00f3n sobre la membres\u00eda por favor complete este formulario. Nos pondremos en contacto con usted muy pronto.Oficina ejecutiva&nbsp;Mallorca, 260 \u00c1tico08008 - BarcelonaEspa\u00f1aTel\u00e9fono: +34 93 215 59 89Fax: +34 93 487 28 76Email: info@antea-int.com\" \/>\n<meta property=\"og:url\" content=\"https:\/\/antea-int.com\/es\/contacta-con-antea\/unete-a-antea\/\" \/>\n<meta property=\"og:site_name\" content=\"Antea\" \/>\n<meta property=\"article:modified_time\" content=\"2023-10-26T10:58:43+00:00\" \/>\n<meta name=\"twitter:card\" content=\"summary_large_image\" \/>\n<meta name=\"twitter:site\" content=\"@AnteaAlliance\" \/>\n<script type=\"application\/ld+json\" class=\"yoast-schema-graph\">{\"@context\":\"https:\/\/schema.org\",\"@graph\":[{\"@type\":\"WebPage\",\"@id\":\"https:\/\/antea-int.com\/es\/contacta-con-antea\/unete-a-antea\/\",\"url\":\"https:\/\/antea-int.com\/es\/contacta-con-antea\/unete-a-antea\/\",\"name\":\"\u00danete a Antea : Antea\",\"isPartOf\":{\"@id\":\"https:\/\/antea-int.com\/#website\"},\"datePublished\":\"2018-10-29T19:22:18+00:00\",\"dateModified\":\"2023-10-26T10:58:43+00:00\",\"breadcrumb\":{\"@id\":\"https:\/\/antea-int.com\/es\/contacta-con-antea\/unete-a-antea\/#breadcrumb\"},\"inLanguage\":\"es\",\"potentialAction\":[{\"@type\":\"ReadAction\",\"target\":[\"https:\/\/antea-int.com\/es\/contacta-con-antea\/unete-a-antea\/\"]}]},{\"@type\":\"BreadcrumbList\",\"@id\":\"https:\/\/antea-int.com\/es\/contacta-con-antea\/unete-a-antea\/#breadcrumb\",\"itemListElement\":[{\"@type\":\"ListItem\",\"position\":1,\"name\":\"Home\",\"item\":\"https:\/\/antea-int.com\/es\/\"},{\"@type\":\"ListItem\",\"position\":2,\"name\":\"Contactar\",\"item\":\"https:\/\/antea-int.com\/es\/contacta-con-antea\/\"},{\"@type\":\"ListItem\",\"position\":3,\"name\":\"\u00danete a Antea\"}]},{\"@type\":\"WebSite\",\"@id\":\"https:\/\/antea-int.com\/#website\",\"url\":\"https:\/\/antea-int.com\/\",\"name\":\"Antea\",\"description\":\"Professional Solutions Wordlwide\",\"publisher\":{\"@id\":\"https:\/\/antea-int.com\/#organization\"},\"potentialAction\":[{\"@type\":\"SearchAction\",\"target\":{\"@type\":\"EntryPoint\",\"urlTemplate\":\"https:\/\/antea-int.com\/?s={search_term_string}\"},\"query-input\":{\"@type\":\"PropertyValueSpecification\",\"valueRequired\":true,\"valueName\":\"search_term_string\"}}],\"inLanguage\":\"es\"},{\"@type\":\"Organization\",\"@id\":\"https:\/\/antea-int.com\/#organization\",\"name\":\"Antea Alliance of independent firms\",\"url\":\"https:\/\/antea-int.com\/\",\"logo\":{\"@type\":\"ImageObject\",\"inLanguage\":\"es\",\"@id\":\"https:\/\/antea-int.com\/#\/schema\/logo\/image\/\",\"url\":\"https:\/\/antea-int.com\/wp-content\/uploads\/2024\/07\/cropped-Logo-Antea-150x150-1.png\",\"contentUrl\":\"https:\/\/antea-int.com\/wp-content\/uploads\/2024\/07\/cropped-Logo-Antea-150x150-1.png\",\"width\":150,\"height\":150,\"caption\":\"Antea Alliance of independent firms\"},\"image\":{\"@id\":\"https:\/\/antea-int.com\/#\/schema\/logo\/image\/\"},\"sameAs\":[\"https:\/\/x.com\/AnteaAlliance\",\"https:\/\/www.linkedin.com\/company\/2413082\/\",\"https:\/\/www.youtube.com\/channel\/UCXABuVrCci8n8oIisnnv9SA\"]}]}<\/script>\n<!-- \/ Yoast SEO plugin. -->","yoast_head_json":{"title":"\u00danete a Antea : Antea","robots":{"index":"index","follow":"follow","max-snippet":"max-snippet:-1","max-image-preview":"max-image-preview:large","max-video-preview":"max-video-preview:-1"},"canonical":"https:\/\/antea-int.com\/es\/contacta-con-antea\/unete-a-antea\/","og_locale":"es_ES","og_type":"article","og_title":"\u00danete a Antea : Antea","og_description":"CONTACTA CON NOSOTROSTipo de consulta:\u00danete a ANTEAServicios al cliente\u00danete a ANTEAGracias por su inter\u00e9s en Antea Alliance of Independent Firms. Para m\u00e1s informaci\u00f3n sobre la membres\u00eda por favor complete este formulario. Nos pondremos en contacto con usted muy pronto.Oficina ejecutiva&nbsp;Mallorca, 260 \u00c1tico08008 - BarcelonaEspa\u00f1aTel\u00e9fono: +34 93 215 59 89Fax: +34 93 487 28 76Email: info@antea-int.com","og_url":"https:\/\/antea-int.com\/es\/contacta-con-antea\/unete-a-antea\/","og_site_name":"Antea","article_modified_time":"2023-10-26T10:58:43+00:00","twitter_card":"summary_large_image","twitter_site":"@AnteaAlliance","schema":{"@context":"https:\/\/schema.org","@graph":[{"@type":"WebPage","@id":"https:\/\/antea-int.com\/es\/contacta-con-antea\/unete-a-antea\/","url":"https:\/\/antea-int.com\/es\/contacta-con-antea\/unete-a-antea\/","name":"\u00danete a Antea : Antea","isPartOf":{"@id":"https:\/\/antea-int.com\/#website"},"datePublished":"2018-10-29T19:22:18+00:00","dateModified":"2023-10-26T10:58:43+00:00","breadcrumb":{"@id":"https:\/\/antea-int.com\/es\/contacta-con-antea\/unete-a-antea\/#breadcrumb"},"inLanguage":"es","potentialAction":[{"@type":"ReadAction","target":["https:\/\/antea-int.com\/es\/contacta-con-antea\/unete-a-antea\/"]}]},{"@type":"BreadcrumbList","@id":"https:\/\/antea-int.com\/es\/contacta-con-antea\/unete-a-antea\/#breadcrumb","itemListElement":[{"@type":"ListItem","position":1,"name":"Home","item":"https:\/\/antea-int.com\/es\/"},{"@type":"ListItem","position":2,"name":"Contactar","item":"https:\/\/antea-int.com\/es\/contacta-con-antea\/"},{"@type":"ListItem","position":3,"name":"\u00danete a Antea"}]},{"@type":"WebSite","@id":"https:\/\/antea-int.com\/#website","url":"https:\/\/antea-int.com\/","name":"Antea","description":"Professional Solutions Wordlwide","publisher":{"@id":"https:\/\/antea-int.com\/#organization"},"potentialAction":[{"@type":"SearchAction","target":{"@type":"EntryPoint","urlTemplate":"https:\/\/antea-int.com\/?s={search_term_string}"},"query-input":{"@type":"PropertyValueSpecification","valueRequired":true,"valueName":"search_term_string"}}],"inLanguage":"es"},{"@type":"Organization","@id":"https:\/\/antea-int.com\/#organization","name":"Antea Alliance of independent firms","url":"https:\/\/antea-int.com\/","logo":{"@type":"ImageObject","inLanguage":"es","@id":"https:\/\/antea-int.com\/#\/schema\/logo\/image\/","url":"https:\/\/antea-int.com\/wp-content\/uploads\/2024\/07\/cropped-Logo-Antea-150x150-1.png","contentUrl":"https:\/\/antea-int.com\/wp-content\/uploads\/2024\/07\/cropped-Logo-Antea-150x150-1.png","width":150,"height":150,"caption":"Antea Alliance of independent firms"},"image":{"@id":"https:\/\/antea-int.com\/#\/schema\/logo\/image\/"},"sameAs":["https:\/\/x.com\/AnteaAlliance","https:\/\/www.linkedin.com\/company\/2413082\/","https:\/\/www.youtube.com\/channel\/UCXABuVrCci8n8oIisnnv9SA"]}]}},"_links":{"self":[{"href":"https:\/\/antea-int.com\/es\/wp-json\/wp\/v2\/pages\/447","targetHints":{"allow":["GET"]}}],"collection":[{"href":"https:\/\/antea-int.com\/es\/wp-json\/wp\/v2\/pages"}],"about":[{"href":"https:\/\/antea-int.com\/es\/wp-json\/wp\/v2\/types\/page"}],"author":[{"embeddable":true,"href":"https:\/\/antea-int.com\/es\/wp-json\/wp\/v2\/users\/1"}],"replies":[{"embeddable":true,"href":"https:\/\/antea-int.com\/es\/wp-json\/wp\/v2\/comments?post=447"}],"version-history":[{"count":3,"href":"https:\/\/antea-int.com\/es\/wp-json\/wp\/v2\/pages\/447\/revisions"}],"predecessor-version":[{"id":14761,"href":"https:\/\/antea-int.com\/es\/wp-json\/wp\/v2\/pages\/447\/revisions\/14761"}],"up":[{"embeddable":true,"href":"https:\/\/antea-int.com\/es\/wp-json\/wp\/v2\/pages\/62"}],"wp:attachment":[{"href":"https:\/\/antea-int.com\/es\/wp-json\/wp\/v2\/media?parent=447"}],"curies":[{"name":"wp","href":"https:\/\/api.w.org\/{rel}","templated":true}]}}