{"id":56,"date":"2018-10-17T21:15:04","date_gmt":"2018-10-17T20:15:04","guid":{"rendered":"http:\/\/antea-int.com\/?page_id=56"},"modified":"2024-05-16T16:39:35","modified_gmt":"2024-05-16T15:39:35","slug":"servicios","status":"publish","type":"page","link":"https:\/\/antea-int.com\/es\/servicios\/","title":{"rendered":"Servicios"},"content":{"rendered":"<div class=\"vce-row-container\"><div class=\"vce-row vce-element--has-background vce-row--col-gap-0 vce-row-no-paddings vce-row-content--top\" data-vce-full-width=\"true\" data-vce-stretch-content=\"true\" id=\"el-614d7511\" data-vce-do-apply=\"all el-614d7511\"><div class=\"vce-content-background-container\"><div class=\"vce-asset-background-simple-container vce-visible-all-only vce-asset-background-simple--style-cover vce-asset-background-simple--position-center-center\"><div class=\"vce-asset-background-simple\">\r\n              <div style='background-image: url(\"https:\/\/antea-int.com\/wp-content\/uploads\/2023\/09\/One_coordinated_solution_to_your_needs_worldwide.png\");'  class=\"vce-asset-background-simple-item vcv-lozad\" ><\/div>\r\n              <noscript>\r\n                <div class=\"vce-asset-background-simple-item\" style=\"background-image: url(https:\/\/antea-int.com\/wp-content\/uploads\/2023\/09\/One_coordinated_solution_to_your_needs_worldwide.png)\"><\/div>\r\n              <\/noscript>\r\n            <\/div><\/div><div class=\"vce-asset-color-gradient-container vce-visible-all-only\" data-vce-do-apply=\"gradient el-614d7511\"><\/div><\/div><div class=\"vce-row-content\" data-vce-element-content=\"true\"><div class=\"vce-col vce-col--md-auto vce-col--xs-1 vce-col--xs-last vce-col--xs-first vce-col--sm-last vce-col--sm-first vce-col--md-last vce-col--lg-last vce-col--xl-last vce-col--md-first vce-col--lg-first vce-col--xl-first\" id=\"el-b670dcb7\"><div class=\"vce-col-inner\" data-vce-do-apply=\"border margin background  el-b670dcb7\"><div class=\"vce-col-content\" data-vce-element-content=\"true\" data-vce-do-apply=\"padding el-b670dcb7\"><div class=\"vce-text-block\"><div class=\"vce-text-block-wrapper vce\" id=\"el-e689a62a\" data-vce-do-apply=\"all el-e689a62a\" data-vce-animate=\"vce-o-animate--None\"><h2 style=\"text-align: right;\"><span style=\"color: #ffffff; font-weight: 400; font-style: normal; font-family: Roboto;\">UNA SOLUCI\u00d3N COORDINADA <\/span><\/h2><h2 style=\"text-align: right;\"><span style=\"color: #ffffff; font-weight: 400; font-style: normal; font-family: Roboto;\">PARA CUBRIR SUS NECESIDADES <\/span><\/h2><h2 style=\"text-align: right;\"><span style=\"color: #ffffff; font-weight: 400; font-style: normal; font-family: Roboto;\">EN TODO EL MUNDO<\/span><\/h2><\/div><\/div><\/div><\/div><\/div><\/div><\/div><\/div><div class=\"vce-row-container\"><div class=\"vce-row vce-row--col-gap-0 vce-row-no-paddings vce-row-equal-height vce-row-content--top\" data-vce-full-width=\"true\" data-vce-stretch-content=\"true\" id=\"el-2f002378\" data-vce-do-apply=\"all el-2f002378\"><div class=\"vce-content-background-container\"><\/div><div class=\"vce-row-content\" data-vce-element-content=\"true\"><div class=\"vce-col vce-col--md-75p vce-col--xs-1 vce-col--xs-last vce-col--xs-first vce-col--sm-last vce-col--sm-first vce-col--md-first vce-col--lg-first vce-col--xl-first\" id=\"el-be84c4ae\"><div class=\"vce-col-inner\" data-vce-do-apply=\"border margin background  el-be84c4ae\" id=\"service-description\"><div class=\"vce-content-background-container\"><\/div><div class=\"vce-col-content\" data-vce-element-content=\"true\" data-vce-do-apply=\"padding el-be84c4ae\"><div class=\"vce-text-block\"><div class=\"vce-text-block-wrapper vce\" id=\"el-43a92e32\" data-vce-do-apply=\"all el-43a92e32\"><h2>Servicios<\/h2><hr style=\"border: 1px solid #eb2629; width: 100px; float: left;\"><p>&nbsp;<\/p><p>ANTEA es una Alianza de Firmas Independientes abierta y flexible, orientada a atender sus necesidades de la mejor manera posible, sea cual sea el pa\u00eds o regi\u00f3n donde realice sus actividades.<\/p><p>Nuestros miembros se sit\u00faan&nbsp; entre las firmas con mayor cualificaci\u00f3n dentro de sus mercados, siendo reconocidos por alcanzar la excelencia en la calidad de los servicios que ofrecen y por ser firmas profesionales de m\u00e1xima confianza<\/p><p>Los miembros de ANTEA ofrecen una amplia gama de servicios profesionales en auditor\u00eda, contabilidad, fiscal y legal, con especialidades complementarias en consultor\u00eda y finanzas corporativas.<\/p><\/div><\/div><\/div><\/div><\/div><div class=\"vce-col vce-col--md-25p vce-col--xs-1 vce-col--xs-last vce-col--xs-first vce-col--sm-last vce-col--sm-first vce-col--md-last vce-col--lg-last vce-col--xl-last\" id=\"el-796525dc\"><div class=\"vce-col-inner\" data-vce-do-apply=\"border margin background  el-796525dc\"><div class=\"vce-content-background-container\"><\/div><div class=\"vce-col-content\" data-vce-element-content=\"true\" data-vce-do-apply=\"padding el-796525dc\"><div class=\"vce-text-block\"><div class=\"vce-text-block-wrapper vce\" id=\"el-3d643e50\" data-vce-do-apply=\"all el-3d643e50\"><h4 style=\"font-family: Varela;\">Nuestros servicios<br><\/h4><\/div><\/div><div class=\"vce-button--style-outline-container vce-button--style-outline-container--align-center\"><span class=\"vce-button--style-outline-wrapper vce vce-button--style-outline-wrapper--stretched\" id=\"el-d90f0940\" data-vce-do-apply=\"margin el-d90f0940\"><a class=\"vce-button vce-button--style-outline-animated vce-button--style-outline--border-square vce-button--style-outline--size-medium vce-button--style-outline-animated--color-b-85-85-85--fff--3d3d3d vce-button--style-outline-animated--border-color-b-85-85-85--3d3d3d vce-button--style-outline-animated--background-color-3d3d3d\" href=\"http:\/\/antea-int.com\/es\/servicios\/auditoria-de-cuentas\/\" title=\"\" data-vce-do-apply=\"padding border background  el-d90f0940\"><span class=\"vce-button--style-outline-text\">Auditor\u00eda de Cuentas<\/span><\/a><\/span><\/div><div class=\"vce-button--style-outline-container vce-button--style-outline-container--align-center\"><span class=\"vce-button--style-outline-wrapper vce vce-button--style-outline-wrapper--stretched\" id=\"el-4cb8d3ed\" data-vce-do-apply=\"margin el-4cb8d3ed\"><a class=\"vce-button vce-button--style-outline-animated vce-button--style-outline--border-square vce-button--style-outline--size-medium vce-button--style-outline-animated--color-b-85-85-85--fff--3d3d3d vce-button--style-outline-animated--border-color-b-85-85-85--3d3d3d vce-button--style-outline-animated--background-color-3d3d3d\" href=\"http:\/\/antea-int.com\/es\/servicios\/asesoria\/\" title=\"\" data-vce-do-apply=\"padding border background  el-4cb8d3ed\"><span class=\"vce-button--style-outline-text\">Asesor\u00eda<\/span><\/a><\/span><\/div><div class=\"vce-button--style-outline-container vce-button--style-outline-container--align-center\"><span class=\"vce-button--style-outline-wrapper vce vce-button--style-outline-wrapper--stretched\" id=\"el-1da3c840\" data-vce-do-apply=\"margin el-1da3c840\"><a class=\"vce-button vce-button--style-outline-animated vce-button--style-outline--border-square vce-button--style-outline--size-medium vce-button--style-outline-animated--color-b-85-85-85--fff--3d3d3d vce-button--style-outline-animated--border-color-b-85-85-85--3d3d3d vce-button--style-outline-animated--background-color-3d3d3d\" href=\"http:\/\/antea-int.com\/es\/servicios\/consultoria\/\" title=\"\" data-vce-do-apply=\"padding border background  el-1da3c840\"><span class=\"vce-button--style-outline-text\">Consultor\u00eda<\/span><\/a><\/span><\/div><div class=\"vce-button--style-outline-container vce-button--style-outline-container--align-center\"><span class=\"vce-button--style-outline-wrapper vce vce-button--style-outline-wrapper--stretched\" id=\"el-d67ccb36\" data-vce-do-apply=\"margin el-d67ccb36\"><a class=\"vce-button vce-button--style-outline-animated vce-button--style-outline--border-square vce-button--style-outline--size-medium vce-button--style-outline-animated--color-b-85-85-85--fff--3d3d3d vce-button--style-outline-animated--border-color-b-85-85-85--3d3d3d vce-button--style-outline-animated--background-color-3d3d3d\" href=\"http:\/\/antea-int.com\/es\/servicios\/finanzas-corporativas\/\" title=\"\" data-vce-do-apply=\"padding border background  el-d67ccb36\"><span class=\"vce-button--style-outline-text\">Finanzas Corporativas<\/span><\/a><\/span><\/div><div class=\"vce-button--style-outline-container vce-button--style-outline-container--align-center\"><span class=\"vce-button--style-outline-wrapper vce vce-button--style-outline-wrapper--stretched\" id=\"el-caf74b36\" data-vce-do-apply=\"margin el-caf74b36\"><a class=\"vce-button vce-button--style-outline-animated vce-button--style-outline--border-square vce-button--style-outline--size-medium vce-button--style-outline-animated--color-b-85-85-85--fff--3d3d3d vce-button--style-outline-animated--border-color-b-85-85-85--3d3d3d vce-button--style-outline-animated--background-color-3d3d3d\" href=\"http:\/\/antea-int.com\/es\/servicios\/empresa-familiar\/\" title=\"\" data-vce-do-apply=\"padding border background  el-caf74b36\"><span class=\"vce-button--style-outline-text\">Empresa Familiar<\/span><\/a><\/span><\/div><div class=\"vce-button--style-outline-container vce-button--style-outline-container--align-center\"><span class=\"vce-button--style-outline-wrapper vce vce-button--style-outline-wrapper--stretched\" id=\"el-95a44cf8\" data-vce-do-apply=\"margin el-95a44cf8\"><a class=\"vce-button vce-button--style-outline-animated vce-button--style-outline--border-square vce-button--style-outline--size-medium vce-button--style-outline-animated--color-b-85-85-85--fff--3d3d3d vce-button--style-outline-animated--border-color-b-85-85-85--3d3d3d vce-button--style-outline-animated--background-color-3d3d3d\" href=\"http:\/\/antea-int.com\/es\/servicios\/externalizacion\/\" title=\"\" data-vce-do-apply=\"padding border background  el-95a44cf8\"><span class=\"vce-button--style-outline-text\">Externalizaci\u00f3n<\/span><\/a><\/span><\/div><\/div><\/div><\/div><\/div><\/div><\/div><div class=\"vce-row-container\"><div class=\"vce-row vce-element--has-background vce-row--col-gap-20 vce-row-no-paddings vce-row-content--top\" data-vce-full-width=\"true\" data-vce-stretch-content=\"true\" id=\"el-f29c9ad7\" data-vce-do-apply=\"all el-f29c9ad7\"><div class=\"vce-content-background-container\"><div class=\"vce-asset-background-simple-container vce-visible-all-only vce-asset-background-simple--style-cover vce-asset-background-simple--position-center-center\"><div class=\"vce-asset-background-simple\"><div class=\"vce-asset-background-simple-item\" style=\"background-image: url('https:\/\/antea-int.com\/wp-content\/uploads\/2019\/01\/contact-our-professionals-2.png');\"><\/div><\/div><\/div><div class=\"vce-asset-color-gradient-container vce-visible-all-only\" data-vce-do-apply=\"gradient el-f29c9ad7\"><\/div><\/div><div class=\"vce-row-content\" data-vce-element-content=\"true\"><div class=\"vce-col vce-col--md-auto vce-col--xs-1 vce-col--xs-last vce-col--xs-first vce-col--sm-last vce-col--sm-first vce-col--md-last vce-col--lg-last vce-col--xl-last vce-col--md-first vce-col--lg-first vce-col--xl-first\" id=\"el-e30481a6\"><div class=\"vce-col-inner\" data-vce-do-apply=\"border margin background  el-e30481a6\"><div class=\"vce-col-content\" data-vce-element-content=\"true\" data-vce-do-apply=\"padding el-e30481a6\"><div class=\"vce-button--style-basic-container vce-button--style-basic-container--align-center\"><span class=\"vce-button--style-basic-wrapper vce\" id=\"el-d017deee\" data-vce-do-apply=\"margin el-d017deee\"><a class=\"vce-button vce-button--style-basic vce-button--style-basic--border-square vce-button--style-basic--size-large vce-button--style-basic--color-ba-0-0-0-0-8--fff\" href=\"http:\/\/antea-int.com\/es\/miembros\/\" title=\"\" data-vce-do-apply=\"padding border background  el-d017deee\">CONTACTAR CON NUESTROS PROFESIONALES<\/a><\/span><\/div><\/div><\/div><\/div><\/div><\/div><\/div><div class=\"vce-row-container\"><div class=\"vce-row vce-row--col-gap-0 vce-row-no-paddings vce-row-content--top\" data-vce-full-width=\"true\" data-vce-stretch-content=\"true\" id=\"el-290a4319\" data-vce-do-apply=\"all el-290a4319\"><div class=\"vce-content-background-container\"><\/div><div class=\"vce-row-content\" data-vce-element-content=\"true\"><div class=\"vce-col vce-col--md-100p vce-col--xs-1 vce-col--xs-last vce-col--xs-first vce-col--sm-last vce-col--sm-first vce-col--md-last vce-col--lg-last vce-col--xl-last vce-col--md-first vce-col--lg-first vce-col--xl-first\" id=\"el-d1318169\"><div class=\"vce-col-inner\" data-vce-do-apply=\"border margin background  el-d1318169\"><div class=\"vce-col-content\" data-vce-element-content=\"true\" data-vce-do-apply=\"padding el-d1318169\"><div class=\"vce-text-block disclaimer\"><div class=\"vce-text-block-wrapper vce\" id=\"el-0fff10fd\" data-vce-do-apply=\"all el-0fff10fd\"><p><em>Disclaimer<\/em><br><em>ANTEA es una asociaci\u00f3n de firmas profesionales independientes. Los servicios profesionales son prestados por firmas miembro, cada una de ellas son entidades con personalidad jur\u00eddica propia e independiente. Ninguna firma miembro es responsable de los actos u omisiones de otra firma miembro derivados de su pertenencia a ANTEA.&nbsp;<\/em><\/p><\/div><\/div><\/div><\/div><\/div><\/div><\/div><\/div>\n","protected":false},"excerpt":{"rendered":"<p>UNA SOLUCI\u00d3N COORDINADA PARA CUBRIR SUS NECESIDADES EN TODO EL MUNDOServicios&nbsp;ANTEA es una Alianza de Firmas Independientes abierta y flexible, orientada a atender sus necesidades de la mejor manera posible, sea cual sea el pa\u00eds o regi\u00f3n donde realice sus actividades.Nuestros miembros se sit\u00faan&nbsp; entre las firmas con mayor cualificaci\u00f3n dentro de sus mercados, siendo [&hellip;]<\/p>\n","protected":false},"author":1,"featured_media":0,"parent":0,"menu_order":30,"comment_status":"closed","ping_status":"closed","template":"","meta":{"_acf_changed":false,"footnotes":""},"class_list":["post-56","page","type-page","status-publish","hentry"],"acf":[],"yoast_head":"<!-- This site is optimized with the Yoast SEO plugin v26.9 - https:\/\/yoast.com\/product\/yoast-seo-wordpress\/ -->\n<title>Servicios : Antea<\/title>\n<meta name=\"description\" content=\"ANTEA es una Alianza Internacional de servicios profesionales con sede en Barcelona, presente actualmente en m\u00e1s de 70 pa\u00edses.\" \/>\n<meta name=\"robots\" content=\"index, follow, max-snippet:-1, max-image-preview:large, max-video-preview:-1\" \/>\n<link rel=\"canonical\" href=\"https:\/\/antea-int.com\/es\/servicios\/\" \/>\n<meta property=\"og:locale\" content=\"es_ES\" \/>\n<meta property=\"og:type\" content=\"article\" \/>\n<meta property=\"og:title\" content=\"Servicios : Antea\" \/>\n<meta property=\"og:description\" content=\"ANTEA es una Alianza Internacional de servicios profesionales con sede en Barcelona, presente actualmente en m\u00e1s de 70 pa\u00edses.\" \/>\n<meta property=\"og:url\" content=\"https:\/\/antea-int.com\/es\/servicios\/\" \/>\n<meta property=\"og:site_name\" content=\"Antea\" \/>\n<meta property=\"article:modified_time\" content=\"2024-05-16T15:39:35+00:00\" \/>\n<meta name=\"twitter:card\" content=\"summary_large_image\" \/>\n<meta name=\"twitter:site\" content=\"@AnteaAlliance\" \/>\n<meta name=\"twitter:label1\" content=\"Tiempo de lectura\" \/>\n\t<meta name=\"twitter:data1\" content=\"1 minuto\" \/>\n<script type=\"application\/ld+json\" class=\"yoast-schema-graph\">{\"@context\":\"https:\/\/schema.org\",\"@graph\":[{\"@type\":\"WebPage\",\"@id\":\"https:\/\/antea-int.com\/es\/servicios\/\",\"url\":\"https:\/\/antea-int.com\/es\/servicios\/\",\"name\":\"Servicios : Antea\",\"isPartOf\":{\"@id\":\"https:\/\/antea-int.com\/#website\"},\"datePublished\":\"2018-10-17T20:15:04+00:00\",\"dateModified\":\"2024-05-16T15:39:35+00:00\",\"description\":\"ANTEA es una Alianza Internacional de servicios profesionales con sede en Barcelona, presente actualmente en m\u00e1s de 70 pa\u00edses.\",\"breadcrumb\":{\"@id\":\"https:\/\/antea-int.com\/es\/servicios\/#breadcrumb\"},\"inLanguage\":\"es\",\"potentialAction\":[{\"@type\":\"ReadAction\",\"target\":[\"https:\/\/antea-int.com\/es\/servicios\/\"]}]},{\"@type\":\"BreadcrumbList\",\"@id\":\"https:\/\/antea-int.com\/es\/servicios\/#breadcrumb\",\"itemListElement\":[{\"@type\":\"ListItem\",\"position\":1,\"name\":\"Home\",\"item\":\"https:\/\/antea-int.com\/es\/\"},{\"@type\":\"ListItem\",\"position\":2,\"name\":\"Servicios\"}]},{\"@type\":\"WebSite\",\"@id\":\"https:\/\/antea-int.com\/#website\",\"url\":\"https:\/\/antea-int.com\/\",\"name\":\"Antea\",\"description\":\"Professional Solutions Wordlwide\",\"publisher\":{\"@id\":\"https:\/\/antea-int.com\/#organization\"},\"potentialAction\":[{\"@type\":\"SearchAction\",\"target\":{\"@type\":\"EntryPoint\",\"urlTemplate\":\"https:\/\/antea-int.com\/?s={search_term_string}\"},\"query-input\":{\"@type\":\"PropertyValueSpecification\",\"valueRequired\":true,\"valueName\":\"search_term_string\"}}],\"inLanguage\":\"es\"},{\"@type\":\"Organization\",\"@id\":\"https:\/\/antea-int.com\/#organization\",\"name\":\"Antea Alliance of independent firms\",\"url\":\"https:\/\/antea-int.com\/\",\"logo\":{\"@type\":\"ImageObject\",\"inLanguage\":\"es\",\"@id\":\"https:\/\/antea-int.com\/#\/schema\/logo\/image\/\",\"url\":\"https:\/\/antea-int.com\/wp-content\/uploads\/2024\/07\/cropped-Logo-Antea-150x150-1.png\",\"contentUrl\":\"https:\/\/antea-int.com\/wp-content\/uploads\/2024\/07\/cropped-Logo-Antea-150x150-1.png\",\"width\":150,\"height\":150,\"caption\":\"Antea Alliance of independent firms\"},\"image\":{\"@id\":\"https:\/\/antea-int.com\/#\/schema\/logo\/image\/\"},\"sameAs\":[\"https:\/\/x.com\/AnteaAlliance\",\"https:\/\/www.linkedin.com\/company\/2413082\/\",\"https:\/\/www.youtube.com\/channel\/UCXABuVrCci8n8oIisnnv9SA\"]}]}<\/script>\n<!-- \/ Yoast SEO plugin. -->","yoast_head_json":{"title":"Servicios : Antea","description":"ANTEA es una Alianza Internacional de servicios profesionales con sede en Barcelona, presente actualmente en m\u00e1s de 70 pa\u00edses.","robots":{"index":"index","follow":"follow","max-snippet":"max-snippet:-1","max-image-preview":"max-image-preview:large","max-video-preview":"max-video-preview:-1"},"canonical":"https:\/\/antea-int.com\/es\/servicios\/","og_locale":"es_ES","og_type":"article","og_title":"Servicios : Antea","og_description":"ANTEA es una Alianza Internacional de servicios profesionales con sede en Barcelona, presente actualmente en m\u00e1s de 70 pa\u00edses.","og_url":"https:\/\/antea-int.com\/es\/servicios\/","og_site_name":"Antea","article_modified_time":"2024-05-16T15:39:35+00:00","twitter_card":"summary_large_image","twitter_site":"@AnteaAlliance","twitter_misc":{"Tiempo de lectura":"1 minuto"},"schema":{"@context":"https:\/\/schema.org","@graph":[{"@type":"WebPage","@id":"https:\/\/antea-int.com\/es\/servicios\/","url":"https:\/\/antea-int.com\/es\/servicios\/","name":"Servicios : Antea","isPartOf":{"@id":"https:\/\/antea-int.com\/#website"},"datePublished":"2018-10-17T20:15:04+00:00","dateModified":"2024-05-16T15:39:35+00:00","description":"ANTEA es una Alianza Internacional de servicios profesionales con sede en Barcelona, presente actualmente en m\u00e1s de 70 pa\u00edses.","breadcrumb":{"@id":"https:\/\/antea-int.com\/es\/servicios\/#breadcrumb"},"inLanguage":"es","potentialAction":[{"@type":"ReadAction","target":["https:\/\/antea-int.com\/es\/servicios\/"]}]},{"@type":"BreadcrumbList","@id":"https:\/\/antea-int.com\/es\/servicios\/#breadcrumb","itemListElement":[{"@type":"ListItem","position":1,"name":"Home","item":"https:\/\/antea-int.com\/es\/"},{"@type":"ListItem","position":2,"name":"Servicios"}]},{"@type":"WebSite","@id":"https:\/\/antea-int.com\/#website","url":"https:\/\/antea-int.com\/","name":"Antea","description":"Professional Solutions Wordlwide","publisher":{"@id":"https:\/\/antea-int.com\/#organization"},"potentialAction":[{"@type":"SearchAction","target":{"@type":"EntryPoint","urlTemplate":"https:\/\/antea-int.com\/?s={search_term_string}"},"query-input":{"@type":"PropertyValueSpecification","valueRequired":true,"valueName":"search_term_string"}}],"inLanguage":"es"},{"@type":"Organization","@id":"https:\/\/antea-int.com\/#organization","name":"Antea Alliance of independent firms","url":"https:\/\/antea-int.com\/","logo":{"@type":"ImageObject","inLanguage":"es","@id":"https:\/\/antea-int.com\/#\/schema\/logo\/image\/","url":"https:\/\/antea-int.com\/wp-content\/uploads\/2024\/07\/cropped-Logo-Antea-150x150-1.png","contentUrl":"https:\/\/antea-int.com\/wp-content\/uploads\/2024\/07\/cropped-Logo-Antea-150x150-1.png","width":150,"height":150,"caption":"Antea Alliance of independent firms"},"image":{"@id":"https:\/\/antea-int.com\/#\/schema\/logo\/image\/"},"sameAs":["https:\/\/x.com\/AnteaAlliance","https:\/\/www.linkedin.com\/company\/2413082\/","https:\/\/www.youtube.com\/channel\/UCXABuVrCci8n8oIisnnv9SA"]}]}},"_links":{"self":[{"href":"https:\/\/antea-int.com\/es\/wp-json\/wp\/v2\/pages\/56","targetHints":{"allow":["GET"]}}],"collection":[{"href":"https:\/\/antea-int.com\/es\/wp-json\/wp\/v2\/pages"}],"about":[{"href":"https:\/\/antea-int.com\/es\/wp-json\/wp\/v2\/types\/page"}],"author":[{"embeddable":true,"href":"https:\/\/antea-int.com\/es\/wp-json\/wp\/v2\/users\/1"}],"replies":[{"embeddable":true,"href":"https:\/\/antea-int.com\/es\/wp-json\/wp\/v2\/comments?post=56"}],"version-history":[{"count":5,"href":"https:\/\/antea-int.com\/es\/wp-json\/wp\/v2\/pages\/56\/revisions"}],"predecessor-version":[{"id":15181,"href":"https:\/\/antea-int.com\/es\/wp-json\/wp\/v2\/pages\/56\/revisions\/15181"}],"wp:attachment":[{"href":"https:\/\/antea-int.com\/es\/wp-json\/wp\/v2\/media?parent=56"}],"curies":[{"name":"wp","href":"https:\/\/api.w.org\/{rel}","templated":true}]}}