{"id":9254,"date":"2021-05-31T14:01:28","date_gmt":"2021-05-31T13:01:28","guid":{"rendered":"https:\/\/antea-int.com\/?page_id=9254"},"modified":"2024-07-09T09:14:27","modified_gmt":"2024-07-09T08:14:27","slug":"politica-de-cookies","status":"publish","type":"page","link":"https:\/\/antea-int.com\/es\/politica-de-cookies\/","title":{"rendered":"Pol\u00edtica de Cookies"},"content":{"rendered":"<div class=\"vce-row-container\" data-vce-boxed-width=\"true\"><div class=\"vce-row vce-row--col-gap-30 vce-row-content--top\" id=\"el-17044112\" data-vce-do-apply=\"all el-17044112\"><div class=\"vce-row-content\" data-vce-element-content=\"true\"><div class=\"vce-col vce-col--md-100p vce-col--xs-1 vce-col--xs-last vce-col--xs-first vce-col--sm-last vce-col--sm-first vce-col--md-last vce-col--lg-last vce-col--xl-last vce-col--md-first vce-col--lg-first vce-col--xl-first\" id=\"el-ada089ca\"><div class=\"vce-col-inner\" data-vce-do-apply=\"border margin background  el-ada089ca\"><div class=\"vce-col-content\" data-vce-element-content=\"true\" data-vce-do-apply=\"padding el-ada089ca\"><div class=\"vce-text-block bg-white\"><div class=\"vce-text-block-wrapper vce\" id=\"el-ced1b359\" data-vce-do-apply=\"all el-ced1b359\"><h1><strong>POL\u00cdTICA DE COOKIES<\/strong><\/h1><p>ANTEA Alianza de Firmas Independientes, en adelante ANTEA titular de esta p\u00e1gina web, en cumplimiento del art\u00edculo 22 de la Ley de Servicios de la Sociedad de la Informaci\u00f3n, le informamos sobre las cookies utilizadas en el sitio Web de ANTEA, para qu\u00e9 sirven y el motivo de su uso. Adem\u00e1s, explicamos c\u00f3mo puedes configurarlas o desactivarlas.<br>Para ello, te invitamos a leer la presente Pol\u00edtica de Cookies.<\/p><h2>\u00bfQU\u00c9 SON LAS COOKIES Y PARA QUE SE UTILIZAN?<\/h2><p>Las cookies son peque\u00f1os archivos de datos que se reciben en el terminal desde el sitio Web visitado y se usan para registrar ciertas interacciones de la navegaci\u00f3n en un sitio Web almacenando datos que podr\u00e1n ser actualizados y recuperados. Estos archivos se almacenan en el ordenador del usuario y contiene datos an\u00f3nimos que no son perjudiciales para su equipo. Se utilizan para recordar las preferencias del usuario, como el idioma seleccionado, datos de acceso o personalizaci\u00f3n de la p\u00e1gina.<br>Las Cookies tambi\u00e9n pueden ser utilizadas para registrar informaci\u00f3n an\u00f3nima acerca de c\u00f3mo un visitante utiliza un sitio. Por ejemplo, desde qu\u00e9 p\u00e1gina Web ha accedido, o si ha utilizado un \"banner\" publicitario para llegar.<\/p><h2>\u00bfQU\u00c9 TIPOS DE COOKIES EXISTEN Y CU\u00c1L ES SU USO?<\/h2><p>Seg\u00fan su finalidad:<\/p><table style=\"width: 100%; border-collapse: collapse;\" cellpadding=\"5\" border=\"1\"><tbody><tr><td style=\"width: 50%;\">Cookies t\u00e9cnicas<\/td><td style=\"width: 50%;\">Las cookies t\u00e9cnicas son aquellas facilitan la navegaci\u00f3n del usuario y la utilizaci\u00f3n de las diferentes opciones o servicios que ofrece la Web como identificar la sesi\u00f3n, permitir el acceso a determinadas \u00e1reas, facilitar pedidos, compras, cumplimentaci\u00f3n de formularios, inscripciones, seguridad, facilitar funcionalidades (videos, redes sociales\u2026).<\/td><\/tr><tr><td style=\"width: 50%;\">Cookies de personalizaci\u00f3n<\/td><td style=\"width: 50%;\">Las cookies de personalizaci\u00f3n permiten al usuario acceder a los servicios seg\u00fan sus preferencias (idioma, navegador, configuraci\u00f3n\u2026).<\/td><\/tr><tr><td style=\"width: 50%;\">Cookies anal\u00edticas<\/td><td style=\"width: 50%;\">Las cookies de an\u00e1lisis son las utilizadas para llevar a cabo el an\u00e1lisis an\u00f3nimo del comportamiento de los usuarios de la Web y que permiten medir la actividad del usuario y elaborar perfiles de navegaci\u00f3n con el fin objetivo de mejorar los sitios Web.<\/td><\/tr><tr><td style=\"width: 50%;\">Cookies publicitarias<\/td><td style=\"width: 50%;\">Las cookies publicitarias permiten la gesti\u00f3n de los espacios publicitarios de la Web. Adem\u00e1s, estas cookies pueden ser de publicidad personalizada y permitir as\u00ed la gesti\u00f3n de los espacios publicitarios de la Web en base al comportamiento y h\u00e1bitos de navegaci\u00f3n de usuario, de donde se obtiene su perfil y permiten personalizar la publicidad que se muestra en el navegador del usuario u otros perfiles y redes sociales del usuario.<\/td><\/tr><\/tbody><\/table><p>Seg\u00fan su plazo:<\/p><table style=\"width: 100%; border-collapse: collapse;\" cellpadding=\"5\" border=\"1\"><tbody><tr><td style=\"width: 50%;\">Cookies de sesi\u00f3n<\/td><td style=\"width: 50%;\">Las cookies de sesi\u00f3n son aquellas que duran el tiempo que el usuario est\u00e1 navegando por la p\u00e1gina Web y se borran al cerrar el navegador.<\/td><\/tr><tr><td style=\"width: 50%;\">Cookies persistentes<\/td><td style=\"width: 50%;\">Estas cookies quedan almacenadas en el terminal del usuario hasta que son eliminadas manualmente o haya concluido el periodo de duraci\u00f3n establecido para dicha cookie.<\/td><\/tr><\/tbody><\/table><p>Seg\u00fan su titularidad:<\/p><table style=\"width: 100%; border-collapse: collapse;\" cellpadding=\"5\" border=\"1\"><tbody><tr><td style=\"width: 50%;\">Cookies propias<\/td><td style=\"width: 50%;\">Aqu\u00e9llas que se env\u00edan al equipo terminal del usuario desde un equipo o dominio gestionado por el propio editor y desde el que se presta el servicio solicitado por el usuario.<\/td><\/tr><tr><td style=\"width: 50%;\">Cookies de terceros<\/td><td style=\"width: 50%;\">Aqu\u00e9llas que se env\u00edan al equipo terminal del usuario desde un equipo o dominio que no es gestionado por el editor, sino por otra entidad que trata los datos obtenidos trav\u00e9s de las cookies.<\/td><\/tr><\/tbody><\/table><h2>COOKIES UTILIZADOS POR ANTEA:<\/h2><p>A continuaci\u00f3n, explicamos qu\u00e9 cookies utilizan las p\u00e1ginas del sitio Web de ANTEA, su finalidad y caracter\u00edsticas.<\/p><h3>NECESARIAS:<\/h3><p>ANTEA no utiliza cookies para recopilar informaci\u00f3n de los usuarios que acceden y\/o naveguen por ella. \u00danicamente se emplean cookies propias con finalidad t\u00e9cnica para facilitar el correcto funcionamiento de la web y permitir a los usuarios la navegaci\u00f3n en ella y el acceso a las diferentes funcionalidades, opciones y servicios. Estas, no requieren el consentimiento del Usuario por estar exceptuadas de las obligaciones establecidas en el art\u00edculo 22 de la Ley 34\/2002, de 11 de julio de Servicios de la Sociedad de Informaci\u00f3n y Comercio Electr\u00f3nico (LSSI).<\/p><p>\u25aa COOKIES PROPIAS Y DE TERCEROS:<\/p><p>Las siguientes tablas recogen la clasificaci\u00f3n y descripci\u00f3n de las cookies utilizadas en la presente p\u00e1gina Web para que puedas identificarlas en tu navegador:<\/p><p><strong>1. Propias<\/strong><\/p><table style=\"width: 100%; border-collapse: collapse;\" cellpadding=\"5\" border=\"1\"><tbody><tr><td style=\"width: 20%;\">Nombre<\/td><td style=\"width: 20%;\">Titular<\/td><td style=\"width: 20%;\">Descripci\u00f3n<\/td><td style=\"width: 20%;\">Finalidad<\/td><td style=\"width: 20%;\">Duraci\u00f3n<\/td><\/tr><tr><td style=\"width: 20%;\"><strong>ASP.NET_sessionID<\/strong><\/td><td style=\"width: 20%;\">Cookie propia<\/td><td style=\"width: 20%;\">Sesi\u00f3n del visitante para funcionalidad interna de la Web.<\/td><td style=\"width: 20%;\">T\u00e9cnica.<\/td><td style=\"width: 20%;\">Al finalizar la sesi\u00f3n con el navegador. \/ 1 hora<\/td><\/tr><\/tbody><\/table><p><strong>2. Terceros<\/strong><\/p><table style=\"width: 100%; border-collapse: collapse;\" cellpadding=\"5\" border=\"1\"><tbody><tr style=\"height: 24px;\"><td style=\"width: 20%; height: 24px;\">Nombre<\/td><td style=\"width: 20%; height: 24px;\">Titular<\/td><td style=\"width: 20%; height: 24px;\">Descripci\u00f3n<\/td><td style=\"width: 20%; height: 24px;\">Finalidad<\/td><td style=\"width: 20%; height: 24px;\">Duraci\u00f3n<\/td><\/tr><tr style=\"height: 24px;\"><td style=\"width: 20%; height: 24px;\"><strong>_ga<\/strong><\/td><td style=\"width: 20%; height: 24px;\">Google Analytics<\/td><td style=\"width: 20%; height: 24px;\">Sesiones de los visitantes.<\/td><td style=\"width: 20%; height: 24px;\">Anal\u00edtica.<\/td><td style=\"width: 20%; height: 24px;\">2 a\u00f1os.<\/td><\/tr><tr style=\"height: 24px;\"><td style=\"width: 20%; height: 24px;\"><strong>_gid<\/strong><\/td><td style=\"width: 20%; height: 24px;\">Google Analytics<\/td><td style=\"width: 20%; height: 24px;\">Sesiones de los visitantes.<\/td><td style=\"width: 20%; height: 24px;\">Anal\u00edtica.<\/td><td style=\"width: 20%; height: 24px;\">24 horas desde el final de la \u00faltima visita.<\/td><\/tr><tr style=\"height: 24px;\"><td style=\"width: 20%; height: 24px;\"><strong>_gat<\/strong><\/td><td style=\"width: 20%; height: 24px;\">Google Analytics<\/td><td style=\"width: 20%; height: 24px;\">Sesiones de los visitantes.<\/td><td style=\"width: 20%; height: 24px;\">Anal\u00edtica.<\/td><td style=\"width: 20%; height: 24px;\">1 minuto<\/td><\/tr><tr style=\"height: 48px;\"><td style=\"width: 20%; height: 48px;\"><strong>_GRECAPTCHA<\/strong><\/td><td style=\"width: 20%; height: 48px;\">Google Recaptcha<\/td><td style=\"width: 20%; height: 48px;\">Utilizada por el servicio GOOGLE RECAPTCHA en los formularios para evitar SPAM.<\/td><td style=\"width: 20%; height: 48px;\">Anal\u00edtica.<\/td><td style=\"width: 20%; height: 48px;\">6 meses<\/td><\/tr><\/tbody><\/table><p>3. Preferencias<\/p><table style=\"width: 100%; border-collapse: collapse;\" cellpadding=\"5\" border=\"1\"><tbody><tr><td style=\"width: 20%;\">Nombre<\/td><td style=\"width: 20%;\">Titular<\/td><td style=\"width: 20%;\">Descripci\u00f3n<\/td><td style=\"width: 20%;\">Finalidad<\/td><td style=\"width: 20%;\">Duraci\u00f3n<\/td><\/tr><tr><td style=\"width: 20%;\"><strong>NID<\/strong><\/td><td style=\"width: 20%;\">Google<\/td><td style=\"width: 20%;\">Almacenar las preferencias del usuario y la informaci\u00f3n durante la visualizaci\u00f3n de las p\u00e1ginas con los mapas de Google.<\/td><td style=\"width: 20%;\">Personalizaci\u00f3n<\/td><td style=\"width: 20%;\">6 meses<\/td><\/tr><\/tbody><\/table><p>4. Publicitarias<\/p><table style=\"height: 96px; width: 100%; border-collapse: collapse;\" cellpadding=\"5\" border=\"1\"><tbody><tr style=\"height: 24px;\"><td style=\"width: 20%; height: 24px;\">Nombre<\/td><td style=\"width: 20%; height: 24px;\">Titular<\/td><td style=\"width: 20%; height: 24px;\">Descripci\u00f3n<\/td><td style=\"width: 20%; height: 24px;\">Finalidad<\/td><td style=\"width: 20%; height: 24px;\">Duraci\u00f3n<\/td><\/tr><tr style=\"height: 24px;\"><td style=\"width: 20%; height: 24px;\"><strong>IDE<\/strong><\/td><td style=\"width: 20%; height: 24px;\">Doubleclick.net<\/td><td style=\"width: 20%; height: 24px;\">Mostrar anuncios de Google<\/td><td style=\"width: 20%; height: 24px;\">Publicitaria<\/td><td style=\"width: 20%; height: 24px;\">1 a\u00f1o<\/td><\/tr><tr style=\"height: 24px;\"><td style=\"width: 20%; height: 24px;\"><strong>1P_JAR<\/strong><\/td><td style=\"width: 20%; height: 24px;\">Google<\/td><td style=\"width: 20%; height: 24px;\">Transfiere datos a Google para hacer la publicidad m\u00e1s atractiva<\/td><td style=\"width: 20%; height: 24px;\">Publicitaria<\/td><td style=\"width: 20%; height: 24px;\">1 mes<\/td><\/tr><tr style=\"height: 24px;\"><td style=\"width: 20%; height: 24px;\"><strong>CONSENT<\/strong><\/td><td style=\"width: 20%; height: 24px;\">Google<\/td><td style=\"width: 20%; height: 24px;\">Almacenar el estado de consentimiento de cookies del usuario en el \u00e1mbito de las redes sociales.<\/td><td style=\"width: 20%; height: 24px;\">Publicitaria<\/td><td style=\"width: 20%; height: 24px;\">20 a\u00f1os<\/td><\/tr><\/tbody><\/table><h2>Cambios en la pol\u00edtica de cookies<\/h2><p>Es posible que actualicemos la Pol\u00edtica de Cookies de nuestra p\u00e1gina Web. Por ello, le recomendamos revisar esta pol\u00edtica cada vez que acceda a nuestro sitio web con el objetivo de estar adecuadamente informado sobre c\u00f3mo y para qu\u00e9 usamos las cookies.<\/p><h2>Pol\u00edtica de Privacidad<\/h2><p>Puede leer nuestra <a href=\"https:\/\/antea-int.com\/es\/aviso-legal-y-politica-de-privacidad\/\">pol\u00edtica de privacidad<\/a> para una mayor informaci\u00f3n sobre el tratamiento d datos personales.<\/p><h2>Contacto<\/h2><p>Si tuviera alguna duda, comentario o sugerencia sobre la Pol\u00edtica de Cookies, por favor escriba a:<a href=\"mailto:info@antea-int.com\"> info@antea-int.com<\/a>.<\/p><\/div><\/div><\/div><\/div><\/div><\/div><\/div><\/div>\n","protected":false},"excerpt":{"rendered":"<p>POL\u00cdTICA DE COOKIESANTEA Alianza de Firmas Independientes, en adelante ANTEA titular de esta p\u00e1gina web, en cumplimiento del art\u00edculo 22 de la Ley de Servicios de la Sociedad de la Informaci\u00f3n, le informamos sobre las cookies utilizadas en el sitio Web de ANTEA, para qu\u00e9 sirven y el motivo de su uso. Adem\u00e1s, explicamos c\u00f3mo [&hellip;]<\/p>\n","protected":false},"author":1,"featured_media":0,"parent":0,"menu_order":100,"comment_status":"closed","ping_status":"closed","template":"","meta":{"_acf_changed":false,"footnotes":""},"class_list":["post-9254","page","type-page","status-publish","hentry"],"acf":[],"yoast_head":"<!-- This site is optimized with the Yoast SEO plugin v26.9 - https:\/\/yoast.com\/product\/yoast-seo-wordpress\/ -->\n<title>Pol\u00edtica de Cookies : Antea<\/title>\n<meta name=\"robots\" content=\"noindex, nofollow\" \/>\n<meta property=\"og:locale\" content=\"es_ES\" \/>\n<meta property=\"og:type\" content=\"article\" \/>\n<meta property=\"og:title\" content=\"Pol\u00edtica de Cookies : Antea\" \/>\n<meta property=\"og:description\" content=\"POL\u00cdTICA DE COOKIESANTEA Alianza de Firmas Independientes, en adelante ANTEA titular de esta p\u00e1gina web, en cumplimiento del art\u00edculo 22 de la Ley de Servicios de la Sociedad de la Informaci\u00f3n, le informamos sobre las cookies utilizadas en el sitio Web de ANTEA, para qu\u00e9 sirven y el motivo de su uso. Adem\u00e1s, explicamos c\u00f3mo [&hellip;]\" \/>\n<meta property=\"og:url\" content=\"https:\/\/antea-int.com\/es\/politica-de-cookies\/\" \/>\n<meta property=\"og:site_name\" content=\"Antea\" \/>\n<meta property=\"article:modified_time\" content=\"2024-07-09T08:14:27+00:00\" \/>\n<meta name=\"twitter:card\" content=\"summary_large_image\" \/>\n<meta name=\"twitter:site\" content=\"@AnteaAlliance\" \/>\n<meta name=\"twitter:label1\" content=\"Tiempo de lectura\" \/>\n\t<meta name=\"twitter:data1\" content=\"5 minutos\" \/>\n<script type=\"application\/ld+json\" class=\"yoast-schema-graph\">{\"@context\":\"https:\/\/schema.org\",\"@graph\":[{\"@type\":\"WebPage\",\"@id\":\"https:\/\/antea-int.com\/es\/politica-de-cookies\/\",\"url\":\"https:\/\/antea-int.com\/es\/politica-de-cookies\/\",\"name\":\"Pol\u00edtica de Cookies : Antea\",\"isPartOf\":{\"@id\":\"https:\/\/antea-int.com\/#website\"},\"datePublished\":\"2021-05-31T13:01:28+00:00\",\"dateModified\":\"2024-07-09T08:14:27+00:00\",\"breadcrumb\":{\"@id\":\"https:\/\/antea-int.com\/es\/politica-de-cookies\/#breadcrumb\"},\"inLanguage\":\"es\",\"potentialAction\":[{\"@type\":\"ReadAction\",\"target\":[\"https:\/\/antea-int.com\/es\/politica-de-cookies\/\"]}]},{\"@type\":\"BreadcrumbList\",\"@id\":\"https:\/\/antea-int.com\/es\/politica-de-cookies\/#breadcrumb\",\"itemListElement\":[{\"@type\":\"ListItem\",\"position\":1,\"name\":\"Home\",\"item\":\"https:\/\/antea-int.com\/es\/\"},{\"@type\":\"ListItem\",\"position\":2,\"name\":\"Pol\u00edtica de Cookies\"}]},{\"@type\":\"WebSite\",\"@id\":\"https:\/\/antea-int.com\/#website\",\"url\":\"https:\/\/antea-int.com\/\",\"name\":\"Antea\",\"description\":\"Professional Solutions Wordlwide\",\"publisher\":{\"@id\":\"https:\/\/antea-int.com\/#organization\"},\"potentialAction\":[{\"@type\":\"SearchAction\",\"target\":{\"@type\":\"EntryPoint\",\"urlTemplate\":\"https:\/\/antea-int.com\/?s={search_term_string}\"},\"query-input\":{\"@type\":\"PropertyValueSpecification\",\"valueRequired\":true,\"valueName\":\"search_term_string\"}}],\"inLanguage\":\"es\"},{\"@type\":\"Organization\",\"@id\":\"https:\/\/antea-int.com\/#organization\",\"name\":\"Antea Alliance of independent firms\",\"url\":\"https:\/\/antea-int.com\/\",\"logo\":{\"@type\":\"ImageObject\",\"inLanguage\":\"es\",\"@id\":\"https:\/\/antea-int.com\/#\/schema\/logo\/image\/\",\"url\":\"https:\/\/antea-int.com\/wp-content\/uploads\/2024\/07\/cropped-Logo-Antea-150x150-1.png\",\"contentUrl\":\"https:\/\/antea-int.com\/wp-content\/uploads\/2024\/07\/cropped-Logo-Antea-150x150-1.png\",\"width\":150,\"height\":150,\"caption\":\"Antea Alliance of independent firms\"},\"image\":{\"@id\":\"https:\/\/antea-int.com\/#\/schema\/logo\/image\/\"},\"sameAs\":[\"https:\/\/x.com\/AnteaAlliance\",\"https:\/\/www.linkedin.com\/company\/2413082\/\",\"https:\/\/www.youtube.com\/channel\/UCXABuVrCci8n8oIisnnv9SA\"]}]}<\/script>\n<!-- \/ Yoast SEO plugin. -->","yoast_head_json":{"title":"Pol\u00edtica de Cookies : Antea","robots":{"index":"noindex","follow":"nofollow"},"og_locale":"es_ES","og_type":"article","og_title":"Pol\u00edtica de Cookies : Antea","og_description":"POL\u00cdTICA DE COOKIESANTEA Alianza de Firmas Independientes, en adelante ANTEA titular de esta p\u00e1gina web, en cumplimiento del art\u00edculo 22 de la Ley de Servicios de la Sociedad de la Informaci\u00f3n, le informamos sobre las cookies utilizadas en el sitio Web de ANTEA, para qu\u00e9 sirven y el motivo de su uso. Adem\u00e1s, explicamos c\u00f3mo [&hellip;]","og_url":"https:\/\/antea-int.com\/es\/politica-de-cookies\/","og_site_name":"Antea","article_modified_time":"2024-07-09T08:14:27+00:00","twitter_card":"summary_large_image","twitter_site":"@AnteaAlliance","twitter_misc":{"Tiempo de lectura":"5 minutos"},"schema":{"@context":"https:\/\/schema.org","@graph":[{"@type":"WebPage","@id":"https:\/\/antea-int.com\/es\/politica-de-cookies\/","url":"https:\/\/antea-int.com\/es\/politica-de-cookies\/","name":"Pol\u00edtica de Cookies : Antea","isPartOf":{"@id":"https:\/\/antea-int.com\/#website"},"datePublished":"2021-05-31T13:01:28+00:00","dateModified":"2024-07-09T08:14:27+00:00","breadcrumb":{"@id":"https:\/\/antea-int.com\/es\/politica-de-cookies\/#breadcrumb"},"inLanguage":"es","potentialAction":[{"@type":"ReadAction","target":["https:\/\/antea-int.com\/es\/politica-de-cookies\/"]}]},{"@type":"BreadcrumbList","@id":"https:\/\/antea-int.com\/es\/politica-de-cookies\/#breadcrumb","itemListElement":[{"@type":"ListItem","position":1,"name":"Home","item":"https:\/\/antea-int.com\/es\/"},{"@type":"ListItem","position":2,"name":"Pol\u00edtica de Cookies"}]},{"@type":"WebSite","@id":"https:\/\/antea-int.com\/#website","url":"https:\/\/antea-int.com\/","name":"Antea","description":"Professional Solutions Wordlwide","publisher":{"@id":"https:\/\/antea-int.com\/#organization"},"potentialAction":[{"@type":"SearchAction","target":{"@type":"EntryPoint","urlTemplate":"https:\/\/antea-int.com\/?s={search_term_string}"},"query-input":{"@type":"PropertyValueSpecification","valueRequired":true,"valueName":"search_term_string"}}],"inLanguage":"es"},{"@type":"Organization","@id":"https:\/\/antea-int.com\/#organization","name":"Antea Alliance of independent firms","url":"https:\/\/antea-int.com\/","logo":{"@type":"ImageObject","inLanguage":"es","@id":"https:\/\/antea-int.com\/#\/schema\/logo\/image\/","url":"https:\/\/antea-int.com\/wp-content\/uploads\/2024\/07\/cropped-Logo-Antea-150x150-1.png","contentUrl":"https:\/\/antea-int.com\/wp-content\/uploads\/2024\/07\/cropped-Logo-Antea-150x150-1.png","width":150,"height":150,"caption":"Antea Alliance of independent firms"},"image":{"@id":"https:\/\/antea-int.com\/#\/schema\/logo\/image\/"},"sameAs":["https:\/\/x.com\/AnteaAlliance","https:\/\/www.linkedin.com\/company\/2413082\/","https:\/\/www.youtube.com\/channel\/UCXABuVrCci8n8oIisnnv9SA"]}]}},"_links":{"self":[{"href":"https:\/\/antea-int.com\/es\/wp-json\/wp\/v2\/pages\/9254","targetHints":{"allow":["GET"]}}],"collection":[{"href":"https:\/\/antea-int.com\/es\/wp-json\/wp\/v2\/pages"}],"about":[{"href":"https:\/\/antea-int.com\/es\/wp-json\/wp\/v2\/types\/page"}],"author":[{"embeddable":true,"href":"https:\/\/antea-int.com\/es\/wp-json\/wp\/v2\/users\/1"}],"replies":[{"embeddable":true,"href":"https:\/\/antea-int.com\/es\/wp-json\/wp\/v2\/comments?post=9254"}],"version-history":[{"count":8,"href":"https:\/\/antea-int.com\/es\/wp-json\/wp\/v2\/pages\/9254\/revisions"}],"predecessor-version":[{"id":11545,"href":"https:\/\/antea-int.com\/es\/wp-json\/wp\/v2\/pages\/9254\/revisions\/11545"}],"wp:attachment":[{"href":"https:\/\/antea-int.com\/es\/wp-json\/wp\/v2\/media?parent=9254"}],"curies":[{"name":"wp","href":"https:\/\/api.w.org\/{rel}","templated":true}]}}