{"id":9264,"date":"2021-05-31T15:08:25","date_gmt":"2021-05-31T14:08:25","guid":{"rendered":"https:\/\/antea-int.com\/?page_id=9264"},"modified":"2024-07-09T09:15:16","modified_gmt":"2024-07-09T08:15:16","slug":"terminos-de-uso","status":"publish","type":"page","link":"https:\/\/antea-int.com\/es\/terminos-de-uso\/","title":{"rendered":"T\u00e9rminos de uso"},"content":{"rendered":"<div class=\"vce-row-container\" data-vce-boxed-width=\"true\"><div class=\"vce-row vce-row--col-gap-30 vce-row-content--top\" id=\"el-97bb745f\" data-vce-do-apply=\"all el-97bb745f\"><div class=\"vce-row-content\" data-vce-element-content=\"true\"><div class=\"vce-col vce-col--md-100p vce-col--xs-1 vce-col--xs-last vce-col--xs-first vce-col--sm-last vce-col--sm-first vce-col--md-last vce-col--lg-last vce-col--xl-last vce-col--md-first vce-col--lg-first vce-col--xl-first\" id=\"el-8a130425\"><div class=\"vce-col-inner\" data-vce-do-apply=\"border margin background  el-8a130425\"><div class=\"vce-col-content\" data-vce-element-content=\"true\" data-vce-do-apply=\"padding el-8a130425\"><div class=\"vce-text-block bg-white\"><div class=\"vce-text-block-wrapper vce\" id=\"el-80b2be69\" data-vce-do-apply=\"all el-80b2be69\"><h1 data-wahfont=\"22\"><strong>T\u00c9RMINOS DE USO<\/strong><\/h1><p data-wahpro-txt-style=\"\" data-wahfont=\"16\">En cumplimiento de la Ley 34\/2002, de Servicios de la Sociedad de la Informaci\u00f3n y Comercio Electr\u00f3nico, ANTEA informa al Usuario de la Web: http:\/\/www.antea-int.com, que el acceso, navegaci\u00f3n y utilizaci\u00f3n de la misma implica la aceptaci\u00f3n expresa de todos los t\u00e9rminos incluidos en las presentes Condiciones de Uso y su cumplimiento ser\u00e1 exigible respecto de cualquier persona que acceda, navegue o utilice dicha Web.&nbsp;<\/p><h2 data-wahfont=\"22\"><strong>IDENTIFICACI\u00d3N<\/strong><\/h2><p data-wahpro-txt-style=\"\" data-wahfont=\"16\"><a href=\"http:\/\/www.antea-int.com\/\" data-wahpro-txt-style=\"\" data-wahfont=\"16\">http:\/\/www.antea-int.com\/<\/a>&nbsp;&nbsp;(en adelante la Web):<\/p><p data-wahpro-txt-style=\"\" data-wahfont=\"16\">Denominaci\u00f3n Social: ANTEA Alianza de Firmas Independientes<\/p><p data-wahpro-txt-style=\"\" data-wahfont=\"16\">C.I.F: G64979966<\/p><p data-wahpro-txt-style=\"\" data-wahfont=\"16\">Domicilio Social: Calle Mallorca 260, \u00e1tico, 08008 de Barcelona (ESPA\u00d1A)<\/p><p data-wahpro-txt-style=\"\" data-wahfont=\"16\">Correo electr\u00f3nico:&nbsp;<a href=\"mailto:info@antea-int.com\" data-wahpro-txt-style=\"\" data-wahfont=\"16\">info@antea-int.com<\/a><\/p><p data-wahpro-txt-style=\"\" data-wahfont=\"16\">Inscrita en el Registro de asociaciones, con n\u00famero 39.190, debidamente constituida por un periodo de tiempo indefinido mediante Escritura P\u00fablica autorizada por el Notario P\u00fablico de Barcelona; Sr. Miguel Angel Campo G\u00fcerri, el 28 de octubre de 2008, con el n\u00famero de protocolo 3.505.<\/p><h2 data-wahfont=\"22\"><strong>OBJETO Y \u00c1MBITO DE APLICACI\u00d3N<\/strong><\/h2><p data-wahpro-txt-style=\"\" data-wahfont=\"16\">Las presentes Condiciones de Uso tienen por objeto regular el acceso, la navegaci\u00f3n y la utilizaci\u00f3n de la Web por el Usuario, sin perjuicio del derecho que ANTEA se reserva a modificarlas.<\/p><p data-wahpro-txt-style=\"\" data-wahfont=\"16\">El acceso, la navegaci\u00f3n y la utilizaci\u00f3n de los contenidos de la Web por parte del Usuario tras la entrada en vigor de Condiciones modificadas suponen la aceptaci\u00f3n de las mismas.<\/p><p data-wahpro-txt-style=\"\" data-wahfont=\"16\">A efectos de interpretaci\u00f3n, entendemos que una persona pasa a ser Usuario de la Web en el momento en que \u00e9ste acceda, navegue y\/o utilice los contenidos de la Web y acepta las Condiciones de Uso y la Pol\u00edtica de Privacidad establecidas.<\/p><h2 data-wahfont=\"22\"><strong>RESPONSABILIDADES<\/strong><\/h2><p data-wahpro-txt-style=\"\" data-wahfont=\"16\">ANTEA no se hace responsable:<\/p><ol data-wahfont=\"16\"><li data-wahpro-txt-style=\"\">del inadecuado funcionamiento y\/o errores de la Web si ello obedece a labores de mantenimiento, a incidencias, a un defectuoso funcionamiento del terminal o su insuficiente capacidad para soportar los sistemas indispensables para hacer uso del servicio.<\/li><li data-wahpro-txt-style=\"\">de los virus y\/o dem\u00e1s componentes da\u00f1inos en la Web o en el servidor que la suministra<\/li><li data-wahpro-txt-style=\"\">los da\u00f1os que se genere al Usuario en caso de imposibilidad de prestar el servicio debido a supuestos de caso fortuito, fuerza mayor u otras causas no imputables a ANTEA.<\/li><li data-wahpro-txt-style=\"\">los perjuicios que cause, a s\u00ed mismo o a un tercero, cualquier persona que infringiera las Condiciones de Uso que ANTEA establece en la Web o a trav\u00e9s de la vulneraci\u00f3n de los sistemas de seguridad de la Web.<\/li><li data-wahpro-txt-style=\"\">de la informaci\u00f3n publicada en su Web, siempre que esta informaci\u00f3n haya sido manipulada o introducida por un tercero.<\/li><\/ol><p data-wahpro-txt-style=\"\" data-wahfont=\"16\">ANTEA declara que ha adoptado todas las medidas necesarias, dentro de sus posibilidades y del estado de la t\u00e9cnica, para garantizar el funcionamiento de la Web y reducir al m\u00ednimo los errores del sistema, tanto desde el punto de vista t\u00e9cnico como legal y organizativo.<\/p><p data-wahpro-txt-style=\"\" data-wahfont=\"16\">ANTEA adoptar\u00e1 las medidas oportunas para asegurar una respuesta r\u00e1pida, sin responsabilizarse por los retrasos que sean debidos a los servicios de telecomunicaciones.<\/p><p data-wahpro-txt-style=\"\" data-wahfont=\"16\">Asimismo, ANTEA no se hace responsable de la informaci\u00f3n almacenada en blogs, comentarios, redes sociales o cualesquier otro medio que permita a terceros publicar informaci\u00f3n en su Web.<\/p><h2 data-wahfont=\"22\"><strong>REGLAS DE ACCESO Y USO DE LOS CONTENIDOS<\/strong><\/h2><p data-wahpro-txt-style=\"\" data-wahfont=\"16\">En particular, y sin que el siguiente listado tenga car\u00e1cter absoluto, queda prohibido:<\/p><ol data-wahfont=\"16\"><li data-wahpro-txt-style=\"\">Obtener los contenidos facilitados en la Web por medios il\u00edcitos, fraudulentos, robo o plagio.<\/li><li data-wahpro-txt-style=\"\">Utilizar alguno de los servicios y contenidos que ANTEA pone a su disposici\u00f3n, con fines il\u00edcitos.<\/li><li data-wahpro-txt-style=\"\">Realizar cualquier actividad que pudiera da\u00f1ar, sobrecargar, deteriorar o impedir la actividad normal de la Web o en el ordenador de un tercero.<\/li><li data-wahpro-txt-style=\"\">Usar la Web para la transmisi\u00f3n, instalaci\u00f3n o publicaci\u00f3n de cualquier virus, c\u00f3digo malicioso u otros programas o archivos perjudiciales;<\/li><li data-wahpro-txt-style=\"\">Acceder sin autorizaci\u00f3n a cualquier secci\u00f3n de la Web, a otros sistemas o redes conectadas, a ning\u00fan servidor de ANTEA, ni a los servicios ofrecidos a trav\u00e9s de la Web, por medio de pirateo o falsificaci\u00f3n, extracci\u00f3n de contrase\u00f1as o cualquier otro medio ileg\u00edtimo;<\/li><\/ol><p data-wahpro-txt-style=\"\" data-wahfont=\"16\">En el supuesto de que el Usuario causare da\u00f1os a terceros, por hacer uso de cualquier servicio y contenido facilitados a trav\u00e9s de la Web, exonera expresamente a ANTEA, de cualquier responsabilidad que le pudiera ser imputada. A tales efectos, el Usuario asumir\u00e1 la responsabilidad exclusiva que pudiera derivarse.<\/p><p data-wahpro-txt-style=\"\" data-wahfont=\"16\">ANTEA se reserva el derecho de ejercicio de las acciones legales oportunas en caso de incumplimiento de cualquiera de las anteriores obligaciones por parte del Usuario.<\/p><h2 data-wahfont=\"22\"><strong>ENLACES A OTRAS P\u00c1GINAS WEB<\/strong><\/h2><p data-wahpro-txt-style=\"\" data-wahfont=\"16\">ANTEA no controla los contenidos, ni las Condiciones de Uso ni la Pol\u00edtica de Privacidad de las Webs de terceros.<\/p><p data-wahpro-txt-style=\"\" data-wahfont=\"16\">Asimismo, ANTEA no ser\u00e1 responsable de la disponibilidad de dichas Webs y no suscribe ning\u00fan tipo de publicidad, productos o servicio ofrecidos en las mismas.<\/p><p data-wahpro-txt-style=\"\" data-wahfont=\"16\">El Usuario acepta que ANTEA no ser\u00e1 responsable de las p\u00e9rdidas o da\u00f1os en que el Usuario pueda incurrir a consecuencia de la disponibilidad de las mencionadas Webs.<\/p><p data-wahpro-txt-style=\"\" data-wahfont=\"16\">De otro lado, el Usuario que quiera introducir enlaces a la Web de ANTEA desde su propia Web estar\u00e1 obligado a cumplir las siguientes condiciones:<\/p><ol data-wahfont=\"16\"><li data-wahpro-txt-style=\"\">Deber\u00e1 obtener una autorizaci\u00f3n previa de ANTEA.<\/li><li data-wahpro-txt-style=\"\">El enlace \u00fanicamente vincular\u00e1 con la Web a trav\u00e9s de su direcci\u00f3n de Internet.<\/li><li data-wahpro-txt-style=\"\">Desde la Web que realice el enlace no podr\u00e1 efectuarse ning\u00fan tipo de manifestaci\u00f3n falsa o inexacta sobre ANTEA.<\/li><li data-wahpro-txt-style=\"\">La Web que establezca el enlace deber\u00e1 observar la legalidad vigente y no podr\u00e1 enlazar con contenidos il\u00edcitos, nocivos, contrarios a la moral y a las buenas costumbres.<\/li><\/ol><p data-wahpro-txt-style=\"\" data-wahfont=\"16\">En todo caso ANTEA, se reserva el derecho de prohibir o inutilizar en cualquier momento cualquier hiperenlace a esta Web.<\/p><h2 data-wahfont=\"22\"><strong>PROPIEDAD INTELECTUAL E INDUSTRIAL<\/strong><\/h2><p data-wahpro-txt-style=\"\" data-wahfont=\"16\">ANTEA es titular o cuenta que las licencias correspondientes sobre los derechos de Propiedad Intelectual e Industrial de los elementos que integran el dise\u00f1o de la Web, como la marca, nombre comercial o signo distintivo. En particular, est\u00e1n protegidos por los derechos de autor, los logos, combinaciones de colores, la selecci\u00f3n y la forma de presentaci\u00f3n, el c\u00f3digo fuente de la Web, los men\u00fas, los botones de navegaci\u00f3n, el c\u00f3digo HTML, los textos, fotograf\u00edas, gr\u00e1ficos, as\u00ed como cualquier otro contenido de la Web relativo a los servicios, contenidos y\/o herramientas facilitados por ANTEA.<\/p><p data-wahpro-txt-style=\"\" data-wahfont=\"16\">En ning\u00fan caso se entender\u00e1 que el acceso, navegaci\u00f3n y utilizaci\u00f3n de la Web por parte del Usuario implica una renuncia, transmisi\u00f3n o cesi\u00f3n total o parcial de dichos derechos por parte de ANTEA.<\/p><p data-wahpro-txt-style=\"\" data-wahfont=\"16\">El Usuario podr\u00e1 visualizar, imprimir y copiar los contenidos de esta Web para su uso privado, quedando prohibido su utilizaci\u00f3n con fines comerciales o el ejercicio de los derechos de explotaci\u00f3n: reproducci\u00f3n, distribuci\u00f3n, comunicaci\u00f3n p\u00fablica, puesta de disposici\u00f3n y transformaci\u00f3n, de la totalidad o parte de los contenidos incluidos en la Web, si no se cuenta con la autorizaci\u00f3n previa, expresa y por escrito de ANTEA.<\/p><h2 data-wahfont=\"22\"><strong>SUSPENSI\u00d3N DEL SITIO WEB<\/strong><\/h2><p data-wahpro-txt-style=\"\" data-wahfont=\"16\">ANTEA se reserva el derecho a suspender, modificar, restringir o interrumpir, ya sea temporal o permanentemente, el acceso, navegaci\u00f3n, uso, alojamiento y\/o descarga del contenido y\/o uso de servicios de la Web, con o sin previa notificaci\u00f3n, sin que medie la posibilidad del Usuario de exigir indemnizaci\u00f3n alguna por esta causa.<\/p><h2 data-wahfont=\"22\"><strong>LEGISLACI\u00d3N JURISDICCI\u00d3N APLICABLE<\/strong><\/h2><p data-wahpro-txt-style=\"\" data-wahfont=\"16\">Las presentes Condiciones de Uso se rigen por la normativa espa\u00f1ola vigente que le es de aplicaci\u00f3n.<\/p><p data-wahpro-txt-style=\"\" data-wahfont=\"16\">Para la resoluci\u00f3n de todas las controversias o cuestiones relacionadas con la&nbsp;presente Web, ser\u00e1 de aplicaci\u00f3n la legislaci\u00f3n espa\u00f1ola, a la que se someten expresamente las partes, siendo competentes para la resoluci\u00f3n de todas las controversias, que pudieran derivarse como consecuencia de lo dispuesto en las presentes disposiciones, los Juzgados y Tribunales de Madrid, as\u00ed como, en su caso, a los Tribunales Arbitrales de consumo.<\/p><p data-wahpro-txt-style=\"\" data-wahfont=\"16\">&nbsp;<\/p><\/div><\/div><\/div><\/div><\/div><\/div><\/div><\/div>\n","protected":false},"excerpt":{"rendered":"<p>T\u00c9RMINOS DE USOEn cumplimiento de la Ley 34\/2002, de Servicios de la Sociedad de la Informaci\u00f3n y Comercio Electr\u00f3nico, ANTEA informa al Usuario de la Web: http:\/\/www.antea-int.com, que el acceso, navegaci\u00f3n y utilizaci\u00f3n de la misma implica la aceptaci\u00f3n expresa de todos los t\u00e9rminos incluidos en las presentes Condiciones de Uso y su cumplimiento ser\u00e1 [&hellip;]<\/p>\n","protected":false},"author":1,"featured_media":0,"parent":0,"menu_order":100,"comment_status":"closed","ping_status":"closed","template":"","meta":{"_acf_changed":false,"footnotes":""},"class_list":["post-9264","page","type-page","status-publish","hentry"],"acf":[],"yoast_head":"<!-- This site is optimized with the Yoast SEO plugin v26.9 - https:\/\/yoast.com\/product\/yoast-seo-wordpress\/ -->\n<title>T\u00e9rminos de uso : Antea<\/title>\n<meta name=\"robots\" content=\"noindex, nofollow\" \/>\n<meta property=\"og:locale\" content=\"es_ES\" \/>\n<meta property=\"og:type\" content=\"article\" \/>\n<meta property=\"og:title\" content=\"T\u00e9rminos de uso : Antea\" \/>\n<meta property=\"og:description\" content=\"T\u00c9RMINOS DE USOEn cumplimiento de la Ley 34\/2002, de Servicios de la Sociedad de la Informaci\u00f3n y Comercio Electr\u00f3nico, ANTEA informa al Usuario de la Web: http:\/\/www.antea-int.com, que el acceso, navegaci\u00f3n y utilizaci\u00f3n de la misma implica la aceptaci\u00f3n expresa de todos los t\u00e9rminos incluidos en las presentes Condiciones de Uso y su cumplimiento ser\u00e1 [&hellip;]\" \/>\n<meta property=\"og:url\" content=\"https:\/\/antea-int.com\/es\/terminos-de-uso\/\" \/>\n<meta property=\"og:site_name\" content=\"Antea\" \/>\n<meta property=\"article:modified_time\" content=\"2024-07-09T08:15:16+00:00\" \/>\n<meta name=\"twitter:card\" content=\"summary_large_image\" \/>\n<meta name=\"twitter:site\" content=\"@AnteaAlliance\" \/>\n<meta name=\"twitter:label1\" content=\"Tiempo de lectura\" \/>\n\t<meta name=\"twitter:data1\" content=\"6 minutos\" \/>\n<script type=\"application\/ld+json\" class=\"yoast-schema-graph\">{\"@context\":\"https:\/\/schema.org\",\"@graph\":[{\"@type\":\"WebPage\",\"@id\":\"https:\/\/antea-int.com\/es\/terminos-de-uso\/\",\"url\":\"https:\/\/antea-int.com\/es\/terminos-de-uso\/\",\"name\":\"T\u00e9rminos de uso : Antea\",\"isPartOf\":{\"@id\":\"https:\/\/antea-int.com\/#website\"},\"datePublished\":\"2021-05-31T14:08:25+00:00\",\"dateModified\":\"2024-07-09T08:15:16+00:00\",\"breadcrumb\":{\"@id\":\"https:\/\/antea-int.com\/es\/terminos-de-uso\/#breadcrumb\"},\"inLanguage\":\"es\",\"potentialAction\":[{\"@type\":\"ReadAction\",\"target\":[\"https:\/\/antea-int.com\/es\/terminos-de-uso\/\"]}]},{\"@type\":\"BreadcrumbList\",\"@id\":\"https:\/\/antea-int.com\/es\/terminos-de-uso\/#breadcrumb\",\"itemListElement\":[{\"@type\":\"ListItem\",\"position\":1,\"name\":\"Home\",\"item\":\"https:\/\/antea-int.com\/es\/\"},{\"@type\":\"ListItem\",\"position\":2,\"name\":\"T\u00e9rminos de uso\"}]},{\"@type\":\"WebSite\",\"@id\":\"https:\/\/antea-int.com\/#website\",\"url\":\"https:\/\/antea-int.com\/\",\"name\":\"Antea\",\"description\":\"Professional Solutions Wordlwide\",\"publisher\":{\"@id\":\"https:\/\/antea-int.com\/#organization\"},\"potentialAction\":[{\"@type\":\"SearchAction\",\"target\":{\"@type\":\"EntryPoint\",\"urlTemplate\":\"https:\/\/antea-int.com\/?s={search_term_string}\"},\"query-input\":{\"@type\":\"PropertyValueSpecification\",\"valueRequired\":true,\"valueName\":\"search_term_string\"}}],\"inLanguage\":\"es\"},{\"@type\":\"Organization\",\"@id\":\"https:\/\/antea-int.com\/#organization\",\"name\":\"Antea Alliance of independent firms\",\"url\":\"https:\/\/antea-int.com\/\",\"logo\":{\"@type\":\"ImageObject\",\"inLanguage\":\"es\",\"@id\":\"https:\/\/antea-int.com\/#\/schema\/logo\/image\/\",\"url\":\"https:\/\/antea-int.com\/wp-content\/uploads\/2024\/07\/cropped-Logo-Antea-150x150-1.png\",\"contentUrl\":\"https:\/\/antea-int.com\/wp-content\/uploads\/2024\/07\/cropped-Logo-Antea-150x150-1.png\",\"width\":150,\"height\":150,\"caption\":\"Antea Alliance of independent firms\"},\"image\":{\"@id\":\"https:\/\/antea-int.com\/#\/schema\/logo\/image\/\"},\"sameAs\":[\"https:\/\/x.com\/AnteaAlliance\",\"https:\/\/www.linkedin.com\/company\/2413082\/\",\"https:\/\/www.youtube.com\/channel\/UCXABuVrCci8n8oIisnnv9SA\"]}]}<\/script>\n<!-- \/ Yoast SEO plugin. -->","yoast_head_json":{"title":"T\u00e9rminos de uso : Antea","robots":{"index":"noindex","follow":"nofollow"},"og_locale":"es_ES","og_type":"article","og_title":"T\u00e9rminos de uso : Antea","og_description":"T\u00c9RMINOS DE USOEn cumplimiento de la Ley 34\/2002, de Servicios de la Sociedad de la Informaci\u00f3n y Comercio Electr\u00f3nico, ANTEA informa al Usuario de la Web: http:\/\/www.antea-int.com, que el acceso, navegaci\u00f3n y utilizaci\u00f3n de la misma implica la aceptaci\u00f3n expresa de todos los t\u00e9rminos incluidos en las presentes Condiciones de Uso y su cumplimiento ser\u00e1 [&hellip;]","og_url":"https:\/\/antea-int.com\/es\/terminos-de-uso\/","og_site_name":"Antea","article_modified_time":"2024-07-09T08:15:16+00:00","twitter_card":"summary_large_image","twitter_site":"@AnteaAlliance","twitter_misc":{"Tiempo de lectura":"6 minutos"},"schema":{"@context":"https:\/\/schema.org","@graph":[{"@type":"WebPage","@id":"https:\/\/antea-int.com\/es\/terminos-de-uso\/","url":"https:\/\/antea-int.com\/es\/terminos-de-uso\/","name":"T\u00e9rminos de uso : Antea","isPartOf":{"@id":"https:\/\/antea-int.com\/#website"},"datePublished":"2021-05-31T14:08:25+00:00","dateModified":"2024-07-09T08:15:16+00:00","breadcrumb":{"@id":"https:\/\/antea-int.com\/es\/terminos-de-uso\/#breadcrumb"},"inLanguage":"es","potentialAction":[{"@type":"ReadAction","target":["https:\/\/antea-int.com\/es\/terminos-de-uso\/"]}]},{"@type":"BreadcrumbList","@id":"https:\/\/antea-int.com\/es\/terminos-de-uso\/#breadcrumb","itemListElement":[{"@type":"ListItem","position":1,"name":"Home","item":"https:\/\/antea-int.com\/es\/"},{"@type":"ListItem","position":2,"name":"T\u00e9rminos de uso"}]},{"@type":"WebSite","@id":"https:\/\/antea-int.com\/#website","url":"https:\/\/antea-int.com\/","name":"Antea","description":"Professional Solutions Wordlwide","publisher":{"@id":"https:\/\/antea-int.com\/#organization"},"potentialAction":[{"@type":"SearchAction","target":{"@type":"EntryPoint","urlTemplate":"https:\/\/antea-int.com\/?s={search_term_string}"},"query-input":{"@type":"PropertyValueSpecification","valueRequired":true,"valueName":"search_term_string"}}],"inLanguage":"es"},{"@type":"Organization","@id":"https:\/\/antea-int.com\/#organization","name":"Antea Alliance of independent firms","url":"https:\/\/antea-int.com\/","logo":{"@type":"ImageObject","inLanguage":"es","@id":"https:\/\/antea-int.com\/#\/schema\/logo\/image\/","url":"https:\/\/antea-int.com\/wp-content\/uploads\/2024\/07\/cropped-Logo-Antea-150x150-1.png","contentUrl":"https:\/\/antea-int.com\/wp-content\/uploads\/2024\/07\/cropped-Logo-Antea-150x150-1.png","width":150,"height":150,"caption":"Antea Alliance of independent firms"},"image":{"@id":"https:\/\/antea-int.com\/#\/schema\/logo\/image\/"},"sameAs":["https:\/\/x.com\/AnteaAlliance","https:\/\/www.linkedin.com\/company\/2413082\/","https:\/\/www.youtube.com\/channel\/UCXABuVrCci8n8oIisnnv9SA"]}]}},"_links":{"self":[{"href":"https:\/\/antea-int.com\/es\/wp-json\/wp\/v2\/pages\/9264","targetHints":{"allow":["GET"]}}],"collection":[{"href":"https:\/\/antea-int.com\/es\/wp-json\/wp\/v2\/pages"}],"about":[{"href":"https:\/\/antea-int.com\/es\/wp-json\/wp\/v2\/types\/page"}],"author":[{"embeddable":true,"href":"https:\/\/antea-int.com\/es\/wp-json\/wp\/v2\/users\/1"}],"replies":[{"embeddable":true,"href":"https:\/\/antea-int.com\/es\/wp-json\/wp\/v2\/comments?post=9264"}],"version-history":[{"count":4,"href":"https:\/\/antea-int.com\/es\/wp-json\/wp\/v2\/pages\/9264\/revisions"}],"predecessor-version":[{"id":11655,"href":"https:\/\/antea-int.com\/es\/wp-json\/wp\/v2\/pages\/9264\/revisions\/11655"}],"wp:attachment":[{"href":"https:\/\/antea-int.com\/es\/wp-json\/wp\/v2\/media?parent=9264"}],"curies":[{"name":"wp","href":"https:\/\/api.w.org\/{rel}","templated":true}]}}